{"id":1721,"date":"2020-07-10T08:38:15","date_gmt":"2020-07-10T06:38:15","guid":{"rendered":"https:\/\/www.lesjouetsvoyageurs.com\/?page_id=1721"},"modified":"2022-05-25T22:55:00","modified_gmt":"2022-05-25T20:55:00","slug":"carte-cadeau-naissance-anniversaire","status":"publish","type":"page","link":"https:\/\/www.lesjouetsvoyageurs.com\/location\/carte-cadeau-naissance-anniversaire\/","title":{"rendered":"Cadeau de naissance : notre carte cadeau d\u00e8s 29,90\u20ac"},"content":{"rendered":"\r\n\t<div id=\"gap-1428404946\" class=\"gap-element clearfix\" style=\"display:block; height:auto;\">\n\t\t\n<style>\n#gap-1428404946 {\n  padding-top: 30px;\n}\n<\/style>\n\t<\/div>\n\t <div class=\"row\" style=\"max-width:1400px\" id=\"row-369077594\"> \n\t<div id=\"col-1198534657\" class=\"col small-12 large-12\"  >\n\t\t\t\t<div class=\"col-inner\"  >\n\t\t\t\n\t\t\t \t<section class=\"section\" id=\"section_1884454285\">\n\t\t<div class=\"bg section-bg fill bg-fill  bg-loaded\" >\n\n\t\t\t\n\t\t\t\n\t\t\t\n\n\t\t<\/div>\n\n\t\t\n\n\t\t<div class=\"section-content relative\">\n\t\t\t <div class=\"row row-collapse align-middle align-right\"  id=\"row-1302842925\"> \n\t<div id=\"col-6636397\" class=\"col medium-12 small-12 large-7\"  >\n\t\t\t\t<div class=\"col-inner text-center dark\"  >\n\t\t\t\n\t\t\t \t<div class=\"img has-hover x md-x lg-x y md-y lg-y\" id=\"image_946416171\">\n\t\t\t\t\t\t\t\t<div class=\"img-inner dark\" >\n\t\t\t<img width=\"722\" height=\"513\" src=\"https:\/\/www.lesjouetsvoyageurs.com\/location\/wp-content\/uploads\/2020\/12\/cadeau.png\" class=\"attachment-large size-large\" alt=\"\" loading=\"lazy\" srcset=\"https:\/\/www.lesjouetsvoyageurs.com\/location\/wp-content\/uploads\/2020\/12\/cadeau.png 722w, https:\/\/www.lesjouetsvoyageurs.com\/location\/wp-content\/uploads\/2020\/12\/cadeau-563x400.png 563w, https:\/\/www.lesjouetsvoyageurs.com\/location\/wp-content\/uploads\/2020\/12\/cadeau-600x426.png 600w\" sizes=\"(max-width: 722px) 100vw, 722px\" title=\"\">\t\t\t\t\t\t\n\t\t\t\t\t<\/div>\n\t\t\t\t\t\t\t\t\n<style>\n#image_946416171 {\n  width: 100%;\n}\n<\/style>\n\t<\/div>\n\t \t\t<\/div>\n\t\t\t\t\n<style>\n#col-6636397 > .col-inner {\n  padding: 0px 0 0px 0px;\n}\n<\/style>\n\t<\/div>\n\n\t \n\t<div id=\"col-17548475\" class=\"col medium-12 small-12 large-5\"  >\n\t\t\t\t<div class=\"col-inner dark\"  >\n\t\t\t\n\t\t\t \t<div id=\"text-2965607641\" class=\"text\">\n\t\t\r\n<h1 style=\"font-size: 300%;\"><span style=\"color: #e14d43; font-size: 70%;\">Offrez une carte cadeau!<\/span><\/h1>\r\n<p class=\"lead\"><span style=\"color: #808080;\"><strong>Avec Les Jouets Voyageurs, vous offrez la libert\u00e9 et la d\u00e9couverte. <br \/><br \/>Ce sont les parents qui s\u00e9lectionnent les jouets de leur choix dans <a href=\"\/shop\">notre catalogue<\/a>. <\/strong><\/span><\/p>\r\n<p><span style=\"color: #808080; font-size: 110%;\">Un cadeau naissance ou anniversaire responsable pour accompagner l&rsquo;\u00e9veil et le d\u00e9veloppement des enfants de 6 mois \u00e0 6 ans.<\/span><\/p>\r\n\t\t\n<style>\n#text-2965607641 {\n  text-align: left;\n}\n<\/style>\n\t<\/div>\n\t <a href=\"#tarifs\" target=\"_self\" class=\"button primary is-large lowercase\"  style=\"border-radius:5px;\">\n    <span>OFFRIR D\u00c8S 29,90\u20ac<\/span>\n  <i class=\"icon-angle-right\" ><\/i><\/a>\n \t<div id=\"gap-490092738\" class=\"gap-element clearfix\" style=\"display:block; height:auto;\">\n\t\t\n<style>\n#gap-490092738 {\n  padding-top: 30px;\n}\n<\/style>\n\t<\/div>\n\t \t\t<\/div>\n\t\t\t\t\n<style>\n#col-17548475 > .col-inner {\n  margin: 0px 0px 0px 0;\n}\n<\/style>\n\t<\/div>\n\n\t \n<style>\n#row-1302842925 > .col > .col-inner {\n  padding: 30px 30px 10px 30px;\n}\n@media (min-width:550px) {\n  #row-1302842925 > .col > .col-inner {\n    padding: 30px 0px 10px 15px;\n  }\n}\n<\/style>\n<\/div> \t\t<\/div>\n\n\t\t\n<style>\n#section_1884454285 {\n  padding-top: 45px;\n  padding-bottom: 45px;\n  background-color: rgb(249, 245, 245);\n}\n#section_1884454285 .ux-shape-divider--top svg {\n  height: 150px;\n  --divider-top-width: 100%;\n}\n#section_1884454285 .ux-shape-divider--bottom svg {\n  height: 150px;\n  --divider-width: 100%;\n}\n@media (min-width:550px) {\n  #section_1884454285 {\n    padding-top: 30px;\n    padding-bottom: 30px;\n  }\n}\n<\/style>\n\t<\/section>\n\t \t\t<\/div>\n\t\t\t\t\t<\/div>\n\n\t <\/div> <span class=\"scroll-to\" data-label=\"Scroll to: #fonctionnement\" data-bullet=\"false\" data-link=\"#fonctionnement\" data-title=\"fonctionnement\"><a name=\"fonctionnement\"><\/a><\/span> <div class=\"row\" style=\"max-width:1400px\" id=\"row-1585605560\"> \n\t<div id=\"col-841015197\" class=\"col small-12 large-12\"  >\n\t\t\t\t<div class=\"col-inner\"  >\n\t\t\t\n\t\t\t \t<section class=\"section\" id=\"section_1904913973\">\n\t\t<div class=\"bg section-bg fill bg-fill  bg-loaded\" >\n\n\t\t\t\n\t\t\t\n\t\t\t\n\n\t\t<\/div>\n\n\t\t\n\n\t\t<div class=\"section-content relative\">\n\t\t\t <div class=\"row row-collapse align-middle align-right\"  id=\"row-1333581489\"> \n\t<div id=\"col-463430852\" class=\"col medium-12 small-12 large-7\"  >\n\t\t\t\t<div class=\"col-inner dark\"  >\n\t\t\t\n\t\t\t \t<div id=\"text-3851529760\" class=\"text\">\n\t\t\r\n<h2 style=\"font-size: 300%;\"><span style=\"color: #4ab7a1; font-size: 70%;\">Le cadeau naissance id\u00e9al&#8230;<br \/>m\u00eame \u00e0 la derni\u00e8re minute!<br \/><\/span><\/h2>\r\n<p class=\"lead\"><span style=\"color: #808080;\"><strong><br \/>Choisissez la formule, la dur\u00e9e de l&rsquo;abonnement et recevez votre carte cadeau par e-mail en quelques clics. <br \/><br \/>Toutes nos cartes cadeaux sont valables 1 an \u00e0 compter de la date d&rsquo;\u00e9mission.<br \/><br \/>Et bon \u00e0 savoir : la garantie casse et usure est incluse dans toutes nos formules de location de jouets!<br \/><\/strong><\/span><\/p>\r\n<p>&nbsp;<\/p>\r\n\t\t\n<style>\n#text-3851529760 {\n  text-align: left;\n}\n<\/style>\n\t<\/div>\n\t <a href=\"#tarifs\" target=\"_self\" class=\"button primary is-large lowercase\"  style=\"border-radius:5px;\">\n    <span>JE CHOISIS MA CARTE CADEAU<\/span>\n  <\/a>\n \t\t<\/div>\n\t\t\t\t\t<\/div>\n\n\t \n\t<div id=\"col-1777875327\" class=\"col medium-12 small-12 large-5\"  >\n\t\t\t\t<div class=\"col-inner text-right dark\"  >\n\t\t\t\n\t\t\t \t<div class=\"img has-hover x md-x lg-x y md-y lg-y\" id=\"image_912766602\">\n\t\t\t\t\t\t\t\t<div class=\"img-inner dark\" >\n\t\t\t<img width=\"796\" height=\"800\" src=\"https:\/\/www.lesjouetsvoyageurs.com\/location\/wp-content\/uploads\/2020\/12\/2020-09-LJV-LOGO-ROND-EXE_logo-rond-796x800.png\" class=\"attachment-large size-large\" alt=\"\" loading=\"lazy\" srcset=\"https:\/\/www.lesjouetsvoyageurs.com\/location\/wp-content\/uploads\/2020\/12\/2020-09-LJV-LOGO-ROND-EXE_logo-rond-796x800.png 796w, https:\/\/www.lesjouetsvoyageurs.com\/location\/wp-content\/uploads\/2020\/12\/2020-09-LJV-LOGO-ROND-EXE_logo-rond-398x400.png 398w, https:\/\/www.lesjouetsvoyageurs.com\/location\/wp-content\/uploads\/2020\/12\/2020-09-LJV-LOGO-ROND-EXE_logo-rond-280x280.png 280w, https:\/\/www.lesjouetsvoyageurs.com\/location\/wp-content\/uploads\/2020\/12\/2020-09-LJV-LOGO-ROND-EXE_logo-rond-768x771.png 768w, https:\/\/www.lesjouetsvoyageurs.com\/location\/wp-content\/uploads\/2020\/12\/2020-09-LJV-LOGO-ROND-EXE_logo-rond-600x603.png 600w, https:\/\/www.lesjouetsvoyageurs.com\/location\/wp-content\/uploads\/2020\/12\/2020-09-LJV-LOGO-ROND-EXE_logo-rond-100x100.png 100w, https:\/\/www.lesjouetsvoyageurs.com\/location\/wp-content\/uploads\/2020\/12\/2020-09-LJV-LOGO-ROND-EXE_logo-rond.png 1322w\" sizes=\"(max-width: 796px) 100vw, 796px\" title=\"\">\t\t\t\t\t\t\n\t\t\t\t\t<\/div>\n\t\t\t\t\t\t\t\t\n<style>\n#image_912766602 {\n  width: 80%;\n}\n<\/style>\n\t<\/div>\n\t \t\t<\/div>\n\t\t\t\t\t<\/div>\n\n\t \n<style>\n#row-1333581489 > .col > .col-inner {\n  padding: 30px 30px 10px 30px;\n}\n@media (min-width:550px) {\n  #row-1333581489 > .col > .col-inner {\n    padding: 30px 30px 30px 30px;\n  }\n}\n<\/style>\n<\/div> \t\t<\/div>\n\n\t\t\n<style>\n#section_1904913973 {\n  padding-top: 45px;\n  padding-bottom: 45px;\n}\n#section_1904913973 .ux-shape-divider--top svg {\n  height: 150px;\n  --divider-top-width: 100%;\n}\n#section_1904913973 .ux-shape-divider--bottom svg {\n  height: 150px;\n  --divider-width: 100%;\n}\n@media (min-width:550px) {\n  #section_1904913973 {\n    padding-top: 30px;\n    padding-bottom: 30px;\n  }\n}\n<\/style>\n\t<\/section>\n\t \t\t<\/div>\n\t\t\t\t\t<\/div>\n\n\t <\/div> \t<section class=\"section\" id=\"section_1043888645\">\n\t\t<div class=\"bg section-bg fill bg-fill  bg-loaded\" >\n\n\t\t\t\n\t\t\t\n\t\t\t\n\n\t\t<\/div>\n\n\t\t\n\n\t\t<div class=\"section-content relative\">\n\t\t\t <div class=\"row\"  id=\"row-771150009\"> \n\t<div id=\"col-628101119\" class=\"col small-12 large-12\"  >\n\t\t\t\t<div class=\"col-inner\"  >\n\t\t\t\n\t\t\t \t<div class=\"img has-hover x md-x lg-x y md-y lg-y\" id=\"image_1363148313\">\n\t\t\t\t\t\t\t\t<div class=\"img-inner image-cover dark\" style=\"padding-top:200px;\">\n\t\t\t<img width=\"1020\" height=\"309\" src=\"https:\/\/www.lesjouetsvoyageurs.com\/location\/wp-content\/uploads\/2020\/12\/Sans-titre-50-1400x424.png\" class=\"attachment-large size-large\" alt=\"\" loading=\"lazy\" srcset=\"https:\/\/www.lesjouetsvoyageurs.com\/location\/wp-content\/uploads\/2020\/12\/Sans-titre-50-1400x424.png 1400w, https:\/\/www.lesjouetsvoyageurs.com\/location\/wp-content\/uploads\/2020\/12\/Sans-titre-50-800x242.png 800w, https:\/\/www.lesjouetsvoyageurs.com\/location\/wp-content\/uploads\/2020\/12\/Sans-titre-50-768x232.png 768w, https:\/\/www.lesjouetsvoyageurs.com\/location\/wp-content\/uploads\/2020\/12\/Sans-titre-50-1536x465.png 1536w, https:\/\/www.lesjouetsvoyageurs.com\/location\/wp-content\/uploads\/2020\/12\/Sans-titre-50-600x182.png 600w, https:\/\/www.lesjouetsvoyageurs.com\/location\/wp-content\/uploads\/2020\/12\/Sans-titre-50.png 1728w\" sizes=\"(max-width: 1020px) 100vw, 1020px\" title=\"\">\t\t\t\t\t\t\n\t\t\t\t\t<\/div>\n\t\t\t\t\t\t\t\t\n<style>\n#image_1363148313 {\n  width: 100%;\n}\n<\/style>\n\t<\/div>\n\t \t\t<\/div>\n\t\t\t\t\t<\/div>\n\n\t <\/div> \t\t<\/div>\n\n\t\t\n<style>\n#section_1043888645 {\n  padding-top: 30px;\n  padding-bottom: 30px;\n}\n#section_1043888645 .ux-shape-divider--top svg {\n  height: 150px;\n  --divider-top-width: 100%;\n}\n#section_1043888645 .ux-shape-divider--bottom svg {\n  height: 150px;\n  --divider-width: 100%;\n}\n<\/style>\n\t<\/section>\n\t <span class=\"scroll-to\" data-label=\"Scroll to: #tarifs\" data-bullet=\"false\" data-link=\"#tarifs\" data-title=\"tarifs\"><a name=\"tarifs\"><\/a><\/span> <div class=\"row\" style=\"max-width:1400px\" id=\"row-1111599521\"> \n\t<div id=\"col-1772910783\" class=\"col small-12 large-12\"  >\n\t\t\t\t<div class=\"col-inner\"  >\n\t\t\t\n\t\t\t \t\t<\/div>\n\t\t\t\t\t<\/div>\n\n\t \n\t<div id=\"col-1872703451\" class=\"col small-12 large-12\"  >\n\t\t\t\t<div class=\"col-inner\"  >\n\t\t\t\n\t\t\t \t<div id=\"text-2869010054\" class=\"text\">\n\t\t\r\n<h1 style=\"font-size: 300%;\"><span style=\"color: #4ab7a1;\"><span style=\"font-size: 30.24px;\"><span style=\"font-size: 170%;\"><br \/>Formule D\u00e9couverte <\/span><\/span><\/span><span style=\"color: #4ab7a1;\"><span style=\"font-size: 30.24px;\"><span style=\"font-size: 170%;\"><span style=\"font-size: 80%;\">\u2728 <\/span><\/span><\/span><\/span><span style=\"color: #4ab7a1;\"><span style=\"font-size: 30.24px;\"><span style=\"font-size: 170%;\">150 \u00e9toiles <\/span><\/span><\/span><span style=\"color: #4ab7a1;\"><span style=\"font-size: 30.24px;\"><span style=\"font-size: 170%;\"><span style=\"font-size: 80%;\">\u2728<br \/><br \/><\/span><\/span><\/span><\/span><\/h1>\r\n<p>&nbsp;<\/p>\r\n\t\t\n<style>\n#text-2869010054 {\n  font-size: 0.75rem;\n  text-align: center;\n}\n<\/style>\n\t<\/div>\n\t <div class=\"row\"  id=\"row-173228786\"> <\/div> \t<section class=\"section\" id=\"section_339825853\">\n\t\t<div class=\"bg section-bg fill bg-fill  bg-loaded\" >\n\n\t\t\t\n\t\t\t\n\t\t\t\n\n\t\t<\/div>\n\n\t\t\n\n\t\t<div class=\"section-content relative\">\n\t\t\t <div class=\"row row-collapse align-middle align-right\"  id=\"row-23552667\"> \n\t<div id=\"col-1943156421\" class=\"col medium-12 small-12 large-4\"  >\n\t\t\t\t<div class=\"col-inner dark\"  >\n\t\t\t\n\t\t\t \t<div id=\"text-1307860977\" class=\"text\">\n\t\t\r\n<p class=\"lead\"><span style=\"color: #333333;\"><b><span style=\"font-size: 120%;\">CARTE CADEAU <span style=\"color: #4ab7a1;\">1 MOIS<\/span><\/span><\/b><\/span><\/p>\r\n\t\t\n<style>\n#text-1307860977 {\n  text-align: center;\n}\n<\/style>\n\t<\/div>\n\t <a href=\"\/location\/checkout\/?add-to-cart=4102\" target=\"_self\" class=\"button secondary is-large lowercase expand\"  style=\"border-radius:5px;\">\n    <span>Je l'offre pour 29,90\u20ac<\/span>\n  <i class=\"icon-angle-right\" ><\/i><\/a>\n \t<div id=\"text-3225774795\" class=\"text\">\n\t\t\r\n<p class=\"lead\"><span style=\"color: #333333; font-size: 85%;\"><span style=\"color: #333333;\">\u2713 Envoi et retour des jouets inclus<\/span><br \/><span style=\"color: #333333;\">\u2713 Garantie casse et usure incluse<br \/>\u2713 Envoi par e-mail ou par courrier<\/span><br \/><\/span><\/p>\r\n<p>&nbsp;<\/p>\r\n\t\t\n<style>\n#text-3225774795 {\n  text-align: left;\n}\n<\/style>\n\t<\/div>\n\t\r\n<p><span style=\"color: #808080;\">.<br \/><\/span><\/p>\r\n\t\t<\/div>\n\t\t\t\t\t<\/div>\n\n\t \n\t<div id=\"col-1072492054\" class=\"col medium-12 small-12 large-4\"  >\n\t\t\t\t<div class=\"col-inner dark\"  >\n\t\t\t\n\t\t\t \t<div id=\"text-237472869\" class=\"text\">\n\t\t\r\n<p class=\"lead\"><span style=\"color: #333333;\"><b><span style=\"font-size: 120%;\">CARTE CADEAU <span style=\"color: #4ab7a1;\">3 MOIS<\/span><\/span><\/b><\/span><\/p>\r\n\t\t\n<style>\n#text-237472869 {\n  text-align: center;\n}\n<\/style>\n\t<\/div>\n\t <a href=\"\/location\/checkout\/?add-to-cart=3623\" target=\"_self\" class=\"button secondary is-outline is-large lowercase expand\"  style=\"border-radius:5px;\">\n    <span>\u2728 JE L'OFFRE POUR 79\u20ac<\/span>\n  <i class=\"icon-angle-right\" ><\/i><\/a>\n \t<div id=\"text-3603708071\" class=\"text\">\n\t\t\r\n<p class=\"lead\"><span style=\"color: #333333; font-size: 85%;\"><span style=\"color: #333333;\">\u2713 Envoi et retour des jouets inclus<\/span><br \/><span style=\"color: #333333;\">\u2713 Garantie casse et usure incluse<br \/>\u2713 Envoi par e-mail ou par courrier<\/span><br \/><\/span><\/p>\r\n<p>&nbsp;<\/p>\r\n\t\t\n<style>\n#text-3603708071 {\n  text-align: left;\n}\n<\/style>\n\t<\/div>\n\t\r\n<p><span style=\"color: #808080;\">Au lieu de 89,70\u20ac.<br \/><\/span><\/p>\r\n\t\t<\/div>\n\t\t\t\t\t<\/div>\n\n\t \n\t<div id=\"col-250895917\" class=\"col medium-12 small-12 large-4\"  >\n\t\t\t\t<div class=\"col-inner dark\"  >\n\t\t\t\n\t\t\t \t<div id=\"text-162628837\" class=\"text\">\n\t\t\r\n<p class=\"lead\"><span style=\"color: #333333;\"><b><span style=\"font-size: 120%;\">CARTE CADEAU <span style=\"color: #4ab7a1;\">6 MOIS<\/span><\/span><\/b><\/span><\/p>\r\n\t\t\n<style>\n#text-162628837 {\n  text-align: center;\n}\n<\/style>\n\t<\/div>\n\t <a href=\"\/location\/checkout\/?add-to-cart=3629\" target=\"_self\" class=\"button secondary is-large lowercase expand\"  style=\"border-radius:5px;\">\n    <span>Je l'offre pour 149\u20ac<\/span>\n  <i class=\"icon-angle-right\" ><\/i><\/a>\n \t<div id=\"text-3052497908\" class=\"text\">\n\t\t\r\n<p class=\"lead\"><span style=\"color: #333333; font-size: 85%;\"><span style=\"color: #333333;\">\u2713 Envoi et retour des jouets inclus<\/span><br \/><span style=\"color: #333333;\">\u2713 Garantie casse et usure incluse<br \/>\u2713 Envoi par e-mail ou par courrier<\/span><br \/><\/span><\/p>\r\n<p>&nbsp;<\/p>\r\n\t\t\n<style>\n#text-3052497908 {\n  text-align: left;\n}\n<\/style>\n\t<\/div>\n\t\r\n<p><span style=\"color: #808080;\">Au lieu de 179,40\u20ac.<br \/><\/span><\/p>\r\n\t\t<\/div>\n\t\t\t\t\t<\/div>\n\n\t \n<style>\n#row-23552667 > .col > .col-inner {\n  padding: 30px 30px 10px 30px;\n}\n@media (min-width:550px) {\n  #row-23552667 > .col > .col-inner {\n    padding: 30px 30px 30px 30px;\n  }\n}\n<\/style>\n<\/div> \t<div id=\"text-873786805\" class=\"text\">\n\t\t\r\n<h1 style=\"font-size: 300%;\"><span style=\"color: #e14d43;\"><span style=\"font-size: 30.24px;\"><span style=\"font-size: 170%;\"><br \/>Formule Premium\u00a0<\/span><\/span><\/span><span style=\"color: #4ab7a1;\"><span style=\"font-size: 30.24px;\"><span style=\"font-size: 170%;\"><span style=\"font-size: 80%;\">\u2728 <\/span><\/span><\/span><\/span><span style=\"color: #e14d43;\"><span style=\"font-size: 30.24px;\"><span style=\"font-size: 170%;\">250 \u00e9toiles <\/span><\/span><\/span><span style=\"color: #4ab7a1;\"><span style=\"font-size: 30.24px;\"><span style=\"font-size: 170%;\"><span style=\"font-size: 80%;\">\u2728<br \/><br \/><\/span><\/span><\/span><\/span><\/h1>\r\n<p>&nbsp;<\/p>\r\n\t\t\n<style>\n#text-873786805 {\n  font-size: 0.75rem;\n  text-align: center;\n}\n<\/style>\n\t<\/div>\n\t <div class=\"row\"  id=\"row-273913976\"> <\/div> <div class=\"row row-collapse align-middle align-right\"  id=\"row-1619038613\"> \n\t<div id=\"col-935323015\" class=\"col medium-12 small-12 large-4\"  >\n\t\t\t\t<div class=\"col-inner dark\"  >\n\t\t\t\n\t\t\t \t<div id=\"text-342688760\" class=\"text\">\n\t\t\r\n<p class=\"lead\"><span style=\"color: #333333;\"><b><span style=\"font-size: 120%;\">CARTE CADEAU <span style=\"color: #e14d43;\">1 MOIS<\/span><\/span><\/b><\/span><\/p>\r\n\t\t\n<style>\n#text-342688760 {\n  text-align: center;\n}\n<\/style>\n\t<\/div>\n\t <a href=\"\/location\/checkout\/?add-to-cart=4103\" target=\"_self\" class=\"button primary is-large lowercase expand\"  style=\"border-radius:5px;\">\n    <span>Je l'offre pour 39,90\u20ac<\/span>\n  <i class=\"icon-angle-right\" ><\/i><\/a>\n \t<div id=\"text-2344367284\" class=\"text\">\n\t\t\r\n<p class=\"lead\"><span style=\"color: #333333; font-size: 85%;\"><span style=\"color: #333333;\">\u2713 Envoi et retour des jouets inclus<\/span><br \/><span style=\"color: #333333;\">\u2713 Garantie casse et usure incluse<br \/>\u2713 Envoi imm\u00e9diat par e-mail<\/span><br \/><\/span><\/p>\r\n\t\t\n<style>\n#text-2344367284 {\n  text-align: left;\n}\n<\/style>\n\t<\/div>\n\t\r\n<p><span style=\"color: #808080;\">.\t\t<\/div>\n\t\t\t\t\t<\/div>\n\n\t \n\t<div id=\"col-1539118421\" class=\"col medium-12 small-12 large-4\"  >\n\t\t\t\t<div class=\"col-inner dark\"  >\n\t\t\t\n\t\t\t \t<div id=\"text-3363535408\" class=\"text\">\n\t\t<\/span><\/p>\r\n<p class=\"lead\"><span style=\"color: #333333;\"><b><span style=\"font-size: 120%;\">CARTE CADEAU <span style=\"color: #e14d43;\">3 MOIS<\/span><\/span><\/b><\/span><\/p>\r\n<p><span style=\"color: #808080;\">\t\t\n<style>\n#text-3363535408 {\n  text-align: center;\n}\n<\/style>\n\t<\/div>\n\t <a href=\"\/location\/checkout\/?add-to-cart=3628\" target=\"_self\" class=\"button primary is-outline is-large lowercase expand\"  style=\"border-radius:5px;\">\n    <span>\u2728 Je l'offre pour 99\u20ac<\/span>\n  <i class=\"icon-angle-right\" ><\/i><\/a>\n \t<div id=\"text-1545084201\" class=\"text\">\n\t\t <\/span><\/p>\r\n<p class=\"lead\"><span style=\"color: #333333; font-size: 85%;\"><span style=\"color: #333333;\">\u2713 Envoi et retour des jouets inclus<\/span><br \/><span style=\"color: #333333;\">\u2713 Garantie casse et usure incluse<br \/>\u2713 Envoi imm\u00e9diat par e-mail<\/span><br \/><\/span><\/p>\r\n\t\t\n<style>\n#text-1545084201 {\n  text-align: left;\n}\n<\/style>\n\t<\/div>\n\t\r\n<p><span style=\"color: #808080;\">Au lieu de 119,70\u20ac.\t\t<\/div>\n\t\t\t\t\t<\/div>\n\n\t \n\t<div id=\"col-1154348346\" class=\"col medium-12 small-12 large-4\"  >\n\t\t\t\t<div class=\"col-inner dark\"  >\n\t\t\t\n\t\t\t \t<div id=\"text-3499356991\" class=\"text\">\n\t\t<\/span><\/p>\r\n<p class=\"lead\"><span style=\"color: #333333;\"><b><span style=\"font-size: 120%;\">CARTE CADEAU <span style=\"color: #e14d43;\">6 MOIS<\/span><\/span><\/b><\/span><\/p>\r\n<p><span style=\"color: #808080;\">\t\t\n<style>\n#text-3499356991 {\n  text-align: center;\n}\n<\/style>\n\t<\/div>\n\t <a href=\"\/location\/checkout\/?add-to-cart=3630\" target=\"_self\" class=\"button primary is-large lowercase expand\"  style=\"border-radius:5px;\">\n    <span>Je l'offre pour 189\u20ac<\/span>\n  <i class=\"icon-angle-right\" ><\/i><\/a>\n \t<div id=\"text-1758572549\" class=\"text\">\n\t\t <\/span><\/p>\r\n<p class=\"lead\"><span style=\"color: #333333; font-size: 85%;\"><span style=\"color: #333333;\">\u2713 Envoi et retour des jouets inclus<\/span><br \/><span style=\"color: #333333;\">\u2713 Garantie casse et usure incluse<br \/>\u2713 Envoi imm\u00e9diat par e-mail<\/span><br \/><\/span><\/p>\r\n\t\t\n<style>\n#text-1758572549 {\n  text-align: left;\n}\n<\/style>\n\t<\/div>\n\t\r\n<p><span style=\"color: #808080;\">Au lieu de 239,40\u20ac. \t\t<\/div>\n\t\t\t\t\t<\/div>\n\n\t \n<style>\n#row-1619038613 > .col > .col-inner {\n  padding: 30px 30px 10px 30px;\n}\n@media (min-width:550px) {\n  #row-1619038613 > .col > .col-inner {\n    padding: 30px 30px 30px 30px;\n  }\n}\n<\/style>\n<\/div> \t\t<\/div>\n\n\t\t\n<style>\n#section_339825853 {\n  padding-top: 45px;\n  padding-bottom: 45px;\n}\n#section_339825853 .ux-shape-divider--top svg {\n  height: 150px;\n  --divider-top-width: 100%;\n}\n#section_339825853 .ux-shape-divider--bottom svg {\n  height: 150px;\n  --divider-width: 100%;\n}\n@media (min-width:550px) {\n  #section_339825853 {\n    padding-top: 30px;\n    padding-bottom: 30px;\n  }\n}\n<\/style>\n\t<\/section>\n\t \t\t<\/div>\n\t\t\t\t\t<\/div>\n\n\t <\/div> \t<section class=\"section dark\" id=\"section_982695265\">\n\t\t<div class=\"bg section-bg fill bg-fill  bg-loaded\" >\n\n\t\t\t\n\t\t\t\n\t\t\t\n\n\t\t<\/div>\n\n\t\t\n\n\t\t<div class=\"section-content relative\">\n\t\t\t <div class=\"row\"  id=\"row-1510953526\"> \n\t<div id=\"col-1369110513\" class=\"col small-12 large-12\"  >\n\t\t\t\t<div class=\"col-inner text-center\"  >\n\t\t\t\n\t\t\t <\/span><\/p>\r\n<h2><span style=\"font-size: 115%;\">Vous avez des questions sur la location de jouets ?<\/span><\/h2>\r\n<a rel=\"noopener noreferrer\" href=\"\/location\/faq\" target=\"_blank\" class=\"button white is-underline is-large\"  style=\"border-radius:10px;\">\n    <span>CONSULTEZ LA FAQ<\/span>\n  <\/a>\n <a rel=\"noopener noreferrer\" href=\"\/location\/contact\" target=\"_blank\" class=\"button white is-underline is-large\"  style=\"border-radius:10px;\">\n    <span>CONTACTEZ-NOUS<\/span>\n  <\/a>\n \t\t<\/div>\n\t\t\t\t\n<style>\n#col-1369110513 > .col-inner {\n  padding: 20px 0px 0px 0px;\n}\n<\/style>\n\t<\/div>\n\n\t <\/div> \t\t<\/div>\n\n\t\t\n<style>\n#section_982695265 {\n  padding-top: 20px;\n  padding-bottom: 20px;\n  background-color: rgb(74, 183, 161);\n}\n#section_982695265 .ux-shape-divider--top svg {\n  height: 150px;\n  --divider-top-width: 100%;\n}\n#section_982695265 .ux-shape-divider--bottom svg {\n  height: 150px;\n  --divider-width: 100%;\n}\n<\/style>\n\t<\/section>\n\t","protected":false},"excerpt":{"rendered":"","protected":false},"author":2,"featured_media":0,"parent":0,"menu_order":0,"comment_status":"closed","ping_status":"closed","template":"page-blank.php","meta":[],"_links":{"self":[{"href":"https:\/\/www.lesjouetsvoyageurs.com\/location\/wp-json\/wp\/v2\/pages\/1721"}],"collection":[{"href":"https:\/\/www.lesjouetsvoyageurs.com\/location\/wp-json\/wp\/v2\/pages"}],"about":[{"href":"https:\/\/www.lesjouetsvoyageurs.com\/location\/wp-json\/wp\/v2\/types\/page"}],"author":[{"embeddable":true,"href":"https:\/\/www.lesjouetsvoyageurs.com\/location\/wp-json\/wp\/v2\/users\/2"}],"replies":[{"embeddable":true,"href":"https:\/\/www.lesjouetsvoyageurs.com\/location\/wp-json\/wp\/v2\/comments?post=1721"}],"version-history":[{"count":43,"href":"https:\/\/www.lesjouetsvoyageurs.com\/location\/wp-json\/wp\/v2\/pages\/1721\/revisions"}],"predecessor-version":[{"id":6183,"href":"https:\/\/www.lesjouetsvoyageurs.com\/location\/wp-json\/wp\/v2\/pages\/1721\/revisions\/6183"}],"wp:attachment":[{"href":"https:\/\/www.lesjouetsvoyageurs.com\/location\/wp-json\/wp\/v2\/media?parent=1721"}],"curies":[{"name":"wp","href":"https:\/\/api.w.org\/{rel}","templated":true}]}}