{"id":2232,"date":"2020-11-27T13:08:58","date_gmt":"2020-11-27T11:08:58","guid":{"rendered":"https:\/\/www.lesjouetsvoyageurs.com\/?page_id=2232"},"modified":"2020-11-27T16:21:31","modified_gmt":"2020-11-27T14:21:31","slug":"mentions-legales-et-politique-de-confidentialite","status":"publish","type":"page","link":"https:\/\/www.lesjouetsvoyageurs.com\/location\/mentions-legales-et-politique-de-confidentialite\/","title":{"rendered":"Mentions l\u00e9gales et politique de confidentialit\u00e9"},"content":{"rendered":"\n<div class=\"row row-collapse row-full-width\"  id=\"row-1494927032\">\n\n\n\t<div id=\"col-488936893\" class=\"col medium-6 small-12 large-6\"  >\n\t\t\t\t<div class=\"col-inner text-left\"  >\n\t\t\t\n\t\t\t\n\n<h1><span style=\"font-size: 120%;\">MENTIONS L\u00c9GALES<\/span><\/h1>\n<div class=\"is-divider divider clearfix\" style=\"max-width:292px;\"><\/div>\n\n\t<div id=\"gap-1426010010\" class=\"gap-element clearfix\" style=\"display:block; height:auto;\">\n\t\t\n<style>\n#gap-1426010010 {\n  padding-top: 15px;\n}\n<\/style>\n\t<\/div>\n\t\n\n<h2>Ce site est \u00e9dit\u00e9 par<\/h2>\n<p><span style=\"font-size: 95%;\">LE MONDE DE L\u00c9ON<br \/>SAS au capital de 40 000\u20ac<br \/>N\u00b0 SIRET 891 440 984<br \/>immatricul\u00e9e au RCS de Lille M\u00e9tropole<\/p>\n<p>SIEGE SOCIAL<br \/>186 B rue Roger Salengro<br \/>59790 Ronchin<\/p>\n<p>DIRECTEUR DE LA PUBLICATION<br \/>Coralie Blais<\/p>\n<p><span style=\"font-weight: 400;\">NOM DE DOMAINE<br \/>www.lesjouetsvoyageurs.com<\/span><\/p>\n<p>SITE HEBERGE PAR<br \/>OVH<br \/>2 rue Kellermann<br \/>59100 Roubaix<\/span><\/p>\n\t<div id=\"gap-1542210070\" class=\"gap-element clearfix\" style=\"display:block; height:auto;\">\n\t\t\n<style>\n#gap-1542210070 {\n  padding-top: 38px;\n}\n<\/style>\n\t<\/div>\n\t\n\n\n\t\t<\/div>\n\t\t\t\t\n<style>\n#col-488936893 > .col-inner {\n  padding: 0px 70px 50px 70px;\n}\n<\/style>\n\t<\/div>\n\n\t\n\n\t<div id=\"col-1527949973\" class=\"col medium-6 small-12 large-6\"  >\n\t\t\t\t<div class=\"col-inner\"  >\n\t\t\t\n\t\t\t\n\n\n  <div class=\"banner has-hover\" id=\"banner-2072687812\">\n          <div class=\"banner-inner fill\">\n        <div class=\"banner-bg fill\" >\n            <div class=\"bg fill bg-fill \"><\/div>\n                                    \n                    <\/div>\n\t\t\n        <div class=\"banner-layers container\">\n            <div class=\"fill banner-link\"><\/div>            \n\n\n        <\/div>\n      <\/div>\n\n            \n<style>\n#banner-2072687812 {\n  padding-top: 450px;\n}\n#banner-2072687812 .bg.bg-loaded {\n  background-image: url(https:\/\/www.lesjouetsvoyageurs.com\/location\/wp-content\/uploads\/2020\/11\/Mentions-le\u0301gales-1-1-2-1199x800.png);\n}\n#banner-2072687812 .bg {\n  background-position: 60% 100%;\n}\n#banner-2072687812 .ux-shape-divider--top svg {\n  height: 150px;\n  --divider-top-width: 100%;\n}\n#banner-2072687812 .ux-shape-divider--bottom svg {\n  height: 150px;\n  --divider-width: 100%;\n}\n@media (min-width:550px) {\n  #banner-2072687812 {\n    padding-top: 600px;\n  }\n}\n<\/style>\n  <\/div>\n\n\n\n\t\t<\/div>\n\t\t\t\t\t<\/div>\n\n\t\n\n<\/div>\n<div class=\"row row-collapse row-full-width\"  id=\"row-1142483979\">\n\n\n\t<div id=\"col-2070522506\" class=\"col medium-6 small-12 large-6\"  >\n\t\t\t\t<div class=\"col-inner text-left\"  >\n\t\t\t\n\t\t\t\n\n\t<div id=\"gap-1951438627\" class=\"gap-element clearfix\" style=\"display:block; height:auto;\">\n\t\t\n<style>\n#gap-1951438627 {\n  padding-top: 60px;\n}\n<\/style>\n\t<\/div>\n\t\n\n<h1><span style=\"font-size: 120%;\">POLITIQUE DE CONFIDENTIALIT\u00c9<\/span><\/h1>\n<h1><span style=\"font-size: 75%;\">Mise \u00e0 jour : 27\/11\/2020<\/span><\/h1>\n<div class=\"is-divider divider clearfix\" style=\"max-width:292px;\"><\/div>\n\n\t<div id=\"gap-2047102214\" class=\"gap-element clearfix\" style=\"display:block; height:auto;\">\n\t\t\n<style>\n#gap-2047102214 {\n  padding-top: 15px;\n}\n<\/style>\n\t<\/div>\n\t\n\n<h2>Collecte de donn\u00e9es<\/h2>\n<p><span style=\"font-size: 95%;\">Les donn\u00e9es \u00e0 caract\u00e8re personnel sont prot\u00e9g\u00e9es par la loi Informatique et Libert\u00e9s n\u00b078-17 du 6 janvier 1978 modifi\u00e9e et par les articles 226-13 et suivants du code p\u00e9nal. Au niveau europ\u00e9en, les donn\u00e9es sont prot\u00e9g\u00e9es par le r\u00e8glement 2016\/679 du Parlement Europ\u00e9en et par le r\u00e8glement RGPD du 27\/04\/2016<\/p>\n<p><\/span><\/p>\n<p><span style=\"font-size: 95%;\">RESPONSABLE DU TRAITEMENT<br \/>Le Monde de L\u00e9on (SASU)<\/p>\n<p>DONN\u00c9ES DIRECTEMENT TRANSMISES PAR L&rsquo;UTILISATEUR<br \/>Nous enregistrons les donn\u00e9es que vous nous fournissez volontairement lorsque vous remplissez des formulaires en ligne. Il s&rsquo;agit notamment des donn\u00e9es suivantes :<br \/>&#8211; Nom et pr\u00e9nom<br \/>&#8211; Adresse postale<br \/>&#8211; E-mail<br \/>&#8211; Num\u00e9ro de t\u00e9l\u00e9phone<br \/><\/span><span style=\"font-size: 95%;\">&#8211; Nombre d&rsquo;enfants et dates de naissance<\/p>\n<p>DONN\u00c9ES RECUEILLIES AUTOMATIQUEMENT<br \/>Pour am\u00e9liorer notre offre et la qualit\u00e9 de la navigation sur le site, nous recueillons des donn\u00e9es via le d\u00e9p\u00f4t et la lecture de cookies que vous avez la possibilit\u00e9 de param\u00e9trer. Il s&rsquo;agit notamment des donn\u00e9es suivantes :<br \/>&#8211; Votre adresse IP<br \/>&#8211; Votre login si vous acc\u00e9dez \u00e0 des parties du site \u00e0 acc\u00e8s restreint<br \/>&#8211; La date et l&rsquo;heure de votre visite ainsi que les pages consult\u00e9es<br \/>&#8211; Le syst\u00e8me d&rsquo;exploitation de votre ordinateur et le navigateur utilis\u00e9<br \/>&#8211; La dur\u00e9e de votre connexion et votre cheminement sur le Site<\/p>\n<p>GOOGLE ANALYTICS<br \/>Notre Site utilise les fonctions du service d&rsquo;analyse Google Analytics. Vos donn\u00e9es sont anonymes mais vous pouvez vous opposer \u00e0 leur collecte en parametrant votre navigateur de mani\u00e8re \u00e0 ce qu&rsquo;aucun cookie ne soit enregistr\u00e9.<\/p>\n<p>FACEBOOK PIXEL<br \/>Nous utilisons les \u00ab\u00a0Pixels Facebook\u00a0\u00bb du r\u00e9seau social Facebook qui permettent l&rsquo;affichage d&rsquo;annonces sur le r\u00e9seau social Facebook \u00e0 destination des visiteurs de notre Site. Avec l&rsquo;aide du Pixel Facebook, nous nous assurons que nos publicit\u00e9s soient pr\u00e9sent\u00e9es \u00e0 des personnes qui ont montr\u00e9 de l&rsquo;int\u00e9r\u00eat pour notre Site. Nous \u00e9valuons \u00e9galement l&rsquo;efficacit\u00e9 de nos annonces gr\u00e2ce aux statistiques fournies qui nous permettent de savoir si les annonces Facebook ont permis de rediriger les utilisateurs de Facebook sur notre Site.<\/p>\n<p>Le \u00ab\u00a0Pixel Facebook\u00a0\u00bb est int\u00e9gr\u00e9 directement par Facebook lors de l&rsquo;acc\u00e8s \u00e0 notre Site et stocke un cookie sur votre appareil. Les donn\u00e9es collect\u00e9es vous concernant sont anonymes et ne nous permettent pas de conna\u00eetre votre identit\u00e9.<\/p>\n<p><\/span>Plus d&rsquo;informations sont disponibles sur : <br \/>https:\/\/www.facebook.com\/policy.php.<\/p>\n<p>Vous pouvez refuser la collecte de donn\u00e9es via le Pixel Facebook sur :<br \/>https:\/\/www.facebook.com\/settings?tab=ads<\/p>\n<p><span style=\"font-size: 95%;\">NEWSLETTER<br \/>Nous utilisons votre adresse email pour l&rsquo;envoi d&rsquo;une Newsletter sur la base de votre consentement. Nous recueillons votre consentement \u00e0 l&rsquo;aide d&rsquo;un formulaire disponible sur le Site ou d&rsquo;une case \u00e0 cocher lors de votre inscription.<br \/><\/span>Vous pouvez \u00e0 tout moment vous d\u00e9sabonner en cliquant sur le lien de d\u00e9sabonnement contenu dans chaque Newsletter.<\/p>\n<p><span style=\"font-size: 95%;\">FINALIT\u00c9 DE LA COLLECTE DES DONN\u00c9ES<br \/>Le recueil et le traitement des donn\u00e9es collect\u00e9es sur notre Site est r\u00e9alis\u00e9 avec votre consentement et dans notre int\u00e9r\u00eat l\u00e9gitime d&rsquo;am\u00e9lioration de nos services et de la navigation sur notre Site.<\/span><\/p>\n<p><span style=\"font-size: 95%;\">DUR\u00c9E DE CONSERVATION DES DONN\u00c9ES<br \/>Le Monde de L\u00e9on SAS conserve les donn\u00e9es collect\u00e9es via le Site pour la dur\u00e9e n\u00e9cessaire aux finalit\u00e9s \u00e9nonc\u00e9es dans la pr\u00e9sente politique en conformit\u00e9 avec les exigences l\u00e9gales et r\u00e9glementaires.<\/p>\n<p>CONFIDENTIALIT\u00c9 ET S\u00c9CURIT\u00c9 DES DONN\u00c9ES<br \/>Le Monde de L\u00e9on SAS met en oeuvre les mesures techniques appropri\u00e9es pour \u00e9viter le piratage, la perte, l&rsquo;alt\u00e9ration ou la suppression de vos donn\u00e9es en limitant le nombre de personnes habilit\u00e9es \u00e0 acc\u00e9der au stockage des donn\u00e9es collect\u00e9es.<\/p>\n<p>DESTINATAIRES DES DONN\u00c9ES<br \/>Les donn\u00e9es collect\u00e9es sont exclusivement destin\u00e9es aux services internes de la soci\u00e9t\u00e9 Le Monde de L\u00e9on SAS et \u00e0 ses \u00e9ventuels prestataires. Les donn\u00e9es ne font pas l&rsquo;objet d&rsquo;une exploitation commerciale, de transmission ou de cession \u00e0 des fins commerciales ou de prospection.<\/p>\n<p><\/span><span style=\"font-size: 95%;\">DROIT D&rsquo;ACCES ET DE RECTIFICATION DES DONN\u00c9ES PERSONNELLES<\/span><b><br \/><\/b><span style=\"font-weight: 400;\">Conform\u00e9ment \u00e0 l\u2019article 34 de la loi 78-17 \u201cInformatique et Libert\u00e9s\u201d du 06 janvier 1978, vous disposez d&rsquo;un droit d&rsquo;acc\u00e8s, de modification, de rectification et de suppression des donn\u00e9es qui vous concernent. <\/span><span style=\"font-weight: 400;\"><br \/><\/span><span style=\"font-weight: 400;\"><br \/><\/span><span style=\"font-weight: 400;\">Vous pouvez exercer ce droit aupr\u00e8s de :<br \/>Coralie Blais &#8211; D\u00e9l\u00e9gu\u00e9e \u00e0 la Protection des Donn\u00e9es<br \/>Le Monde de L\u00e9on<br \/>186 B rue Roger Salengro<br \/>59790 Ronchin<\/p>\n<p>Conform\u00e9ment \u00e0 l\u2019article 40 de la loi pr\u00e9cit\u00e9e, votre demande doit \u00eatre accompagn\u00e9e de la photocopie d\u2019une pi\u00e8ce d\u2019identit\u00e9 en cours de validit\u00e9 sign\u00e9e et mentionner l\u2019adresse \u00e0 laquelle Le Monde de L\u00e9on SAS pourra contacter le demandeur. La r\u00e9ponse sera adress\u00e9e dans le mois suivant la r\u00e9ception de la demande.<\/p>\n<p><span style=\"font-size: 95%;\">DEPOT DE PLAINTE<\/span><b><br \/><\/b>Vous avez le droit de d\u00e9poser une plainte relative au traitement de donn\u00e9es vous concernant par Le Monde de L\u00e9on SAS aupr\u00e8s de la CNIL (Commission Nationale de l&rsquo;Informatique et des Libert\u00e9s). <\/p>\n<p><span style=\"font-size: 95%;\">MODIFICATION DE NOTRE POLITIQUE DE CONFIDENTIALIT\u00c9<\/span><b><br \/><\/b>La pr\u00e9sente politique de confidentialit\u00e9 peut \u00eatre modifi\u00e9e. Nous affichons la date de \u00ab\u00a0derni\u00e8re modification\u00a0\u00bb pour vous permettre de conna\u00eetre la date de la derni\u00e8re mise \u00e0 jour. Nous vous conseillons de consulter r\u00e9guli\u00e8rement cette page pour prendre connaissance des \u00e9ventuels changements apport\u00e9s.<\/span><\/p>\n\n\t\t<\/div>\n\t\t\t\t\n<style>\n#col-2070522506 > .col-inner {\n  padding: 0px 70px 50px 70px;\n}\n<\/style>\n\t<\/div>\n\n\t\n\n<\/div>\n\n","protected":false},"excerpt":{"rendered":"","protected":false},"author":2,"featured_media":0,"parent":0,"menu_order":0,"comment_status":"closed","ping_status":"closed","template":"","meta":[],"_links":{"self":[{"href":"https:\/\/www.lesjouetsvoyageurs.com\/location\/wp-json\/wp\/v2\/pages\/2232"}],"collection":[{"href":"https:\/\/www.lesjouetsvoyageurs.com\/location\/wp-json\/wp\/v2\/pages"}],"about":[{"href":"https:\/\/www.lesjouetsvoyageurs.com\/location\/wp-json\/wp\/v2\/types\/page"}],"author":[{"embeddable":true,"href":"https:\/\/www.lesjouetsvoyageurs.com\/location\/wp-json\/wp\/v2\/users\/2"}],"replies":[{"embeddable":true,"href":"https:\/\/www.lesjouetsvoyageurs.com\/location\/wp-json\/wp\/v2\/comments?post=2232"}],"version-history":[{"count":0,"href":"https:\/\/www.lesjouetsvoyageurs.com\/location\/wp-json\/wp\/v2\/pages\/2232\/revisions"}],"wp:attachment":[{"href":"https:\/\/www.lesjouetsvoyageurs.com\/location\/wp-json\/wp\/v2\/media?parent=2232"}],"curies":[{"name":"wp","href":"https:\/\/api.w.org\/{rel}","templated":true}]}}