{"id":3728,"date":"2020-12-27T00:38:21","date_gmt":"2020-12-26T22:38:21","guid":{"rendered":"https:\/\/www.lesjouetsvoyageurs.com\/?page_id=3728"},"modified":"2022-05-25T22:52:07","modified_gmt":"2022-05-25T20:52:07","slug":"utiliser-une-carte-cadeau","status":"publish","type":"page","link":"https:\/\/www.lesjouetsvoyageurs.com\/location\/utiliser-une-carte-cadeau\/","title":{"rendered":"Utiliser une carte cadeau"},"content":{"rendered":"\t<section class=\"section\" id=\"section_106089109\">\n\t\t<div class=\"bg section-bg fill bg-fill  bg-loaded\" >\n\n\t\t\t\n\t\t\t\n\t\t\t\n\n\t\t<\/div>\n\n\t\t\n\n\t\t<div class=\"section-content relative\">\n\t\t\t\n<div class=\"row align-center\"  id=\"row-1274393205\">\n\n\t<div id=\"col-180694657\" class=\"col small-12 large-12\"  >\n\t\t\t\t<div class=\"col-inner text-center\"  >\n\t\t\t\n\t\t\t\n\t<div id=\"text-3609539271\" class=\"text\">\n\t\t\n<h2><span style=\"color: #ffffff; font-size: 120%;\">Vous avez re\u00e7u une carte cadeau ?<br \/>Bienvenue dans l&rsquo;aventure des Jouets Voyageurs !<\/span><\/h2>\n\t\t\n<style>\n#text-3609539271 {\n  text-align: center;\n}\n<\/style>\n\t<\/div>\n\t\n\t\t<\/div>\n\t\t\t\t\t<\/div>\n\n\t\n<\/div>\n\t\t<\/div>\n\n\t\t\n<style>\n#section_106089109 {\n  padding-top: 30px;\n  padding-bottom: 30px;\n  background-color: rgb(74, 183, 161);\n}\n#section_106089109 .ux-shape-divider--top svg {\n  height: 150px;\n  --divider-top-width: 100%;\n}\n#section_106089109 .ux-shape-divider--bottom svg {\n  height: 150px;\n  --divider-width: 100%;\n}\n<\/style>\n\t<\/section>\n\t\n<span class=\"scroll-to\" data-label=\"Scroll to: #comment\" data-bullet=\"false\" data-link=\"#comment\" data-title=\"Comment?\"><a name=\"comment\"><\/a><\/span>\n\t<section class=\"section\" id=\"section_1345270365\">\n\t\t<div class=\"bg section-bg fill bg-fill  bg-loaded\" >\n\n\t\t\t\n\t\t\t\n\t\t\t\n\n\t\t<\/div>\n\n\t\t\n\n\t\t<div class=\"section-content relative\">\n\t\t\t\n<div class=\"row\"  id=\"row-2074903145\">\n\n\t<div id=\"col-1647257372\" class=\"col medium-4 small-12 large-4\"  >\n\t\t\t\t<div class=\"col-inner\"  >\n\t\t\t\n\t\t\t\n\t\t<\/div>\n\t\t\t\t\t<\/div>\n\n\t\n\n\t<div id=\"col-1688786415\" class=\"col medium-8 small-12 large-8\"  >\n\t\t\t\t<div class=\"col-inner text-left\"  >\n\t\t\t\n\t\t\t\n\t<div id=\"text-2030768939\" class=\"text\">\n\t\t\n<h2><span style=\"color: #4ab7a1;\">Indiquez simplement votre code de carte cadeau<\/span><br \/><span style=\"color: #4ab7a1;\">au moment de la validation de votre commande.<\/span><\/h2>\n\t\t\n<style>\n#text-2030768939 {\n  text-align: left;\n}\n<\/style>\n\t<\/div>\n\t\n\t\t<\/div>\n\t\t\t\t\t<\/div>\n\n\t\n<\/div>\n<div class=\"row\"  id=\"row-1441941039\">\n\n\t<div id=\"col-22554260\" class=\"col medium-4 small-12 large-4\"  >\n\t\t\t\t<div class=\"col-inner\"  >\n\t\t\t\n\t\t\t\n\t<div class=\"img has-hover x md-x lg-x y md-y lg-y\" id=\"image_12136068\">\n\t\t\t\t\t\t\t\t<div class=\"img-inner dark\" >\n\t\t\t<img width=\"800\" height=\"160\" src=\"https:\/\/www.lesjouetsvoyageurs.com\/location\/wp-content\/uploads\/2020\/12\/Etape-1-carte-cadeau.png\" class=\"attachment-large size-large\" alt=\"etape 1\" loading=\"lazy\" srcset=\"https:\/\/www.lesjouetsvoyageurs.com\/location\/wp-content\/uploads\/2020\/12\/Etape-1-carte-cadeau.png 800w, https:\/\/www.lesjouetsvoyageurs.com\/location\/wp-content\/uploads\/2020\/12\/Etape-1-carte-cadeau-768x154.png 768w, https:\/\/www.lesjouetsvoyageurs.com\/location\/wp-content\/uploads\/2020\/12\/Etape-1-carte-cadeau-600x120.png 600w\" sizes=\"(max-width: 800px) 100vw, 800px\" title=\"\">\t\t\t\t\t\t\n\t\t\t\t\t<\/div>\n\t\t\t\t\t\t\t\t\n<style>\n#image_12136068 {\n  width: 100%;\n}\n<\/style>\n\t<\/div>\n\t\n\t\t<\/div>\n\t\t\t\t\t<\/div>\n\n\t\n\n\t<div id=\"col-948705300\" class=\"col medium-8 small-12 large-8\"  >\n\t\t\t\t<div class=\"col-inner\"  >\n\t\t\t\n\t\t\t\n<p><span style=\"font-size: 115%;\">Rendez-vous dans le <a href=\"\/abonnements#plans\">menu \u00ab\u00a0S&rsquo;abonner\u00a0\u00bb<\/a> et s\u00e9lectionnez la formule indiqu\u00e9e sur votre carte cadeau : D\u00e9couverte ou Premium<\/span><\/p>\n\t\t<\/div>\n\t\t\t\t\t<\/div>\n\n\t\n<\/div>\n<div class=\"row\"  id=\"row-405707828\">\n\n\t<div id=\"col-1744146319\" class=\"col medium-4 small-12 large-4\"  >\n\t\t\t\t<div class=\"col-inner\"  >\n\t\t\t\n\t\t\t\n\t<div class=\"img has-hover x md-x lg-x y md-y lg-y\" id=\"image_727015709\">\n\t\t\t\t\t\t\t\t<div class=\"img-inner dark\" >\n\t\t\t<img width=\"800\" height=\"160\" src=\"https:\/\/www.lesjouetsvoyageurs.com\/location\/wp-content\/uploads\/2020\/12\/Etape-2-carte-cadeau.png\" class=\"attachment-large size-large\" alt=\"Etape 2\" loading=\"lazy\" srcset=\"https:\/\/www.lesjouetsvoyageurs.com\/location\/wp-content\/uploads\/2020\/12\/Etape-2-carte-cadeau.png 800w, https:\/\/www.lesjouetsvoyageurs.com\/location\/wp-content\/uploads\/2020\/12\/Etape-2-carte-cadeau-768x154.png 768w, https:\/\/www.lesjouetsvoyageurs.com\/location\/wp-content\/uploads\/2020\/12\/Etape-2-carte-cadeau-600x120.png 600w\" sizes=\"(max-width: 800px) 100vw, 800px\" title=\"\">\t\t\t\t\t\t\n\t\t\t\t\t<\/div>\n\t\t\t\t\t\t\t\t\n<style>\n#image_727015709 {\n  width: 100%;\n}\n<\/style>\n\t<\/div>\n\t\n\t\t<\/div>\n\t\t\t\t\t<\/div>\n\n\t\n\n\t<div id=\"col-1699852287\" class=\"col medium-8 small-12 large-8\"  >\n\t\t\t\t<div class=\"col-inner\"  >\n\t\t\t\n\t\t\t\n<p><span style=\"font-size: 115%;\">Au moment du paiement, indiquez le code de votre carte cadeau. <\/span><\/p>\n<p><em><span style=\"font-size: 100%;\">Vous devrez \u00e9galement indiquer vos informations bancaires.<br \/>Ne vous inqui\u00e9tez pas : aucun pr\u00e9l\u00e8vement ne sera r\u00e9alis\u00e9 sans votre autorisation. Ces informations sont cependant n\u00e9cessaires en cas de non restitution des jouets lou\u00e9s.<\/span><\/em><\/p>\n\t\t<\/div>\n\t\t\t\t\t<\/div>\n\n\t\n<\/div>\n<div class=\"row\"  id=\"row-1982442213\">\n\n\t<div id=\"col-1390173599\" class=\"col medium-4 small-12 large-4\"  >\n\t\t\t\t<div class=\"col-inner\"  >\n\t\t\t\n\t\t\t\n\t<div class=\"img has-hover x md-x lg-x y md-y lg-y\" id=\"image_1770281858\">\n\t\t\t\t\t\t\t\t<div class=\"img-inner dark\" >\n\t\t\t<img width=\"800\" height=\"160\" src=\"https:\/\/www.lesjouetsvoyageurs.com\/location\/wp-content\/uploads\/2020\/12\/Etape-3-carte-cadeau.png\" class=\"attachment-large size-large\" alt=\"Etape 3\" loading=\"lazy\" srcset=\"https:\/\/www.lesjouetsvoyageurs.com\/location\/wp-content\/uploads\/2020\/12\/Etape-3-carte-cadeau.png 800w, https:\/\/www.lesjouetsvoyageurs.com\/location\/wp-content\/uploads\/2020\/12\/Etape-3-carte-cadeau-768x154.png 768w, https:\/\/www.lesjouetsvoyageurs.com\/location\/wp-content\/uploads\/2020\/12\/Etape-3-carte-cadeau-600x120.png 600w\" sizes=\"(max-width: 800px) 100vw, 800px\" title=\"\">\t\t\t\t\t\t\n\t\t\t\t\t<\/div>\n\t\t\t\t\t\t\t\t\n<style>\n#image_1770281858 {\n  width: 100%;\n}\n<\/style>\n\t<\/div>\n\t\n\t\t<\/div>\n\t\t\t\t\t<\/div>\n\n\t\n\n\t<div id=\"col-339884937\" class=\"col medium-8 small-12 large-8\"  >\n\t\t\t\t<div class=\"col-inner\"  >\n\t\t\t\n\t\t\t\n<p><span style=\"font-size: 115%;\">Avec les \u00e9toiles cr\u00e9dit\u00e9es sur votre compte, s\u00e9lectionnez des jouets dans le <a href=\"\/shop\">catalogue<\/a>. Il ne vous reste plus qu&rsquo;\u00e0 valider votre commande !<\/span><\/p>\n\t\t<\/div>\n\t\t\t\t\t<\/div>\n\n\t\n<\/div>\n\t\t<\/div>\n\n\t\t\n<style>\n#section_1345270365 {\n  padding-top: 30px;\n  padding-bottom: 30px;\n}\n#section_1345270365 .ux-shape-divider--top svg {\n  height: 150px;\n  --divider-top-width: 100%;\n}\n#section_1345270365 .ux-shape-divider--bottom svg {\n  height: 150px;\n  --divider-width: 100%;\n}\n<\/style>\n\t<\/section>\n\t\n\t<section class=\"section\" id=\"section_1819239041\">\n\t\t<div class=\"bg section-bg fill bg-fill  bg-loaded\" >\n\n\t\t\t\n\t\t\t\n\t\t\t\n\n\t\t<\/div>\n\n\t\t\n\n\t\t<div class=\"section-content relative\">\n\t\t\t\n<div class=\"row align-center\"  id=\"row-933740230\">\n\n\t<div id=\"col-1557957472\" class=\"col small-12 large-12\"  >\n\t\t\t\t<div class=\"col-inner text-center\"  >\n\t\t\t\n\t\t\t\n\t<div id=\"text-3160643422\" class=\"text\">\n\t\t\n<h2><span style=\"color: #4ab7a1; font-size: 120%;\">Vous avez besoin d&rsquo;aide ?<br \/>Nous sommes l\u00e0 pour vous accompagner !<\/span><\/h2>\n\t\t\n<style>\n#text-3160643422 {\n  text-align: center;\n}\n<\/style>\n\t<\/div>\n\t\n\t\t<\/div>\n\t\t\t\t\t<\/div>\n\n\t\n<\/div>\n\t\t<\/div>\n\n\t\t\n<style>\n#section_1819239041 {\n  padding-top: 30px;\n  padding-bottom: 30px;\n}\n#section_1819239041 .ux-shape-divider--top svg {\n  height: 150px;\n  --divider-top-width: 100%;\n}\n#section_1819239041 .ux-shape-divider--bottom svg {\n  height: 150px;\n  --divider-width: 100%;\n}\n<\/style>\n\t<\/section>\n\t\n\t<section class=\"section\" id=\"section_1705097145\">\n\t\t<div class=\"bg section-bg fill bg-fill  bg-loaded\" >\n\n\t\t\t\n\t\t\t\n\t\t\t\n\n\t\t<\/div>\n\n\t\t\n\n\t\t<div class=\"section-content relative\">\n\t\t\t\n<div class=\"row align-center\"  id=\"row-937831934\">\n\n\t<div id=\"col-1070812974\" class=\"col small-12 large-12\"  >\n\t\t\t\t<div class=\"col-inner text-center\"  >\n\t\t\t\n\t\t\t\n<a rel=\"noopener noreferrer\" href=\"\/location\/faq\" target=\"_blank\" class=\"button primary is-large\"  style=\"border-radius:10px;\">\n    <span>Consultez la FAQ compl\u00e8te<\/span>\n  <\/a>\n\n<a href=\"\/location\/contact\" target=\"_self\" class=\"button primary is-large\"  style=\"border-radius:10px;\">\n    <span>Contactez le service Clients<\/span>\n  <\/a>\n\n\t\t<\/div>\n\t\t\t\t\t<\/div>\n\n\t\n<\/div>\n\t\t<\/div>\n\n\t\t\n<style>\n#section_1705097145 {\n  padding-top: 30px;\n  padding-bottom: 30px;\n}\n#section_1705097145 .ux-shape-divider--top svg {\n  height: 150px;\n  --divider-top-width: 100%;\n}\n#section_1705097145 .ux-shape-divider--bottom svg {\n  height: 150px;\n  --divider-width: 100%;\n}\n<\/style>\n\t<\/section>\n\t\n\t<section class=\"section\" id=\"section_2641131\">\n\t\t<div class=\"bg section-bg fill bg-fill  bg-loaded\" >\n\n\t\t\t\n\t\t\t\n\t\t\t\n\n\t\t<\/div>\n\n\t\t\n\n\t\t<div class=\"section-content relative\">\n\t\t\t\n<div class=\"row\"  id=\"row-2054895634\">\n\n\t<div id=\"col-1254545492\" class=\"col medium-6 small-12 large-6\"  >\n\t\t\t\t<div class=\"col-inner\"  >\n\t\t\t\n\t\t\t\n\t<div class=\"img has-hover x md-x lg-x y md-y lg-y\" id=\"image_1425906364\">\n\t\t\t\t\t\t\t\t<div class=\"img-inner dark\" >\n\t\t\t<img width=\"722\" height=\"513\" src=\"https:\/\/www.lesjouetsvoyageurs.com\/location\/wp-content\/uploads\/2020\/12\/cadeau.png\" class=\"attachment-large size-large\" alt=\"\" loading=\"lazy\" srcset=\"https:\/\/www.lesjouetsvoyageurs.com\/location\/wp-content\/uploads\/2020\/12\/cadeau.png 722w, https:\/\/www.lesjouetsvoyageurs.com\/location\/wp-content\/uploads\/2020\/12\/cadeau-563x400.png 563w, https:\/\/www.lesjouetsvoyageurs.com\/location\/wp-content\/uploads\/2020\/12\/cadeau-600x426.png 600w\" sizes=\"(max-width: 722px) 100vw, 722px\" title=\"\">\t\t\t\t\t\t\n\t\t\t\t\t<\/div>\n\t\t\t\t\t\t\t\t\n<style>\n#image_1425906364 {\n  width: 100%;\n}\n<\/style>\n\t<\/div>\n\t\n\t\t<\/div>\n\t\t\t\t\t<\/div>\n\n\t\n\n\t<div id=\"col-2022809259\" class=\"col medium-6 small-12 large-6\"  >\n\t\t\t\t<div class=\"col-inner\"  >\n\t\t\t\n\t\t\t\n<h3><span style=\"font-size: 140%;\">Vous aussi, offrez une carte cadeau !<\/span><\/h3>\n<p class=\"lead\"><strong><br \/>Avec Les Jouets Voyageurs, vous offrez la libert\u00e9 et la d\u00e9couverte.<\/p>\n<p>Ce sont les parents qui s\u00e9lectionnent les jouets de leur choix dans notre catalogue.<\/strong><\/p>\n<p><em>Un cadeau responsable pour accompagner l\u2019\u00e9veil et le d\u00e9veloppement des enfants de 6 mois \u00e0 6 ans.<\/em><\/p>\n<a href=\"\/location\/carte-cadeau-naissance-anniversaire\/\" target=\"_self\" class=\"button secondary is-large\"  style=\"border-radius:10px;\">\n    <span>En savoir plus<\/span>\n  <i class=\"icon-angle-right\" ><\/i><\/a>\n\n\t\t<\/div>\n\t\t\t\t\t<\/div>\n\n\t\n<\/div>\n\t\t<\/div>\n\n\t\t\n<style>\n#section_2641131 {\n  padding-top: 30px;\n  padding-bottom: 30px;\n}\n#section_2641131 .ux-shape-divider--top svg {\n  height: 150px;\n  --divider-top-width: 100%;\n}\n#section_2641131 .ux-shape-divider--bottom svg {\n  height: 150px;\n  --divider-width: 100%;\n}\n<\/style>\n\t<\/section>\n\t\n","protected":false},"excerpt":{"rendered":"","protected":false},"author":2,"featured_media":0,"parent":0,"menu_order":0,"comment_status":"closed","ping_status":"closed","template":"","meta":[],"_links":{"self":[{"href":"https:\/\/www.lesjouetsvoyageurs.com\/location\/wp-json\/wp\/v2\/pages\/3728"}],"collection":[{"href":"https:\/\/www.lesjouetsvoyageurs.com\/location\/wp-json\/wp\/v2\/pages"}],"about":[{"href":"https:\/\/www.lesjouetsvoyageurs.com\/location\/wp-json\/wp\/v2\/types\/page"}],"author":[{"embeddable":true,"href":"https:\/\/www.lesjouetsvoyageurs.com\/location\/wp-json\/wp\/v2\/users\/2"}],"replies":[{"embeddable":true,"href":"https:\/\/www.lesjouetsvoyageurs.com\/location\/wp-json\/wp\/v2\/comments?post=3728"}],"version-history":[{"count":72,"href":"https:\/\/www.lesjouetsvoyageurs.com\/location\/wp-json\/wp\/v2\/pages\/3728\/revisions"}],"predecessor-version":[{"id":6181,"href":"https:\/\/www.lesjouetsvoyageurs.com\/location\/wp-json\/wp\/v2\/pages\/3728\/revisions\/6181"}],"wp:attachment":[{"href":"https:\/\/www.lesjouetsvoyageurs.com\/location\/wp-json\/wp\/v2\/media?parent=3728"}],"curies":[{"name":"wp","href":"https:\/\/api.w.org\/{rel}","templated":true}]}}