{"id":3816,"date":"2020-12-29T13:11:34","date_gmt":"2020-12-29T11:11:34","guid":{"rendered":"https:\/\/www.lesjouetsvoyageurs.com\/?page_id=3816"},"modified":"2022-05-25T22:45:51","modified_gmt":"2022-05-25T20:45:51","slug":"nos-engagements","status":"publish","type":"page","link":"https:\/\/www.lesjouetsvoyageurs.com\/location\/nos-engagements\/","title":{"rendered":"Jouets \u00e9cologiques pour b\u00e9b\u00e9 : nos 3 engagements"},"content":{"rendered":"\t<section class=\"section\" id=\"section_1503308917\">\n\t\t<div class=\"bg section-bg fill bg-fill  bg-loaded\" >\n\n\t\t\t\n\t\t\t\n\t\t\t\n\n\t\t<\/div>\n\n\t\t\n\n\t\t<div class=\"section-content relative\">\n\t\t\t\n<div class=\"row\"  id=\"row-1129744196\">\n\n\t<div id=\"col-1826714255\" class=\"col small-12 large-12\"  >\n\t\t\t\t<div class=\"col-inner text-center\"  >\n\t\t\t\n\t\t\t\n\t<div id=\"text-1185732792\" class=\"text\">\n\t\t\n<h2><span style=\"color: #4ab7a1;\">Nos engagements<\/span><\/h2>\n\t\t\n<style>\n#text-1185732792 {\n  font-size: 1.5rem;\n  text-align: center;\n}\n<\/style>\n\t<\/div>\n\t\n\t<div id=\"gap-1451046348\" class=\"gap-element clearfix\" style=\"display:block; height:auto;\">\n\t\t\n<style>\n#gap-1451046348 {\n  padding-top: 30px;\n}\n<\/style>\n\t<\/div>\n\t\n\t<div class=\"img has-hover x md-x lg-x y md-y lg-y\" id=\"image_2048352689\">\n\t\t\t\t\t\t\t\t<div class=\"img-inner dark\" >\n\t\t\t<img width=\"750\" height=\"411\" src=\"https:\/\/www.lesjouetsvoyageurs.com\/location\/wp-content\/uploads\/2020\/12\/Equipe-des-jouets-voyageurs.png\" class=\"attachment-large size-large\" alt=\"Les fondateurs des Jouets Voyageurs proposons une solution z\u00e9ro-d\u00e9chets avec la location de jouets \u00e9cologiques.\" loading=\"lazy\" srcset=\"https:\/\/www.lesjouetsvoyageurs.com\/location\/wp-content\/uploads\/2020\/12\/Equipe-des-jouets-voyageurs.png 750w, https:\/\/www.lesjouetsvoyageurs.com\/location\/wp-content\/uploads\/2020\/12\/Equipe-des-jouets-voyageurs-730x400.png 730w, https:\/\/www.lesjouetsvoyageurs.com\/location\/wp-content\/uploads\/2020\/12\/Equipe-des-jouets-voyageurs-600x329.png 600w\" sizes=\"(max-width: 750px) 100vw, 750px\" title=\"\">\t\t\t\t\t\t\n\t\t\t\t\t<\/div>\n\t\t\t\t\t\t\t\t\n<style>\n#image_2048352689 {\n  width: 100%;\n}\n@media (min-width:550px) {\n  #image_2048352689 {\n    width: 75%;\n  }\n}\n<\/style>\n\t<\/div>\n\t\n\t\t<\/div>\n\t\t\t\t\t<\/div>\n\n\t\n\n\t<div id=\"col-1272867753\" class=\"col small-12 large-12\"  >\n\t\t\t\t<div class=\"col-inner\"  >\n\t\t\t\n\t\t\t\n\t<div id=\"text-1176507565\" class=\"text\">\n\t\t\n<p style=\"text-align: left;\"><span style=\"font-size: 110%;\"><span style=\"font-size: 150%;\">Hello, nous c&rsquo;est Coralie et Guillaume<\/span>,<\/span><\/p>\n<p style=\"text-align: left;\"><span style=\"font-size: 110%;\">Des jeunes parents qui cherchent \u00e0 favoriser l&rsquo;\u00e9veil de leur enfant&#8230; tout en pr\u00e9servant la plan\u00e8te qu&rsquo;ils vont lui laisser. <\/span><span style=\"font-size: 110%;\">Ensemble nous avons imagin\u00e9 <strong>Les Jouets Voyageurs<\/strong> : un service z\u00e9ro contraintes qui permet de louer des jouets \u00e9cologiques pour les tout-petits de 0 \u00e0 6 ans.<\/span><\/p>\n<p><strong><span style=\"font-size: 110%;\">Avec Les Jouets Voyageurs, nous voulons&#8230;<\/span><\/strong><span style=\"font-size: 110%;\"><span style=\"color: #4ab7a1;\"><strong>Vous proposer des jouets \u00e9cologiques adapt\u00e9s \u00e0 votre enfant et \u00e0 ses besoins.<\/strong><\/span> Pour cela, nous sommes entour\u00e9s de sp\u00e9cialistes de la Petite Enfance qui nous aident \u00e0 choisir les jouets que nous proposons \u00e0 la location dans notre catalogue.<\/span><\/p>\n<p style=\"text-align: left;\"><span style=\"font-size: 110%;\"><span style=\"color: #4ab7a1;\"><strong>Mettre en place une vraie d\u00e9marche d&rsquo;\u00e9conomie circulaire et remettre \u00e0 neuf tous les jouets qui nous sont renvoy\u00e9s.<\/strong><\/span> Chaque jouet lou\u00e9 peut ainsi avoir plusieurs vies et \u00e7a, c&rsquo;est bon pour la plan\u00e8te !<\/span><\/p>\n<p style=\"text-align: left;\"><span style=\"font-size: 110%;\"><span style=\"color: #4ab7a1;\"><strong>Vous aider \u00e0 d\u00e9sencombrer votre int\u00e9rieur et \u00e9viter d&rsquo;accumuler une montagne de jouets devenus inutiles.<\/strong><\/span> Est-ce que vous saviez qu&rsquo;en moyenne, un jouet n&rsquo;est utilis\u00e9 que 6 \u00e0 8 mois? Ce sont ainsi 40 millions de jouets qui finissent \u00e0 la poubelle chaque ann\u00e9e en France.<\/span><\/p>\n<p style=\"text-align: left;\"><span style=\"font-size: 110%;\"><span style=\"color: #4ab7a1;\"><strong>Renouveler l&rsquo;int\u00e9r\u00eat de vos enfants et le plaisir de jouer en famille avec des jouets que l&rsquo;on peut \u00e9changer quand on le souhaite.<\/strong><\/span> On le sait bien, impossible de savoir \u00e0 l&rsquo;avance combien de temps un jouet sera utilis\u00e9 par notre enfant ! Chaque mois, vous pouvez donc renvoyer et \u00e9changer gratuitement le ou les jouets de votre choix.<\/span><\/p>\n\t\t\n<style>\n#text-1176507565 {\n  font-size: 1rem;\n}\n<\/style>\n\t<\/div>\n\t\n\t\t<\/div>\n\t\t\t\t\t<\/div>\n\n\t\n<\/div>\n\t\t<\/div>\n\n\t\t\n<style>\n#section_1503308917 {\n  padding-top: 30px;\n  padding-bottom: 30px;\n}\n#section_1503308917 .ux-shape-divider--top svg {\n  height: 150px;\n  --divider-top-width: 100%;\n}\n#section_1503308917 .ux-shape-divider--bottom svg {\n  height: 150px;\n  --divider-width: 100%;\n}\n<\/style>\n\t<\/section>\n\t\n\t<section class=\"section\" id=\"section_66024809\">\n\t\t<div class=\"bg section-bg fill bg-fill  bg-loaded\" >\n\n\t\t\t\n\t\t\t\n\t\t\t\n\n\t\t<\/div>\n\n\t\t\n\n\t\t<div class=\"section-content relative\">\n\t\t\t\n<div class=\"row\"  id=\"row-476419375\">\n\n\t<div id=\"col-1925416337\" class=\"col medium-4 small-12 large-4\"  >\n\t\t\t\t<div class=\"col-inner\"  >\n\t\t\t\n\t\t\t\n\t<div class=\"img has-hover x md-x lg-x y md-y lg-y\" id=\"image_1993509444\">\n\t\t\t\t\t\t\t\t<div class=\"img-inner dark\" >\n\t\t\t<img width=\"752\" height=\"752\" src=\"https:\/\/www.lesjouetsvoyageurs.com\/location\/wp-content\/uploads\/2020\/12\/Capture-de\u0301cran-2020-12-06-a\u0300-19.56.34.png\" class=\"attachment-large size-large\" alt=\"Banc \u00e0 marteler et ses 3 batonnets plantoys\" loading=\"lazy\" srcset=\"https:\/\/www.lesjouetsvoyageurs.com\/location\/wp-content\/uploads\/2020\/12\/Capture-de\u0301cran-2020-12-06-a\u0300-19.56.34.png 752w, https:\/\/www.lesjouetsvoyageurs.com\/location\/wp-content\/uploads\/2020\/12\/Capture-de\u0301cran-2020-12-06-a\u0300-19.56.34-400x400.png 400w, https:\/\/www.lesjouetsvoyageurs.com\/location\/wp-content\/uploads\/2020\/12\/Capture-de\u0301cran-2020-12-06-a\u0300-19.56.34-280x280.png 280w, https:\/\/www.lesjouetsvoyageurs.com\/location\/wp-content\/uploads\/2020\/12\/Capture-de\u0301cran-2020-12-06-a\u0300-19.56.34-300x300.png 300w, https:\/\/www.lesjouetsvoyageurs.com\/location\/wp-content\/uploads\/2020\/12\/Capture-de\u0301cran-2020-12-06-a\u0300-19.56.34-600x600.png 600w, https:\/\/www.lesjouetsvoyageurs.com\/location\/wp-content\/uploads\/2020\/12\/Capture-de\u0301cran-2020-12-06-a\u0300-19.56.34-100x100.png 100w\" sizes=\"(max-width: 752px) 100vw, 752px\" title=\"\">\t\t\t\t\t\t\n\t\t\t\t\t<\/div>\n\t\t\t\t\t\t\t\t\n<style>\n#image_1993509444 {\n  width: 100%;\n}\n<\/style>\n\t<\/div>\n\t\n\t\t<\/div>\n\t\t\t\t\t<\/div>\n\n\t\n\n\t<div id=\"col-654032953\" class=\"col medium-8 small-12 large-8\"  >\n\t\t\t\t<div class=\"col-inner\"  >\n\t\t\t\n\t\t\t\n<h3><span style=\"font-size: 130%;\">Des jouets de qualit\u00e9, con\u00e7us pour durer.<\/span><\/h3>\n<p>&nbsp;<\/p>\n<p><span style=\"font-size: 120%;\">Nous travaillons avec des marques engag\u00e9es qui utilisent des mat\u00e9riaux durables. Nous proposons notamment des jouets en bois certifi\u00e9s FSC. Cela signifie que pour chaque arbre coup\u00e9, un arbre est plant\u00e9. Cette d\u00e9marche garantit une gestion durable et responsable des for\u00eats.<\/span><\/p>\n<p><span style=\"font-size: 120%;\">Nous avons aussi s\u00e9lectionn\u00e9 des marques qui mettent en place des actions concr\u00e8tes pour maximiser la dur\u00e9e de vie des jouets que nous louons. C&rsquo;est par exemple le cas de la marque Haba qui propose des pi\u00e8ces d\u00e9tach\u00e9es pour ses jouets. Cela permet de remplacer les petites pi\u00e8ces perdues et de ne pas se retrouver avec un jouet devenu inutilisable !<\/span><\/p>\n\t\t<\/div>\n\t\t\t\t\t<\/div>\n\n\t\n<\/div>\n\t\t<\/div>\n\n\t\t\n<style>\n#section_66024809 {\n  padding-top: 30px;\n  padding-bottom: 30px;\n}\n#section_66024809 .ux-shape-divider--top svg {\n  height: 150px;\n  --divider-top-width: 100%;\n}\n#section_66024809 .ux-shape-divider--bottom svg {\n  height: 150px;\n  --divider-width: 100%;\n}\n<\/style>\n\t<\/section>\n\t\n\t<section class=\"section\" id=\"section_2112625450\">\n\t\t<div class=\"bg section-bg fill bg-fill  bg-loaded\" >\n\n\t\t\t\n\t\t\t\n\t\t\t\n\n\t\t<\/div>\n\n\t\t\n\n\t\t<div class=\"section-content relative\">\n\t\t\t\n<div class=\"row\"  id=\"row-507275251\">\n\n\t<div id=\"col-620782729\" class=\"col medium-8 small-12 large-8\"  >\n\t\t\t\t<div class=\"col-inner\"  >\n\t\t\t\n\t\t\t\n<h3><span style=\"font-size: 130%;\">Une fabrication responsable.<\/span><\/h3>\n<p>&nbsp;<\/p>\n<p><span style=\"font-size: 120%;\">Nous favorisons autant que possible les jouets fabriqu\u00e9s en France et en Europe.<\/span><\/p>\n<p><span style=\"font-size: 120%;\">Lorsqu&rsquo;ils viennent de plus loin, nous sommes tr\u00e8s attentifs aux conditions de fabrication des jouets. Nous v\u00e9rifions en particulier les engagements des fabricants sur le plan social et environnemental que nous vous d\u00e9taillons dans <a href=\"\/blog\">notre magazine<\/a>.<\/span><\/p>\n<p>&nbsp;<\/p>\n\t\t<\/div>\n\t\t\t\t\t<\/div>\n\n\t\n\n\t<div id=\"col-920284104\" class=\"col medium-4 small-12 large-4\"  >\n\t\t\t\t<div class=\"col-inner\"  >\n\t\t\t\n\t\t\t\n\t<div class=\"img has-hover x md-x lg-x y md-y lg-y\" id=\"image_1799217176\">\n\t\t\t\t\t\t\t\t<div class=\"img-inner dark\" >\n\t\t\t<img width=\"645\" height=\"645\" src=\"https:\/\/www.lesjouetsvoyageurs.com\/location\/wp-content\/uploads\/2020\/12\/Jouets-a\u0300-la-location-fabrique\u0301s-en-France.png\" class=\"attachment-large size-large\" alt=\"Jouets made in france\" loading=\"lazy\" srcset=\"https:\/\/www.lesjouetsvoyageurs.com\/location\/wp-content\/uploads\/2020\/12\/Jouets-a\u0300-la-location-fabrique\u0301s-en-France.png 645w, https:\/\/www.lesjouetsvoyageurs.com\/location\/wp-content\/uploads\/2020\/12\/Jouets-a\u0300-la-location-fabrique\u0301s-en-France-400x400.png 400w, https:\/\/www.lesjouetsvoyageurs.com\/location\/wp-content\/uploads\/2020\/12\/Jouets-a\u0300-la-location-fabrique\u0301s-en-France-280x280.png 280w, https:\/\/www.lesjouetsvoyageurs.com\/location\/wp-content\/uploads\/2020\/12\/Jouets-a\u0300-la-location-fabrique\u0301s-en-France-300x300.png 300w, https:\/\/www.lesjouetsvoyageurs.com\/location\/wp-content\/uploads\/2020\/12\/Jouets-a\u0300-la-location-fabrique\u0301s-en-France-600x600.png 600w, https:\/\/www.lesjouetsvoyageurs.com\/location\/wp-content\/uploads\/2020\/12\/Jouets-a\u0300-la-location-fabrique\u0301s-en-France-100x100.png 100w\" sizes=\"(max-width: 645px) 100vw, 645px\" title=\"\">\t\t\t\t\t\t\n\t\t\t\t\t<\/div>\n\t\t\t\t\t\t\t\t\n<style>\n#image_1799217176 {\n  width: 100%;\n}\n<\/style>\n\t<\/div>\n\t\n\t\t<\/div>\n\t\t\t\t\t<\/div>\n\n\t\n<\/div>\n\t\t<\/div>\n\n\t\t\n<style>\n#section_2112625450 {\n  padding-top: 30px;\n  padding-bottom: 30px;\n}\n#section_2112625450 .ux-shape-divider--top svg {\n  height: 150px;\n  --divider-top-width: 100%;\n}\n#section_2112625450 .ux-shape-divider--bottom svg {\n  height: 150px;\n  --divider-width: 100%;\n}\n<\/style>\n\t<\/section>\n\t\n\t<section class=\"section\" id=\"section_659077325\">\n\t\t<div class=\"bg section-bg fill bg-fill  bg-loaded\" >\n\n\t\t\t\n\t\t\t\n\t\t\t\n\n\t\t<\/div>\n\n\t\t\n\n\t\t<div class=\"section-content relative\">\n\t\t\t\n<div class=\"row align-middle align-center\"  id=\"row-1494680210\">\n\n\t<div id=\"col-2026394374\" class=\"col small-12 large-12\"  >\n\t\t\t\t<div class=\"col-inner text-center\"  >\n\t\t\t\n\t\t\t\n<a href=\"\/location\/abonnement\" target=\"_self\" class=\"button primary\"  style=\"border-radius:10px;\">\n    <span>JE M'ABONNE !<\/span>\n  <\/a>\n\n<a href=\"\/location\/carte-cadeau-naissance-anniversaire\/\" target=\"_self\" class=\"button primary\"  style=\"border-radius:10px;\">\n    <span>J'OFFRE UNE CARTE CADEAU<\/span>\n  <\/a>\n\n\t\t<\/div>\n\t\t\t\t\t<\/div>\n\n\t\n<\/div>\n\t\t<\/div>\n\n\t\t\n<style>\n#section_659077325 {\n  padding-top: 0px;\n  padding-bottom: 0px;\n}\n#section_659077325 .ux-shape-divider--top svg {\n  height: 150px;\n  --divider-top-width: 100%;\n}\n#section_659077325 .ux-shape-divider--bottom svg {\n  height: 150px;\n  --divider-width: 100%;\n}\n<\/style>\n\t<\/section>\n\t\n","protected":false},"excerpt":{"rendered":"","protected":false},"author":2,"featured_media":0,"parent":0,"menu_order":0,"comment_status":"closed","ping_status":"closed","template":"page-blank.php","meta":[],"_links":{"self":[{"href":"https:\/\/www.lesjouetsvoyageurs.com\/location\/wp-json\/wp\/v2\/pages\/3816"}],"collection":[{"href":"https:\/\/www.lesjouetsvoyageurs.com\/location\/wp-json\/wp\/v2\/pages"}],"about":[{"href":"https:\/\/www.lesjouetsvoyageurs.com\/location\/wp-json\/wp\/v2\/types\/page"}],"author":[{"embeddable":true,"href":"https:\/\/www.lesjouetsvoyageurs.com\/location\/wp-json\/wp\/v2\/users\/2"}],"replies":[{"embeddable":true,"href":"https:\/\/www.lesjouetsvoyageurs.com\/location\/wp-json\/wp\/v2\/comments?post=3816"}],"version-history":[{"count":31,"href":"https:\/\/www.lesjouetsvoyageurs.com\/location\/wp-json\/wp\/v2\/pages\/3816\/revisions"}],"predecessor-version":[{"id":6175,"href":"https:\/\/www.lesjouetsvoyageurs.com\/location\/wp-json\/wp\/v2\/pages\/3816\/revisions\/6175"}],"wp:attachment":[{"href":"https:\/\/www.lesjouetsvoyageurs.com\/location\/wp-json\/wp\/v2\/media?parent=3816"}],"curies":[{"name":"wp","href":"https:\/\/api.w.org\/{rel}","templated":true}]}}