{"id":1004,"date":"2020-05-31T21:00:26","date_gmt":"2020-05-31T19:00:26","guid":{"rendered":"https:\/\/www.lesjouetsvoyageurs.com\/?post_type=product&#038;p=1004"},"modified":"2023-05-23T20:47:55","modified_gmt":"2023-05-23T18:47:55","slug":"chariot-de-marche-piverts-plan-toys","status":"publish","type":"product","link":"https:\/\/www.lesjouetsvoyageurs.com\/location\/jouets\/chariot-de-marche-piverts-plan-toys\/","title":{"rendered":"Chariot de marche Piverts Plan Toys"},"content":{"rendered":"<p>Ce chariot de marche pivert accompagne b\u00e9b\u00e9 dans ses premiers pas et peut \u00eatre propos\u00e9 \u00e0 partir de 10 mois.<\/p>\n<p>Envie d\u2019en savoir plus sur les engagements de la marque?<br \/>\n\ud83d\udc49\u00a0<a href=\"https:\/\/www.plantoys.com\/child-development\" target=\"_blank\" rel=\"noopener\">Consultez la pr\u00e9sentation de PlanToys.<\/a><\/p>\n<p>LE PRIX ABONN\u00c9 C\u2019EST QUOI?<br \/>\nVous avez un coup de coeur pour un jouet propos\u00e9 \u00e0 la location?<br \/>\nNous vous proposons de garder chaque jouet lou\u00e9 \u00e0 un prix pr\u00e9f\u00e9rentiel, clairement indiqu\u00e9 sur chaque fiche.<\/p>\n<p>Un chariot de marche pour accompagner votre enfant dans ses premiers pas et l&rsquo;acquisition de la marche.<\/p>\n","protected":false},"excerpt":{"rendered":"<p>Chariot de marche sonore<\/p>\n<p><img class=\"emoji\" role=\"img\" draggable=\"false\" src=\"https:\/\/s.w.org\/images\/core\/emoji\/13.0.1\/svg\/2764.svg\" alt=\"\u2764\" \/>\u00a0Accompagne b\u00e9b\u00e9 dans ses premiers pas\u00a0<img class=\"emoji\" role=\"img\" draggable=\"false\" src=\"https:\/\/s.w.org\/images\/core\/emoji\/13.0.1\/svg\/1f389.svg\" alt=\"\ud83c\udf89\" \/><br \/>\n<img class=\"emoji\" role=\"img\" draggable=\"false\" src=\"https:\/\/s.w.org\/images\/core\/emoji\/13.0.1\/svg\/2764.svg\" alt=\"\u2764\" \/> Les piverts bougent quand b\u00e9b\u00e9 avance<br \/>\n<img class=\"emoji\" role=\"img\" draggable=\"false\" src=\"https:\/\/s.w.org\/images\/core\/emoji\/13.0.1\/svg\/2764.svg\" alt=\"\u2764\" \/>\u00a0Bois d\u2019h\u00e9v\u00e9a durable\u00a0<img class=\"emoji\" role=\"img\" draggable=\"false\" src=\"https:\/\/s.w.org\/images\/core\/emoji\/13.0.1\/svg\/1f33f.svg\" alt=\"\ud83c\udf3f\" \/><\/p>\n","protected":false},"featured_media":1005,"template":"","meta":[],"product_cat":[15],"product_tag":[],"_links":{"self":[{"href":"https:\/\/www.lesjouetsvoyageurs.com\/location\/wp-json\/wp\/v2\/product\/1004"}],"collection":[{"href":"https:\/\/www.lesjouetsvoyageurs.com\/location\/wp-json\/wp\/v2\/product"}],"about":[{"href":"https:\/\/www.lesjouetsvoyageurs.com\/location\/wp-json\/wp\/v2\/types\/product"}],"wp:featuredmedia":[{"embeddable":true,"href":"https:\/\/www.lesjouetsvoyageurs.com\/location\/wp-json\/wp\/v2\/media\/1005"}],"wp:attachment":[{"href":"https:\/\/www.lesjouetsvoyageurs.com\/location\/wp-json\/wp\/v2\/media?parent=1004"}],"wp:term":[{"taxonomy":"product_cat","embeddable":true,"href":"https:\/\/www.lesjouetsvoyageurs.com\/location\/wp-json\/wp\/v2\/product_cat?post=1004"},{"taxonomy":"product_tag","embeddable":true,"href":"https:\/\/www.lesjouetsvoyageurs.com\/location\/wp-json\/wp\/v2\/product_tag?post=1004"}],"curies":[{"name":"wp","href":"https:\/\/api.w.org\/{rel}","templated":true}]}}