{"id":1293,"date":"2020-06-13T21:14:23","date_gmt":"2020-06-13T19:14:23","guid":{"rendered":"https:\/\/www.lesjouetsvoyageurs.com\/?post_type=product&#038;p=1293"},"modified":"2021-11-21T00:08:32","modified_gmt":"2021-11-20T22:08:32","slug":"beetle-car-briki-vroom-vroom","status":"publish","type":"product","link":"https:\/\/www.lesjouetsvoyageurs.com\/location\/jouets\/beetle-car-briki-vroom-vroom\/","title":{"rendered":"Beetle car Briki Vroom Vroom"},"content":{"rendered":"<p>Cette Beetle Car <a href=\"https:\/\/brikivroomvroom.bigcartel.com\/qui-sommes-nous\" target=\"_blank\" rel=\"noopener\">Briki Vroom Vroom<\/a> est un adorable jouet \u00e0 pousser. Elle est fabriqu\u00e9e de mani\u00e8re artisanale avec du bois d\u2019\u00e9rable tr\u00e8s doux au toucher. Le bois utilis\u00e9 est certifi\u00e9 FSC et issu de for\u00eats g\u00e9r\u00e9es durablement. Lors de la fabrication, il est parfaitement poli puis vernis \u00e0 l\u2019eau et enfin peint \u00e0 la main.<\/p>\n<h2><span style=\"font-size: 80%;\">Chaque beetle car Briki Vroom Vroom est unique !<\/span><\/h2>\n<p>Les nuances de teintes de bois et le grain varient naturellement et sensiblement sur chaque pi\u00e8ce.<br \/>\nPour en savoir plus sur les engagements de la <a href=\"https:\/\/www.lesjouetsvoyageurs.com\/location\/blog\/marque-jouets-briki-vroom-vroom\/\">marque Briki Vroom Vroom<\/a><\/p>\n<p>LE PRIX ABONN\u00c9 C\u2019EST QUOI?<br \/>\nVous avez un coup de coeur pour un jouet propos\u00e9 \u00e0 la location?<br \/>\nNous vous proposons de garder chaque jouet lou\u00e9 \u00e0 un prix pr\u00e9f\u00e9rentiel, clairement indiqu\u00e9 sur chaque fiche.<\/p>\n","protected":false},"excerpt":{"rendered":"<p>Beetle car Briki Vroom Vroom \u00e0 pousser<\/p>\n<p>\u2764 On aime son petit look vintage<br \/>\n\u2764 Pour les enfants d\u00e8s 12 mois<br \/>\n\u2764 Fabrication artisanale de qualit\u00e9<\/p>\n","protected":false},"featured_media":1294,"template":"","meta":[],"product_cat":[15],"product_tag":[],"_links":{"self":[{"href":"https:\/\/www.lesjouetsvoyageurs.com\/location\/wp-json\/wp\/v2\/product\/1293"}],"collection":[{"href":"https:\/\/www.lesjouetsvoyageurs.com\/location\/wp-json\/wp\/v2\/product"}],"about":[{"href":"https:\/\/www.lesjouetsvoyageurs.com\/location\/wp-json\/wp\/v2\/types\/product"}],"wp:featuredmedia":[{"embeddable":true,"href":"https:\/\/www.lesjouetsvoyageurs.com\/location\/wp-json\/wp\/v2\/media\/1294"}],"wp:attachment":[{"href":"https:\/\/www.lesjouetsvoyageurs.com\/location\/wp-json\/wp\/v2\/media?parent=1293"}],"wp:term":[{"taxonomy":"product_cat","embeddable":true,"href":"https:\/\/www.lesjouetsvoyageurs.com\/location\/wp-json\/wp\/v2\/product_cat?post=1293"},{"taxonomy":"product_tag","embeddable":true,"href":"https:\/\/www.lesjouetsvoyageurs.com\/location\/wp-json\/wp\/v2\/product_tag?post=1293"}],"curies":[{"name":"wp","href":"https:\/\/api.w.org\/{rel}","templated":true}]}}