{"id":1297,"date":"2020-06-13T21:25:39","date_gmt":"2020-06-13T19:25:39","guid":{"rendered":"https:\/\/www.lesjouetsvoyageurs.com\/?post_type=product&#038;p=1297"},"modified":"2023-08-10T17:08:45","modified_gmt":"2023-08-10T15:08:45","slug":"minicar-briki-vroom-vroom","status":"publish","type":"product","link":"https:\/\/www.lesjouetsvoyageurs.com\/location\/jouets\/minicar-briki-vroom-vroom\/","title":{"rendered":"Minicar Briki Vroom Vroom"},"content":{"rendered":"<p>Cette minicar <a href=\"https:\/\/brikivroomvroom.bigcartel.com\/qui-sommes-nous\" target=\"_blank\" rel=\"noopener\">briki vroom vroom<\/a> est une petite voiture \u00e0 pousser fabriqu\u00e9e de mani\u00e8re artisanale avec du bois d\u2019\u00e9rable. Le bois utilis\u00e9, issu de for\u00eats g\u00e9r\u00e9es durablement, est parfaitement poli puis vernis \u00e0 l\u2019eau et peint \u00e0 la main.<\/p>\n<h2><span style=\"font-size: 80%;\">Chaque minicar Briki Vroom Vroom est unique !<\/span><\/h2>\n<p>Les nuances de teintes de bois et le grain varient naturellement et sensiblement sur chaque pi\u00e8ce.<br \/>\nEnvie d&rsquo;en savoir plus sur les engagements de la marque? D\u00e9couvrez la pr\u00e9sentation de <a href=\"https:\/\/www.lesjouetsvoyageurs.com\/location\/blog\/marque-jouets-briki-vroom-vroom\/\">Briki Vroom<\/a> !<\/p>\n<p>LE PRIX ABONN\u00c9 C\u2019EST QUOI?<br \/>\nVous avez un coup de coeur pour ce jouet Briki Vroom Vroom propos\u00e9 \u00e0 la location?<br \/>\nNous vous proposons de garder chaque jouet lou\u00e9 \u00e0 un prix pr\u00e9f\u00e9rentiel, clairement indiqu\u00e9 sur chaque fiche.<\/p>\n","protected":false},"excerpt":{"rendered":"<p>Minicar Briki Vroom Vroom \u00e0 pousser<\/p>\n<p>\u2764\u00a0D\u00e8s 12 mois<br \/>\n\u2764\u00a0Peint \u00e0 la main<br \/>\n\u2764\u00a0Bois d\u2019\u00e9rable issu de for\u00eats g\u00e9r\u00e9es durablement<\/p>\n","protected":false},"featured_media":1298,"template":"","meta":[],"product_cat":[15],"product_tag":[],"_links":{"self":[{"href":"https:\/\/www.lesjouetsvoyageurs.com\/location\/wp-json\/wp\/v2\/product\/1297"}],"collection":[{"href":"https:\/\/www.lesjouetsvoyageurs.com\/location\/wp-json\/wp\/v2\/product"}],"about":[{"href":"https:\/\/www.lesjouetsvoyageurs.com\/location\/wp-json\/wp\/v2\/types\/product"}],"wp:featuredmedia":[{"embeddable":true,"href":"https:\/\/www.lesjouetsvoyageurs.com\/location\/wp-json\/wp\/v2\/media\/1298"}],"wp:attachment":[{"href":"https:\/\/www.lesjouetsvoyageurs.com\/location\/wp-json\/wp\/v2\/media?parent=1297"}],"wp:term":[{"taxonomy":"product_cat","embeddable":true,"href":"https:\/\/www.lesjouetsvoyageurs.com\/location\/wp-json\/wp\/v2\/product_cat?post=1297"},{"taxonomy":"product_tag","embeddable":true,"href":"https:\/\/www.lesjouetsvoyageurs.com\/location\/wp-json\/wp\/v2\/product_tag?post=1297"}],"curies":[{"name":"wp","href":"https:\/\/api.w.org\/{rel}","templated":true}]}}