{"id":1300,"date":"2020-06-13T21:30:30","date_gmt":"2020-06-13T19:30:30","guid":{"rendered":"https:\/\/www.lesjouetsvoyageurs.com\/?post_type=product&#038;p=1300"},"modified":"2022-09-18T18:08:09","modified_gmt":"2022-09-18T16:08:09","slug":"voiture-truck-briki-vroom-vroom","status":"publish","type":"product","link":"https:\/\/www.lesjouetsvoyageurs.com\/location\/jouets\/voiture-truck-briki-vroom-vroom\/","title":{"rendered":"Voiture Truck Briki Vroom Vroom"},"content":{"rendered":"<p>Ce camion \u00e0 pousser <a href=\"https:\/\/brikivroomvroom.bigcartel.com\/qui-sommes-nous\" target=\"_blank\" rel=\"noopener\">Briki Vroom Vroom<\/a> est fabriqu\u00e9 de mani\u00e8re artisanale avec du bois d\u2019\u00e9rable. Les angles arrondis et la taille du jouet sont pens\u00e9s pour les petites mains. Un jouet \u00e0 proposer d\u00e8s 12 mois.<\/p>\n<h2><span style=\"font-size: 80%;\">Fabrication du truck Briki Vroom Vroom<\/span><\/h2>\n<p>Le bois utilis\u00e9 est issu de for\u00eats g\u00e9r\u00e9es durablement. La certification FSC garantit qu&rsquo;un arbre est plant\u00e9 chaque fois qu&rsquo;un arbre est coup\u00e9. Le bois utilis\u00e9 parfaitement poli pour \u00e9viter tout risque d&rsquo;\u00e9charde. Le truck Briki Vroom Vroom est ensuite vernis \u00e0 l\u2019eau et peint \u00e0 la main.<\/p>\n<p>Envie d\u2019en savoir plus sur les engagements de la marque?<br \/>\n\ud83d\udc49 Consultez la pr\u00e9sentation de <a href=\"https:\/\/www.lesjouetsvoyageurs.com\/location\/blog\/marque-jouets-briki-vroom-vroom\/\">Briki Vroom Vroom<\/a>.<\/p>\n<p>\ud83d\udc95 Chaque truck Briki Vroom Vroom est unique !<br \/>\nLes nuances de teintes de bois et le grain varient naturellement et sensiblement sur chaque pi\u00e8ce.<\/p>\n<p>LE PRIX ABONN\u00c9 C\u2019EST QUOI?<br \/>\nVous avez un coup de coeur pour un jouet propos\u00e9 \u00e0 la location?<br \/>\nNous vous proposons de garder chaque jouet lou\u00e9 \u00e0 un prix pr\u00e9f\u00e9rentiel, clairement indiqu\u00e9 sur chaque fiche.<\/p>\n<p>&nbsp;<\/p>\n","protected":false},"excerpt":{"rendered":"<p>Un petit camion \u00e0 pousser<\/p>\n<p>\u2764 D\u00e8s 12 mois<br \/>\n\u2764 Peint \u00e0 la main<br \/>\n\u2764 Bois d\u2019\u00e9rable issu de for\u00eats g\u00e9r\u00e9es durablement<\/p>\n","protected":false},"featured_media":1301,"template":"","meta":[],"product_cat":[15],"product_tag":[],"_links":{"self":[{"href":"https:\/\/www.lesjouetsvoyageurs.com\/location\/wp-json\/wp\/v2\/product\/1300"}],"collection":[{"href":"https:\/\/www.lesjouetsvoyageurs.com\/location\/wp-json\/wp\/v2\/product"}],"about":[{"href":"https:\/\/www.lesjouetsvoyageurs.com\/location\/wp-json\/wp\/v2\/types\/product"}],"wp:featuredmedia":[{"embeddable":true,"href":"https:\/\/www.lesjouetsvoyageurs.com\/location\/wp-json\/wp\/v2\/media\/1301"}],"wp:attachment":[{"href":"https:\/\/www.lesjouetsvoyageurs.com\/location\/wp-json\/wp\/v2\/media?parent=1300"}],"wp:term":[{"taxonomy":"product_cat","embeddable":true,"href":"https:\/\/www.lesjouetsvoyageurs.com\/location\/wp-json\/wp\/v2\/product_cat?post=1300"},{"taxonomy":"product_tag","embeddable":true,"href":"https:\/\/www.lesjouetsvoyageurs.com\/location\/wp-json\/wp\/v2\/product_tag?post=1300"}],"curies":[{"name":"wp","href":"https:\/\/api.w.org\/{rel}","templated":true}]}}