{"id":1318,"date":"2020-06-13T21:52:15","date_gmt":"2020-06-13T19:52:15","guid":{"rendered":"https:\/\/www.lesjouetsvoyageurs.com\/?post_type=product&#038;p=1318"},"modified":"2022-09-18T18:07:49","modified_gmt":"2022-09-18T16:07:49","slug":"hochet-lapin-briki-vroom-vroom","status":"publish","type":"product","link":"https:\/\/www.lesjouetsvoyageurs.com\/location\/jouets\/hochet-lapin-briki-vroom-vroom\/","title":{"rendered":"Hochet Lapin Briki Vroom Vroom"},"content":{"rendered":"<div class=\"page\" title=\"Page 11\">\n<div class=\"layoutArea\">\n<div class=\"column\">\n<p>Un mignon hochet en forme de lapin imagin\u00e9 par la marque fran\u00e7aise <a href=\"https:\/\/brikivroomvroom.bigcartel.com\/qui-sommes-nous\" target=\"_blank\" rel=\"noopener\">Briki Vroom Vroom<\/a>.<br \/>\nIl est fabriqu\u00e9 avec du bois d\u2019\u00e9rable issu de for\u00eats g\u00e9r\u00e9es durablement et labellis\u00e9 FSC. L&rsquo;utilisation du bois d&rsquo;\u00e9rable en fait un jouet tr\u00e8s l\u00e9ger et facile \u00e0 attraper : il ne p\u00e8se que 15 grammes. De plus, le bois d&rsquo;\u00e9rable ne fait pas d&rsquo;\u00e9chardes, il est au contraire tr\u00e8s doux au toucher. Vous pouvez le proposer \u00e0 b\u00e9b\u00e9 en toute s\u00e9r\u00e9nit\u00e9. Sa taille de 9 cm en fait un jouet id\u00e9al pour les petites mains de b\u00e9b\u00e9. Il est \u00e9galement possible de glisser et nouer un lange dans l&rsquo;anneau pour faciliter la pr\u00e9hension du jouet par b\u00e9b\u00e9.<\/p>\n<p>Les nuances de teintes de bois et le grain varient naturellement et sensiblement sur chaque pi\u00e8ce.<\/p>\n<h2><span style=\"font-size: 80%;\">Chaque hochet lapin Briki Vroom Vroom est unique!<\/span><\/h2>\n<p>Envie d\u2019en savoir plus sur les engagements de la marque?<br \/>\n\ud83d\udc49\u00a0Consultez la pr\u00e9sentation de <a href=\"https:\/\/www.lesjouetsvoyageurs.com\/location\/blog\/marque-jouets-briki-vroom-vroom\/\">Briki Vroom Vroom<\/a>.<\/p>\n<p>\ud83d\udc95 Stimule la motricit\u00e9 fine. Ce hochet lapin Briki Vroom Vroom peut \u00eatre propos\u00e9 \u00e0 b\u00e9b\u00e9 d\u00e8s 4 mois.<\/p>\n<p>LE PRIX ABONN\u00c9 C\u2019EST QUOI?<br \/>\nVous avez un coup de coeur pour un jouet propos\u00e9 \u00e0 la location?<br \/>\nNous vous proposons de garder chaque jouet lou\u00e9 \u00e0 un prix pr\u00e9f\u00e9rentiel, clairement indiqu\u00e9 sur chaque fiche<\/p>\n<\/div>\n<\/div>\n<\/div>\n","protected":false},"excerpt":{"rendered":"<p>Hochet lapin Briki Vroom Vroom pour les tout-petits<\/p>\n<p>\u2764 Bois d&rsquo;\u00e9rable l\u00e9ger, doux et naturel<br \/>\n\u2764\u00a0D\u00e9veloppe la motricit\u00e9 fine<br \/>\n\u2764 Adapt\u00e9 aux petites mains de b\u00e9b\u00e9<\/p>\n","protected":false},"featured_media":1319,"template":"","meta":[],"product_cat":[15],"product_tag":[],"_links":{"self":[{"href":"https:\/\/www.lesjouetsvoyageurs.com\/location\/wp-json\/wp\/v2\/product\/1318"}],"collection":[{"href":"https:\/\/www.lesjouetsvoyageurs.com\/location\/wp-json\/wp\/v2\/product"}],"about":[{"href":"https:\/\/www.lesjouetsvoyageurs.com\/location\/wp-json\/wp\/v2\/types\/product"}],"wp:featuredmedia":[{"embeddable":true,"href":"https:\/\/www.lesjouetsvoyageurs.com\/location\/wp-json\/wp\/v2\/media\/1319"}],"wp:attachment":[{"href":"https:\/\/www.lesjouetsvoyageurs.com\/location\/wp-json\/wp\/v2\/media?parent=1318"}],"wp:term":[{"taxonomy":"product_cat","embeddable":true,"href":"https:\/\/www.lesjouetsvoyageurs.com\/location\/wp-json\/wp\/v2\/product_cat?post=1318"},{"taxonomy":"product_tag","embeddable":true,"href":"https:\/\/www.lesjouetsvoyageurs.com\/location\/wp-json\/wp\/v2\/product_tag?post=1318"}],"curies":[{"name":"wp","href":"https:\/\/api.w.org\/{rel}","templated":true}]}}