{"id":1358,"date":"2020-06-13T22:36:57","date_gmt":"2020-06-13T20:36:57","guid":{"rendered":"https:\/\/www.lesjouetsvoyageurs.com\/?post_type=product&#038;p=1358"},"modified":"2023-09-06T13:20:04","modified_gmt":"2023-09-06T11:20:04","slug":"mesange-paulette-et-sacha","status":"publish","type":"product","link":"https:\/\/www.lesjouetsvoyageurs.com\/location\/jouets\/mesange-paulette-et-sacha\/","title":{"rendered":"M\u00e9sange avec ailes en coton Bio &#8211; Paulette et Sacha"},"content":{"rendered":"<p>Une m\u00e9sange Paulette et Sacha en bois de h\u00eatre et aux ailes en coton Bio. Un joli jouet fabriqu\u00e9 en France \u00e0 proposer aux petits d\u00e8s 10 mois. Il existe plusieurs imprim\u00e9s de tissus diff\u00e9rents \u00e0 d\u00e9couvrir !<\/p>\n<p>Envie d\u2019en savoir plus sur les engagements de la marque?<br \/>\nConsultez la <a href=\"https:\/\/www.lesjouetsvoyageurs.com\/location\/blog\/marque-jouets-paulette-et-sacha\/\" target=\"_blank\" rel=\"noopener\">pr\u00e9sentation de Paulette et Sacha<\/a>.<\/p>\n<p>\ud83d\udc95 Fabriqu\u00e9 en France !<br \/>\nPendant la dur\u00e9e de location du jouet, vous pouvez laver la partie en tissu de la m\u00e9sange Paulette et Sacha en machine \u00e0 40\u00b0 avant de la faire s\u00e9cher \u00e0 l&rsquo;air libre (pas de s\u00e8che-linge)<\/p>\n<p>LE PRIX ABONN\u00c9 C\u2019EST QUOI?<br \/>\nVous avez un coup de coeur pour un jouet propos\u00e9 \u00e0 la location?<br \/>\nNous vous proposons de garder chaque jouet lou\u00e9 \u00e0 un prix pr\u00e9f\u00e9rentiel, clairement indiqu\u00e9 sur chaque fiche.<\/p>\n","protected":false},"excerpt":{"rendered":"<p>Une m\u00e9sange en bois et coton Bio<\/p>\n<p>\u2764 Fabriqu\u00e9 en France<br \/>\n\u2764 Parfait pour les petites mains<br \/>\n\u2764\u00a0Tissu certifi\u00e9 Oeko-Tex<\/p>\n","protected":false},"featured_media":1347,"template":"","meta":[],"product_cat":[15],"product_tag":[],"_links":{"self":[{"href":"https:\/\/www.lesjouetsvoyageurs.com\/location\/wp-json\/wp\/v2\/product\/1358"}],"collection":[{"href":"https:\/\/www.lesjouetsvoyageurs.com\/location\/wp-json\/wp\/v2\/product"}],"about":[{"href":"https:\/\/www.lesjouetsvoyageurs.com\/location\/wp-json\/wp\/v2\/types\/product"}],"wp:featuredmedia":[{"embeddable":true,"href":"https:\/\/www.lesjouetsvoyageurs.com\/location\/wp-json\/wp\/v2\/media\/1347"}],"wp:attachment":[{"href":"https:\/\/www.lesjouetsvoyageurs.com\/location\/wp-json\/wp\/v2\/media?parent=1358"}],"wp:term":[{"taxonomy":"product_cat","embeddable":true,"href":"https:\/\/www.lesjouetsvoyageurs.com\/location\/wp-json\/wp\/v2\/product_cat?post=1358"},{"taxonomy":"product_tag","embeddable":true,"href":"https:\/\/www.lesjouetsvoyageurs.com\/location\/wp-json\/wp\/v2\/product_tag?post=1358"}],"curies":[{"name":"wp","href":"https:\/\/api.w.org\/{rel}","templated":true}]}}