{"id":1360,"date":"2020-06-13T22:38:28","date_gmt":"2020-06-13T20:38:28","guid":{"rendered":"https:\/\/www.lesjouetsvoyageurs.com\/?post_type=product&#038;p=1360"},"modified":"2022-09-18T18:07:18","modified_gmt":"2022-09-18T16:07:18","slug":"baleine-tissu-coton-bio-paulette-et-sacha","status":"publish","type":"product","link":"https:\/\/www.lesjouetsvoyageurs.com\/location\/jouets\/baleine-tissu-coton-bio-paulette-et-sacha\/","title":{"rendered":"Baleine avec ailes en coton Bio \u2013 Paulette et Sacha"},"content":{"rendered":"<p>Une baleine ail\u00e9e en bois de h\u00eatre et coton Bio de la marque Paulette et Sacha.<br \/>\nUn joli jouet fabriqu\u00e9 en France \u00e0 proposer aux petits d\u00e8s 10 mois. Il existe plusieurs imprim\u00e9s de tissus diff\u00e9rents \u00e0 d\u00e9couvrir !<\/p>\n<p>Envie d\u2019en savoir plus sur les engagements de la marque?<br \/>\n\ud83d\udc49\u00a0Consultez la pr\u00e9sentation de Paulette et Sacha.<\/p>\n<p>\ud83d\udc95\u00a0Fabriqu\u00e9 en France !<br \/>\nPendant la dur\u00e9e de location du jouet, vous pouvez laver la partie en tissu de la baleine en machine \u00e0 40\u00b0 avant de la faire s\u00e9cher \u00e0 l\u2019air libre (pas de s\u00e8che-linge)<\/p>\n<p>LE PRIX ABONN\u00c9 C\u2019EST QUOI?<br \/>\nVous avez un coup de coeur pour un jouet propos\u00e9 \u00e0 la location?<br \/>\nNous vous proposons de garder chaque jouet lou\u00e9 \u00e0 un prix pr\u00e9f\u00e9rentiel, clairement indiqu\u00e9 sur chaque fiche.<\/p>\n","protected":false},"excerpt":{"rendered":"<div class=\"product-short-description\">\n<p>Une baleine en bois et coton Bio<\/p>\n<p>\u2764\u00a0Fabriqu\u00e9 en France\u00a0\ud83c\uddeb\ud83c\uddf7<br \/>\n\u2764\u00a0Parfait pour les petites mains<br \/>\n\u2764\u00a0Tissu certifi\u00e9 Oeko-Tex\ud83c\udf3f<\/p>\n<\/div>\n","protected":false},"featured_media":1368,"template":"","meta":[],"product_cat":[15],"product_tag":[],"_links":{"self":[{"href":"https:\/\/www.lesjouetsvoyageurs.com\/location\/wp-json\/wp\/v2\/product\/1360"}],"collection":[{"href":"https:\/\/www.lesjouetsvoyageurs.com\/location\/wp-json\/wp\/v2\/product"}],"about":[{"href":"https:\/\/www.lesjouetsvoyageurs.com\/location\/wp-json\/wp\/v2\/types\/product"}],"wp:featuredmedia":[{"embeddable":true,"href":"https:\/\/www.lesjouetsvoyageurs.com\/location\/wp-json\/wp\/v2\/media\/1368"}],"wp:attachment":[{"href":"https:\/\/www.lesjouetsvoyageurs.com\/location\/wp-json\/wp\/v2\/media?parent=1360"}],"wp:term":[{"taxonomy":"product_cat","embeddable":true,"href":"https:\/\/www.lesjouetsvoyageurs.com\/location\/wp-json\/wp\/v2\/product_cat?post=1360"},{"taxonomy":"product_tag","embeddable":true,"href":"https:\/\/www.lesjouetsvoyageurs.com\/location\/wp-json\/wp\/v2\/product_tag?post=1360"}],"curies":[{"name":"wp","href":"https:\/\/api.w.org\/{rel}","templated":true}]}}