{"id":1827,"date":"2020-10-17T11:59:39","date_gmt":"2020-10-17T09:59:39","guid":{"rendered":"https:\/\/www.lesjouetsvoyageurs.com\/?post_type=product&#038;p=1827"},"modified":"2021-10-23T21:40:01","modified_gmt":"2021-10-23T19:40:01","slug":"chat-rose-liewood","status":"publish","type":"product","link":"https:\/\/www.lesjouetsvoyageurs.com\/location\/jouets\/chat-rose-liewood\/","title":{"rendered":"Chat rose \u00ab\u00a0Elena\u00a0\u00bb Liewood"},"content":{"rendered":"<p>Ce jouet est conseill\u00e9 pour les enfants \u00e0 partir de 6 mois.<br \/>\nIl est id\u00e9al pour stimuler la motricit\u00e9 globale de l&rsquo;enfant.<\/p>\n<p>Envie d&rsquo;en savoir plus sur les engagements de la marque?<br \/>\n\ud83d\udc49 Consultez la pr\u00e9sentation de Liewood<\/p>\n<p>\ud83d\udc95\u00a0 Des couleurs tr\u00e8s douces<\/p>\n<p>LE PRIX ABONN\u00c9 C&rsquo;EST QUOI?<br \/>\nVous avez un coup de coeur pour un jouet propos\u00e9 \u00e0 la location?<br \/>\nNous vous proposons de garder chaque jouet lou\u00e9 \u00e0 un prix pr\u00e9f\u00e9rentiel, clairement indiqu\u00e9 sur chaque fiche.<\/p>\n","protected":false},"excerpt":{"rendered":"<p>Un chouette chat \u00e0 roulettes !<\/p>\n<p>\u2764 Un design intemporel<br \/>\n\u2764 Favorise la motricit\u00e9<br \/>\n\u2764 Style scandinave<br \/>\n\u2764 Fabriqu\u00e9 en bois de h\u00eatre<\/p>\n","protected":false},"featured_media":1826,"template":"","meta":[],"product_cat":[15],"product_tag":[],"_links":{"self":[{"href":"https:\/\/www.lesjouetsvoyageurs.com\/location\/wp-json\/wp\/v2\/product\/1827"}],"collection":[{"href":"https:\/\/www.lesjouetsvoyageurs.com\/location\/wp-json\/wp\/v2\/product"}],"about":[{"href":"https:\/\/www.lesjouetsvoyageurs.com\/location\/wp-json\/wp\/v2\/types\/product"}],"wp:featuredmedia":[{"embeddable":true,"href":"https:\/\/www.lesjouetsvoyageurs.com\/location\/wp-json\/wp\/v2\/media\/1826"}],"wp:attachment":[{"href":"https:\/\/www.lesjouetsvoyageurs.com\/location\/wp-json\/wp\/v2\/media?parent=1827"}],"wp:term":[{"taxonomy":"product_cat","embeddable":true,"href":"https:\/\/www.lesjouetsvoyageurs.com\/location\/wp-json\/wp\/v2\/product_cat?post=1827"},{"taxonomy":"product_tag","embeddable":true,"href":"https:\/\/www.lesjouetsvoyageurs.com\/location\/wp-json\/wp\/v2\/product_tag?post=1827"}],"curies":[{"name":"wp","href":"https:\/\/api.w.org\/{rel}","templated":true}]}}