{"id":1834,"date":"2020-10-17T12:46:12","date_gmt":"2020-10-17T10:46:12","guid":{"rendered":"https:\/\/www.lesjouetsvoyageurs.com\/?post_type=product&#038;p=1834"},"modified":"2022-09-18T18:07:01","modified_gmt":"2022-09-18T16:07:01","slug":"hochet-boulier-elton-liewood","status":"publish","type":"product","link":"https:\/\/www.lesjouetsvoyageurs.com\/location\/jouets\/hochet-boulier-elton-liewood\/","title":{"rendered":"Hochet avec boulier Elton Liewood"},"content":{"rendered":"<p>Ce jouet est conseill\u00e9 pour les enfants \u00e0 partir de 6 mois.<br \/>\nIl est id\u00e9al pour stimuler la motricit\u00e9 fine de l&rsquo;enfant.<\/p>\n<p>Envie d&rsquo;en savoir plus sur les engagements de la marque?<br \/>\n\ud83d\udc49 Consultez la pr\u00e9sentation de Liewood<\/p>\n<p>\ud83d\udc95\u00a0 Le bois d&rsquo;\u00e9rable tr\u00e8s doux<\/p>\n<p>LE PRIX ABONN\u00c9 C&rsquo;EST QUOI?<br \/>\nVous avez un coup de coeur pour un jouet propos\u00e9 \u00e0 la location?<br \/>\nNous vous proposons de garder chaque jouet lou\u00e9 \u00e0 un prix pr\u00e9f\u00e9rentiel, clairement indiqu\u00e9 sur chaque fiche.<\/p>\n","protected":false},"excerpt":{"rendered":"<p>Un hochet avec boulier pour \u00e9veiller b\u00e9b\u00e9<\/p>\n<p>\u2764 Un design intemporel<br \/>\n\u2764 Favorise la motricit\u00e9 fine<br \/>\n\u2764 Style scandinave<br \/>\n\u2764 Fabriqu\u00e9 en bois d&rsquo;\u00e9rable<br \/>\n\u2764 Peinture \u00e0 base d&rsquo;eau<\/p>\n","protected":false},"featured_media":1835,"template":"","meta":[],"product_cat":[15],"product_tag":[],"_links":{"self":[{"href":"https:\/\/www.lesjouetsvoyageurs.com\/location\/wp-json\/wp\/v2\/product\/1834"}],"collection":[{"href":"https:\/\/www.lesjouetsvoyageurs.com\/location\/wp-json\/wp\/v2\/product"}],"about":[{"href":"https:\/\/www.lesjouetsvoyageurs.com\/location\/wp-json\/wp\/v2\/types\/product"}],"wp:featuredmedia":[{"embeddable":true,"href":"https:\/\/www.lesjouetsvoyageurs.com\/location\/wp-json\/wp\/v2\/media\/1835"}],"wp:attachment":[{"href":"https:\/\/www.lesjouetsvoyageurs.com\/location\/wp-json\/wp\/v2\/media?parent=1834"}],"wp:term":[{"taxonomy":"product_cat","embeddable":true,"href":"https:\/\/www.lesjouetsvoyageurs.com\/location\/wp-json\/wp\/v2\/product_cat?post=1834"},{"taxonomy":"product_tag","embeddable":true,"href":"https:\/\/www.lesjouetsvoyageurs.com\/location\/wp-json\/wp\/v2\/product_tag?post=1834"}],"curies":[{"name":"wp","href":"https:\/\/api.w.org\/{rel}","templated":true}]}}