{"id":1843,"date":"2020-10-17T13:22:59","date_gmt":"2020-10-17T11:22:59","guid":{"rendered":"https:\/\/www.lesjouetsvoyageurs.com\/?post_type=product&#038;p=1843"},"modified":"2022-09-18T18:06:42","modified_gmt":"2022-09-18T16:06:42","slug":"hochet-monsieur-ours-liewood","status":"publish","type":"product","link":"https:\/\/www.lesjouetsvoyageurs.com\/location\/jouets\/hochet-monsieur-ours-liewood\/","title":{"rendered":"Hochet ourson Liewood"},"content":{"rendered":"<p>Ce jouet est conseill\u00e9 pour les enfants d\u00e8s la naissance.<br \/>\nUn hochet en silicone sans BPA en forme d&rsquo;ours.<br \/>\nIl est id\u00e9al pour stimuler la motricit\u00e9 fine de l&rsquo;enfant.<\/p>\n<p>Envie d&rsquo;en savoir plus sur les engagements de la marque?<br \/>\n\ud83d\udc49 Consultez la pr\u00e9sentation de Liewood<\/p>\n<p>\ud83d\udc95\u00a0 Tr\u00e8s facile \u00e0 nettoyer, rincez-le sous l&rsquo;eau chaude, passez le au lave-vaisselle ou plongez-le dans l&rsquo;eau bouillante.<\/p>\n<p>LE PRIX ABONN\u00c9 C&rsquo;EST QUOI?<br \/>\nVous avez un coup de coeur pour un jouet propos\u00e9 \u00e0 la location?<br \/>\nNous vous proposons de garder chaque jouet lou\u00e9 \u00e0 un prix pr\u00e9f\u00e9rentiel, clairement indiqu\u00e9 sur chaque fiche.<\/p>\n","protected":false},"excerpt":{"rendered":"<p>Un hochet en forme d&rsquo;ours<\/p>\n<p>\u2764 Hochet souple<br \/>\n\u2764 Favorise la motricit\u00e9 fine<br \/>\n\u2764 Une couleur toute douce<br \/>\n\u2764 Fabriqu\u00e9 en silicone sans BPA<br \/>\n\u2764 Soulage les pouss\u00e9es dentaires<\/p>\n","protected":false},"featured_media":1844,"template":"","meta":[],"product_cat":[15],"product_tag":[],"_links":{"self":[{"href":"https:\/\/www.lesjouetsvoyageurs.com\/location\/wp-json\/wp\/v2\/product\/1843"}],"collection":[{"href":"https:\/\/www.lesjouetsvoyageurs.com\/location\/wp-json\/wp\/v2\/product"}],"about":[{"href":"https:\/\/www.lesjouetsvoyageurs.com\/location\/wp-json\/wp\/v2\/types\/product"}],"wp:featuredmedia":[{"embeddable":true,"href":"https:\/\/www.lesjouetsvoyageurs.com\/location\/wp-json\/wp\/v2\/media\/1844"}],"wp:attachment":[{"href":"https:\/\/www.lesjouetsvoyageurs.com\/location\/wp-json\/wp\/v2\/media?parent=1843"}],"wp:term":[{"taxonomy":"product_cat","embeddable":true,"href":"https:\/\/www.lesjouetsvoyageurs.com\/location\/wp-json\/wp\/v2\/product_cat?post=1843"},{"taxonomy":"product_tag","embeddable":true,"href":"https:\/\/www.lesjouetsvoyageurs.com\/location\/wp-json\/wp\/v2\/product_tag?post=1843"}],"curies":[{"name":"wp","href":"https:\/\/api.w.org\/{rel}","templated":true}]}}