{"id":1848,"date":"2020-11-09T19:02:53","date_gmt":"2020-11-09T17:02:53","guid":{"rendered":"https:\/\/www.lesjouetsvoyageurs.com\/?post_type=product&#038;p=1848"},"modified":"2022-03-16T18:49:24","modified_gmt":"2022-03-16T16:49:24","slug":"boite-musique-mellipou-harry-potter","status":"publish","type":"product","link":"https:\/\/www.lesjouetsvoyageurs.com\/location\/jouets\/boite-musique-mellipou-harry-potter\/","title":{"rendered":"Bo\u00eete \u00e0 musique Mellipou Harry Potter"},"content":{"rendered":"<p>Une bo\u00eete \u00e0 musique \u00e0 proposer d\u00e8s la naissance.<br \/>\nElle est id\u00e9ale pour \u00e9veiller b\u00e9b\u00e9 \u00e0 la musique et accompagner l&rsquo;endormissement.<br \/>\nCerise sur le g\u00e2teau, elle joue la bande originale de Harry Potter. D\u00eetes Bye Bye aux berceuses d\u00e9su\u00e8tes !<\/p>\n<p>Envie d&rsquo;en savoir plus sur les engagements de la marque?<br \/>\n\ud83d\udc49 <a href=\"https:\/\/mellipou.com\/pages\/qui-sommes-nous\" target=\"_blank\" rel=\"noopener noreferrer\">Consultez la pr\u00e9sentation de Mellipou.<\/a><\/p>\n<p>\ud83d\udc95 Fabriqu\u00e9es en France \u00e0 la main !<br \/>\nDes bo\u00eetes \u00e0 musique qui plaisent autant aux parents qu&rsquo;aux b\u00e9b\u00e9s.<\/p>\n<p>LE PRIX ABONN\u00c9 C&rsquo;EST QUOI?<br \/>\nVous avez un coup de coeur pour un jouet propos\u00e9 \u00e0 la location?<br \/>\nNous vous proposons de garder chaque jouet lou\u00e9 \u00e0 un prix pr\u00e9f\u00e9rentiel, clairement indiqu\u00e9 sur chaque fiche.<\/p>\n","protected":false},"excerpt":{"rendered":"<p>Un joli coussin en forme d&rsquo;\u00e9toile qui renferme une bo\u00eete \u00e0 musique m\u00e9canique qui plaira autant aux parents qu&rsquo;aux enfants&#8230;<\/p>\n<p>\u2764 Jouet fabriqu\u00e9 en France \ud83c\uddeb\ud83c\uddf7<br \/>\n\u2764 Berceuse : Harry Potter \ud83c\udfb6<br \/>\n\u2764 Tissu certifi\u00e9 Oeko-Tex \ud83c\udf3f<\/p>\n","protected":false},"featured_media":1849,"template":"","meta":[],"product_cat":[15],"product_tag":[],"_links":{"self":[{"href":"https:\/\/www.lesjouetsvoyageurs.com\/location\/wp-json\/wp\/v2\/product\/1848"}],"collection":[{"href":"https:\/\/www.lesjouetsvoyageurs.com\/location\/wp-json\/wp\/v2\/product"}],"about":[{"href":"https:\/\/www.lesjouetsvoyageurs.com\/location\/wp-json\/wp\/v2\/types\/product"}],"wp:featuredmedia":[{"embeddable":true,"href":"https:\/\/www.lesjouetsvoyageurs.com\/location\/wp-json\/wp\/v2\/media\/1849"}],"wp:attachment":[{"href":"https:\/\/www.lesjouetsvoyageurs.com\/location\/wp-json\/wp\/v2\/media?parent=1848"}],"wp:term":[{"taxonomy":"product_cat","embeddable":true,"href":"https:\/\/www.lesjouetsvoyageurs.com\/location\/wp-json\/wp\/v2\/product_cat?post=1848"},{"taxonomy":"product_tag","embeddable":true,"href":"https:\/\/www.lesjouetsvoyageurs.com\/location\/wp-json\/wp\/v2\/product_tag?post=1848"}],"curies":[{"name":"wp","href":"https:\/\/api.w.org\/{rel}","templated":true}]}}