{"id":1853,"date":"2020-11-11T10:44:46","date_gmt":"2020-11-11T08:44:46","guid":{"rendered":"https:\/\/www.lesjouetsvoyageurs.com\/?post_type=product&#038;p=1853"},"modified":"2022-09-18T18:06:34","modified_gmt":"2022-09-18T16:06:34","slug":"mini-jeu-bowling-les-jouets-libres","status":"publish","type":"product","link":"https:\/\/www.lesjouetsvoyageurs.com\/location\/jouets\/mini-jeu-bowling-les-jouets-libres\/","title":{"rendered":"Mini jeu de bowling \u00ab\u00a0Roule ta bille\u00a0\u00bb Les Jouets Libres"},"content":{"rendered":"<p>Assemblez la piste de bowling, installez les quilles&#8230; Et c&rsquo;est parti !<br \/>\nCe mini jeu de bowling se joue en famille ou seul \u00e0 partir de 4 ans.<br \/>\nUne activit\u00e9 amusante et id\u00e9ale pour d\u00e9velopper la motricit\u00e9 fine de l&rsquo;enfant.<\/p>\n<p>Envie d&rsquo;en savoir plus sur les engagements de la marque?<br \/>\n\ud83d\udc49 <a href=\"http:\/\/www.lesjouetslibres.fr\/\" target=\"_blank\" rel=\"noopener noreferrer\">Consultez la pr\u00e9sentation des Jouets Libres.<\/a><\/p>\n<p>\ud83d\udc95 Fabriqu\u00e9 en France, les billes sont fabriqu\u00e9es dans la derni\u00e8re entreprise europ\u00e9enne sp\u00e9cialis\u00e9e dans la production de billes traditionnelles en terre et labellis\u00e9e Entreprise du Patrimoine Vivant.<\/p>\n<p>LE PRIX ABONN\u00c9 C&rsquo;EST QUOI?<br \/>\nVous avez un coup de coeur pour un jouet propos\u00e9 \u00e0 la location?<br \/>\nNous vous proposons de garder chaque jouet lou\u00e9 \u00e0 un prix pr\u00e9f\u00e9rentiel, clairement indiqu\u00e9 sur chaque fiche.<\/p>\n","protected":false},"excerpt":{"rendered":"<p>Un mini jeu de bowling pour d\u00e9velopper sa dext\u00e9rit\u00e9 \u00e0 jouer seul ou en famille !<\/p>\n<p>\u2764 Jouet fabriqu\u00e9 en France \ud83c\uddeb\ud83c\uddf7<br \/>\n\u2764 Billes traditionnelles en terre<br \/>\n\u2764 Bois du Jura certifi\u00e9 FSC<\/p>\n","protected":false},"featured_media":1856,"template":"","meta":[],"product_cat":[15],"product_tag":[],"_links":{"self":[{"href":"https:\/\/www.lesjouetsvoyageurs.com\/location\/wp-json\/wp\/v2\/product\/1853"}],"collection":[{"href":"https:\/\/www.lesjouetsvoyageurs.com\/location\/wp-json\/wp\/v2\/product"}],"about":[{"href":"https:\/\/www.lesjouetsvoyageurs.com\/location\/wp-json\/wp\/v2\/types\/product"}],"wp:featuredmedia":[{"embeddable":true,"href":"https:\/\/www.lesjouetsvoyageurs.com\/location\/wp-json\/wp\/v2\/media\/1856"}],"wp:attachment":[{"href":"https:\/\/www.lesjouetsvoyageurs.com\/location\/wp-json\/wp\/v2\/media?parent=1853"}],"wp:term":[{"taxonomy":"product_cat","embeddable":true,"href":"https:\/\/www.lesjouetsvoyageurs.com\/location\/wp-json\/wp\/v2\/product_cat?post=1853"},{"taxonomy":"product_tag","embeddable":true,"href":"https:\/\/www.lesjouetsvoyageurs.com\/location\/wp-json\/wp\/v2\/product_tag?post=1853"}],"curies":[{"name":"wp","href":"https:\/\/api.w.org\/{rel}","templated":true}]}}