{"id":1879,"date":"2020-11-11T13:14:04","date_gmt":"2020-11-11T11:14:04","guid":{"rendered":"https:\/\/www.lesjouetsvoyageurs.com\/?post_type=product&#038;p=1879"},"modified":"2022-10-26T08:38:09","modified_gmt":"2022-10-26T06:38:09","slug":"tiki-40-pieces-les-jouets-libres","status":"publish","type":"product","link":"https:\/\/www.lesjouetsvoyageurs.com\/location\/jouets\/tiki-40-pieces-les-jouets-libres\/","title":{"rendered":"Tikis (sac de 40 pi\u00e8ces) Les Jouets Libres"},"content":{"rendered":"<p>Les tikis sont des personnages en bois sp\u00e9cialement con\u00e7us pour s&rsquo;assembler entre eux.<br \/>\nIls peuvent \u00eatre utilis\u00e9s \u00e0 partir de 2 ans et sont id\u00e9aux \u00e0 partir de 4 ans pour laisser libre cours \u00e0 la cr\u00e9ativit\u00e9 de l&rsquo;enfant.<\/p>\n<p>Envie d&rsquo;en savoir plus sur les engagements de la marque?<br \/>\n\ud83d\udc49 <a href=\"http:\/\/www.lesjouetslibres.fr\/\" target=\"_blank\" rel=\"noopener noreferrer\">Consultez la pr\u00e9sentation des Jouets Libres.<\/a><\/p>\n<p>\ud83d\udc95 Fabriqu\u00e9 en France en bois de h\u00eatre FSC, dans le Jura.<\/p>\n<p>LE PRIX ABONN\u00c9 C\u2019EST QUOI?<br \/>\nVous avez un coup de coeur pour un jouet propos\u00e9 \u00e0 la location?<br \/>\nNous vous proposons de garder chaque jouet lou\u00e9 \u00e0 un prix pr\u00e9f\u00e9rentiel, clairement indiqu\u00e9 sur chaque fiche.<\/p>\n","protected":false},"excerpt":{"rendered":"<p>40 tikis \u00e0 assembler puis \u00e0 ranger dans leur pochon en coton !<\/p>\n<p>\u2764 Jouet fabriqu\u00e9 en France dans le Jura \ud83c\uddeb\ud83c\uddf7<br \/>\n\u2764 Adapt\u00e9 d\u00e8s 2 ans, id\u00e9al d\u00e8s 4 ans !<br \/>\n\u2764 Bois certifi\u00e9 FSC<\/p>\n","protected":false},"featured_media":1883,"template":"","meta":[],"product_cat":[15],"product_tag":[],"_links":{"self":[{"href":"https:\/\/www.lesjouetsvoyageurs.com\/location\/wp-json\/wp\/v2\/product\/1879"}],"collection":[{"href":"https:\/\/www.lesjouetsvoyageurs.com\/location\/wp-json\/wp\/v2\/product"}],"about":[{"href":"https:\/\/www.lesjouetsvoyageurs.com\/location\/wp-json\/wp\/v2\/types\/product"}],"wp:featuredmedia":[{"embeddable":true,"href":"https:\/\/www.lesjouetsvoyageurs.com\/location\/wp-json\/wp\/v2\/media\/1883"}],"wp:attachment":[{"href":"https:\/\/www.lesjouetsvoyageurs.com\/location\/wp-json\/wp\/v2\/media?parent=1879"}],"wp:term":[{"taxonomy":"product_cat","embeddable":true,"href":"https:\/\/www.lesjouetsvoyageurs.com\/location\/wp-json\/wp\/v2\/product_cat?post=1879"},{"taxonomy":"product_tag","embeddable":true,"href":"https:\/\/www.lesjouetsvoyageurs.com\/location\/wp-json\/wp\/v2\/product_tag?post=1879"}],"curies":[{"name":"wp","href":"https:\/\/api.w.org\/{rel}","templated":true}]}}