{"id":1885,"date":"2020-11-11T13:26:57","date_gmt":"2020-11-11T11:26:57","guid":{"rendered":"https:\/\/www.lesjouetsvoyageurs.com\/?post_type=product&#038;p=1885"},"modified":"2022-10-03T22:24:08","modified_gmt":"2022-10-03T20:24:08","slug":"jeu-memory-petit-nemo-les-jouets-libres","status":"publish","type":"product","link":"https:\/\/www.lesjouetsvoyageurs.com\/location\/jouets\/jeu-memory-petit-nemo-les-jouets-libres\/","title":{"rendered":"Jeu de memory Petit Nemo Les Jouets Libres"},"content":{"rendered":"<p>Ce jeu de memory permet de travailler la m\u00e9moire et le sens de l&rsquo;observation \u00e0 partir de 3 ans.<br \/>\nLes 24 jetons en bois FSC repr\u00e9sentent des animaux marins.<\/p>\n<p>Envie d&rsquo;en savoir plus sur les engagements de la marque?<br \/>\n\ud83d\udc49 <a href=\"http:\/\/www.lesjouetslibres.fr\/\" target=\"_blank\" rel=\"noopener noreferrer\">Consultez la pr\u00e9sentation des Jouets Libres.<\/a><\/p>\n<p>\ud83d\udc95 Fabriqu\u00e9 en France en bois de h\u00eatre FSC, dans le Jura.<\/p>\n<p>LE PRIX ABONN\u00c9 C&rsquo;EST QUOI?<br \/>\nVous avez un coup de coeur pour un jouet propos\u00e9 \u00e0 la location?<br \/>\nNous vous proposons de garder chaque jouet lou\u00e9 \u00e0 un prix pr\u00e9f\u00e9rentiel, clairement indiqu\u00e9 sur chaque fiche.<\/p>\n","protected":false},"excerpt":{"rendered":"<p>24 jetons pour d\u00e9velopper le sens de l&rsquo;observation et la m\u00e9morisation qui se rangent ensuite dans leur pochon en coton !<\/p>\n<p>\u2764 Jouet fabriqu\u00e9 en France dans le Jura \ud83c\uddeb\ud83c\uddf7<br \/>\n\u2764 A partir de 3 ans<br \/>\n\u2764 Bois certifi\u00e9 FSC<\/p>\n","protected":false},"featured_media":1890,"template":"","meta":[],"product_cat":[15],"product_tag":[],"_links":{"self":[{"href":"https:\/\/www.lesjouetsvoyageurs.com\/location\/wp-json\/wp\/v2\/product\/1885"}],"collection":[{"href":"https:\/\/www.lesjouetsvoyageurs.com\/location\/wp-json\/wp\/v2\/product"}],"about":[{"href":"https:\/\/www.lesjouetsvoyageurs.com\/location\/wp-json\/wp\/v2\/types\/product"}],"wp:featuredmedia":[{"embeddable":true,"href":"https:\/\/www.lesjouetsvoyageurs.com\/location\/wp-json\/wp\/v2\/media\/1890"}],"wp:attachment":[{"href":"https:\/\/www.lesjouetsvoyageurs.com\/location\/wp-json\/wp\/v2\/media?parent=1885"}],"wp:term":[{"taxonomy":"product_cat","embeddable":true,"href":"https:\/\/www.lesjouetsvoyageurs.com\/location\/wp-json\/wp\/v2\/product_cat?post=1885"},{"taxonomy":"product_tag","embeddable":true,"href":"https:\/\/www.lesjouetsvoyageurs.com\/location\/wp-json\/wp\/v2\/product_tag?post=1885"}],"curies":[{"name":"wp","href":"https:\/\/api.w.org\/{rel}","templated":true}]}}