{"id":1891,"date":"2020-11-11T16:58:53","date_gmt":"2020-11-11T14:58:53","guid":{"rendered":"https:\/\/www.lesjouetsvoyageurs.com\/?post_type=product&#038;p=1891"},"modified":"2022-09-18T18:04:52","modified_gmt":"2022-09-18T16:04:52","slug":"tapis-motif-circuit-voitures-ville-jouets-libres","status":"publish","type":"product","link":"https:\/\/www.lesjouetsvoyageurs.com\/location\/jouets\/tapis-motif-circuit-voitures-ville-jouets-libres\/","title":{"rendered":"Tapis circuit de voitures &#8211; th\u00e8me urbain par Les Jouets Libres"},"content":{"rendered":"<p>Ce tapis en coton biologique repr\u00e9sente un circuit pour voitures sur le th\u00e8me de la ville.<br \/>\nId\u00e9al pour les petits \u00e0 partir de 18 mois. Dimensions 120 x 60 cm.<\/p>\n<p>Envie d&rsquo;en savoir plus sur les engagements de la marque?<br \/>\n\ud83d\udc49 <a href=\"http:\/\/www.lesjouetslibres.fr\/\" target=\"_blank\" rel=\"noopener noreferrer\">Consultez la pr\u00e9sentation des Jouets Libres.<\/a><\/p>\n<p>\ud83d\udc95 Fabriqu\u00e9 \u00e0 la main en Inde avec du coton Bio et issu du commerce \u00e9quitable.<\/p>\n<p>LE PRIX ABONN\u00c9 C&rsquo;EST QUOI?<br \/>\nVous avez un coup de coeur pour un jouet propos\u00e9 \u00e0 la location?<br \/>\nNous vous proposons de garder chaque jouet lou\u00e9 \u00e0 un prix pr\u00e9f\u00e9rentiel, clairement indiqu\u00e9 sur chaque fiche.<\/p>\n","protected":false},"excerpt":{"rendered":"<p>Un tapis en coton bio pour jouer aux petites voitures d\u00e8s 18 mois !<\/p>\n<p>\u2764 Fabriqu\u00e9 \u00e0 la main en Inde<br \/>\n\u2764 Issu du commerce \u00e9quitable<br \/>\n\u2764 Coton Bio certifi\u00e9 GOTS<\/p>\n","protected":false},"featured_media":1893,"template":"","meta":[],"product_cat":[15],"product_tag":[],"_links":{"self":[{"href":"https:\/\/www.lesjouetsvoyageurs.com\/location\/wp-json\/wp\/v2\/product\/1891"}],"collection":[{"href":"https:\/\/www.lesjouetsvoyageurs.com\/location\/wp-json\/wp\/v2\/product"}],"about":[{"href":"https:\/\/www.lesjouetsvoyageurs.com\/location\/wp-json\/wp\/v2\/types\/product"}],"wp:featuredmedia":[{"embeddable":true,"href":"https:\/\/www.lesjouetsvoyageurs.com\/location\/wp-json\/wp\/v2\/media\/1893"}],"wp:attachment":[{"href":"https:\/\/www.lesjouetsvoyageurs.com\/location\/wp-json\/wp\/v2\/media?parent=1891"}],"wp:term":[{"taxonomy":"product_cat","embeddable":true,"href":"https:\/\/www.lesjouetsvoyageurs.com\/location\/wp-json\/wp\/v2\/product_cat?post=1891"},{"taxonomy":"product_tag","embeddable":true,"href":"https:\/\/www.lesjouetsvoyageurs.com\/location\/wp-json\/wp\/v2\/product_tag?post=1891"}],"curies":[{"name":"wp","href":"https:\/\/api.w.org\/{rel}","templated":true}]}}