{"id":1899,"date":"2020-11-11T22:09:29","date_gmt":"2020-11-11T20:09:29","guid":{"rendered":"https:\/\/www.lesjouetsvoyageurs.com\/?post_type=product&#038;p=1899"},"modified":"2024-02-28T17:28:40","modified_gmt":"2024-02-28T15:28:40","slug":"arche-eveil-harry-potter-mellipou","status":"publish","type":"product","link":"https:\/\/www.lesjouetsvoyageurs.com\/location\/jouets\/arche-eveil-harry-potter-mellipou\/","title":{"rendered":"Arche d&rsquo;\u00e9veil musicale Harry Potter Mellipou"},"content":{"rendered":"<p>Une arche d&rsquo;\u00e9veil en bois de h\u00eatre qui favorise l&rsquo;\u00e9veil musical de b\u00e9b\u00e9.<br \/>\nUne ber\u00e7euse originale qui plaira autant \u00e0 b\u00e9b\u00e9 qu&rsquo;\u00e0 ses parents : la bande originale de Harry Potter !<\/p>\n<p>Le <a href=\"https:\/\/www.lesjouetsvoyageurs.com\/location\/jouets\/tapis-sol-reversible-mellipou\/\" target=\"_blank\" rel=\"noopener\">tapis assorti Mellipou<\/a> est propos\u00e9 s\u00e9par\u00e9ment \u00e0 la location sur notre site.<\/p>\n<p>Les 4 \u00e9l\u00e9ments \u00e0 suspendre sont r\u00e9alis\u00e9s avec le tissu Mika de chez Mellipou.<\/p>\n<p>Envie d&rsquo;en savoir plus sur les engagements de la marque?<br \/>\n\ud83d\udc49 <a href=\"https:\/\/mellipou.com\/pages\/qui-sommes-nous\" target=\"_blank\" rel=\"noopener noreferrer\">Consultez la pr\u00e9sentation de Mellipou.<\/a><\/p>\n<p>\ud83d\udc95 Fabriqu\u00e9es en France \u00e0 la main !<br \/>\nDes bo\u00eetes \u00e0 musique qui plaisent autant aux parents qu&rsquo;aux b\u00e9b\u00e9s.<\/p>\n<p>LE PRIX ABONN\u00c9 C&rsquo;EST QUOI?<br \/>\nVous avez un coup de coeur pour un jouet propos\u00e9 \u00e0 la location?<br \/>\nNous vous proposons de garder chaque jouet lou\u00e9 \u00e0 un prix pr\u00e9f\u00e9rentiel, clairement indiqu\u00e9 sur chaque fiche.<\/p>\n","protected":false},"excerpt":{"rendered":"<p>Une arche en bois et ses accessoires Mellipou pour favoriser l&rsquo;\u00e9veil de b\u00e9b\u00e9<\/p>\n<p>\u2764 Arche et accessoires fabriqu\u00e9s en France \ud83c\uddeb\ud83c\uddf7<br \/>\n\u2764 Berceuse : Harry Potter \ud83c\udfb6<br \/>\n\u2764 Tissu certifi\u00e9 Oeko-Tex \ud83c\udf3f<\/p>\n","protected":false},"featured_media":1900,"template":"","meta":[],"product_cat":[15],"product_tag":[],"_links":{"self":[{"href":"https:\/\/www.lesjouetsvoyageurs.com\/location\/wp-json\/wp\/v2\/product\/1899"}],"collection":[{"href":"https:\/\/www.lesjouetsvoyageurs.com\/location\/wp-json\/wp\/v2\/product"}],"about":[{"href":"https:\/\/www.lesjouetsvoyageurs.com\/location\/wp-json\/wp\/v2\/types\/product"}],"wp:featuredmedia":[{"embeddable":true,"href":"https:\/\/www.lesjouetsvoyageurs.com\/location\/wp-json\/wp\/v2\/media\/1900"}],"wp:attachment":[{"href":"https:\/\/www.lesjouetsvoyageurs.com\/location\/wp-json\/wp\/v2\/media?parent=1899"}],"wp:term":[{"taxonomy":"product_cat","embeddable":true,"href":"https:\/\/www.lesjouetsvoyageurs.com\/location\/wp-json\/wp\/v2\/product_cat?post=1899"},{"taxonomy":"product_tag","embeddable":true,"href":"https:\/\/www.lesjouetsvoyageurs.com\/location\/wp-json\/wp\/v2\/product_tag?post=1899"}],"curies":[{"name":"wp","href":"https:\/\/api.w.org\/{rel}","templated":true}]}}