{"id":1904,"date":"2020-11-11T22:20:02","date_gmt":"2020-11-11T20:20:02","guid":{"rendered":"https:\/\/www.lesjouetsvoyageurs.com\/?post_type=product&#038;p=1904"},"modified":"2021-11-17T17:00:58","modified_gmt":"2021-11-17T15:00:58","slug":"tapis-sol-reversible-mellipou","status":"publish","type":"product","link":"https:\/\/www.lesjouetsvoyageurs.com\/location\/jouets\/tapis-sol-reversible-mellipou\/","title":{"rendered":"Tapis de sol r\u00e9versible Mellipou"},"content":{"rendered":"<p>Un tapis de sol coordonn\u00e9 \u00e0 l&rsquo;arche d&rsquo;\u00e9veil Mellipou.<br \/>\nUne belle dimension de 90&#215;90 cm et une ouate en polyester \u00e9paisse de 200g pour plus de confort.<\/p>\n<p>Envie d&rsquo;en savoir plus sur les engagements de la marque?<br \/>\n\ud83d\udc49 <a href=\"https:\/\/mellipou.com\/pages\/qui-sommes-nous\" target=\"_blank\" rel=\"noopener noreferrer\">Consultez la pr\u00e9sentation de Mellipou.<\/a><\/p>\n<p>\ud83d\udc95 Fabriqu\u00e9 en France !<br \/>\nEntretien facile en machine \u00e0 laver.<\/p>\n<p>LE PRIX ABONN\u00c9 C&rsquo;EST QUOI?<br \/>\nVous avez un coup de coeur pour un jouet propos\u00e9 \u00e0 la location?<br \/>\nNous vous proposons de garder chaque jouet lou\u00e9 \u00e0 un prix pr\u00e9f\u00e9rentiel, clairement indiqu\u00e9 sur chaque fiche.<\/p>\n","protected":false},"excerpt":{"rendered":"<p>Un tapis d&rsquo;\u00e9veil confortable pour d\u00e9velopper la motricit\u00e9 de b\u00e9b\u00e9<\/p>\n<p>\u2764 Fabriqu\u00e9 en France \ud83c\uddeb\ud83c\uddf7<br \/>\n\u2764 Reversible pour changer de d\u00e9co en un clin d&rsquo;oeil<br \/>\n\u2764 Tissus certifi\u00e9s Oeko-Tex \ud83c\udf3f<\/p>\n","protected":false},"featured_media":1906,"template":"","meta":[],"product_cat":[15],"product_tag":[],"_links":{"self":[{"href":"https:\/\/www.lesjouetsvoyageurs.com\/location\/wp-json\/wp\/v2\/product\/1904"}],"collection":[{"href":"https:\/\/www.lesjouetsvoyageurs.com\/location\/wp-json\/wp\/v2\/product"}],"about":[{"href":"https:\/\/www.lesjouetsvoyageurs.com\/location\/wp-json\/wp\/v2\/types\/product"}],"wp:featuredmedia":[{"embeddable":true,"href":"https:\/\/www.lesjouetsvoyageurs.com\/location\/wp-json\/wp\/v2\/media\/1906"}],"wp:attachment":[{"href":"https:\/\/www.lesjouetsvoyageurs.com\/location\/wp-json\/wp\/v2\/media?parent=1904"}],"wp:term":[{"taxonomy":"product_cat","embeddable":true,"href":"https:\/\/www.lesjouetsvoyageurs.com\/location\/wp-json\/wp\/v2\/product_cat?post=1904"},{"taxonomy":"product_tag","embeddable":true,"href":"https:\/\/www.lesjouetsvoyageurs.com\/location\/wp-json\/wp\/v2\/product_tag?post=1904"}],"curies":[{"name":"wp","href":"https:\/\/api.w.org\/{rel}","templated":true}]}}