{"id":1907,"date":"2020-11-11T22:36:22","date_gmt":"2020-11-11T20:36:22","guid":{"rendered":"https:\/\/www.lesjouetsvoyageurs.com\/?post_type=product&#038;p=1907"},"modified":"2022-07-30T00:28:46","modified_gmt":"2022-07-29T22:28:46","slug":"boite-a-musique-game-of-thrones","status":"publish","type":"product","link":"https:\/\/www.lesjouetsvoyageurs.com\/location\/jouets\/boite-a-musique-game-of-thrones\/","title":{"rendered":"Bo\u00eete \u00e0 musique Game of thrones"},"content":{"rendered":"<p>Une bo\u00eete \u00e0 musique \u00e0 proposer d\u00e8s la naissance. Elle est id\u00e9ale pour \u00e9veiller b\u00e9b\u00e9 \u00e0 la musique et accompagner l&rsquo;endormissement.<\/p>\n<p>Avec la bande originale de Game of Thrones, revisit\u00e9e fa\u00e7on ber\u00e7euse : elle plait aussi aux parents !<\/p>\n<p>Envie d&rsquo;en savoir plus sur les engagements de la marque?<br \/>\n\ud83d\udc49 <a href=\"https:\/\/mellipou.com\/pages\/qui-sommes-nous\" target=\"_blank\" rel=\"noopener noreferrer\">Consultez la pr\u00e9sentation de Mellipou.<\/a><\/p>\n<p>\ud83d\udc95 Fabriqu\u00e9es en France \u00e0 la main !<br \/>\nDes bo\u00eetes \u00e0 musique qui plaisent autant aux parents qu&rsquo;aux b\u00e9b\u00e9s.<\/p>\n<p>LE PRIX ABONN\u00c9 C&rsquo;EST QUOI?<br \/>\nVous avez un coup de coeur pour un jouet propos\u00e9 \u00e0 la location?<br \/>\nNous vous proposons de garder chaque jouet lou\u00e9 \u00e0 un prix pr\u00e9f\u00e9rentiel, clairement indiqu\u00e9 sur chaque fiche.<\/p>\n","protected":false},"excerpt":{"rendered":"<p>Un joli coussin en forme d&rsquo;\u00e9toile qui renferme une bo\u00eete \u00e0 musique m\u00e9canique qui plaira autant aux parents qu&rsquo;aux enfants&#8230;<\/p>\n<p>\u2764 Jouet fabriqu\u00e9 en France \ud83c\uddeb\ud83c\uddf7<br \/>\n\u2764 Berceuse : Game of thrones \ud83c\udfb6<br \/>\n\u2764 Tissu certifi\u00e9 Oeko-Tex \ud83c\udf3f<\/p>\n","protected":false},"featured_media":1908,"template":"","meta":[],"product_cat":[15],"product_tag":[],"_links":{"self":[{"href":"https:\/\/www.lesjouetsvoyageurs.com\/location\/wp-json\/wp\/v2\/product\/1907"}],"collection":[{"href":"https:\/\/www.lesjouetsvoyageurs.com\/location\/wp-json\/wp\/v2\/product"}],"about":[{"href":"https:\/\/www.lesjouetsvoyageurs.com\/location\/wp-json\/wp\/v2\/types\/product"}],"wp:featuredmedia":[{"embeddable":true,"href":"https:\/\/www.lesjouetsvoyageurs.com\/location\/wp-json\/wp\/v2\/media\/1908"}],"wp:attachment":[{"href":"https:\/\/www.lesjouetsvoyageurs.com\/location\/wp-json\/wp\/v2\/media?parent=1907"}],"wp:term":[{"taxonomy":"product_cat","embeddable":true,"href":"https:\/\/www.lesjouetsvoyageurs.com\/location\/wp-json\/wp\/v2\/product_cat?post=1907"},{"taxonomy":"product_tag","embeddable":true,"href":"https:\/\/www.lesjouetsvoyageurs.com\/location\/wp-json\/wp\/v2\/product_tag?post=1907"}],"curies":[{"name":"wp","href":"https:\/\/api.w.org\/{rel}","templated":true}]}}