{"id":1925,"date":"2020-11-12T12:44:03","date_gmt":"2020-11-12T10:44:03","guid":{"rendered":"https:\/\/www.lesjouetsvoyageurs.com\/?post_type=product&#038;p=1925"},"modified":"2020-12-16T22:59:06","modified_gmt":"2020-12-16T20:59:06","slug":"tour-a-empiler-meteo-the-wandering-workshop","status":"publish","type":"product","link":"https:\/\/www.lesjouetsvoyageurs.com\/location\/jouets\/tour-a-empiler-meteo-the-wandering-workshop\/","title":{"rendered":"Tour \u00e0 empiler \u00ab\u00a0m\u00e9t\u00e9o\u00a0\u00bb &#8211; The Wandering Workshop"},"content":{"rendered":"<p>Une tour d&rsquo;\u00e9l\u00e9ments repr\u00e9sentant le soleil, un nuage et des gouttes de pluie.<br \/>\nFabrication \u00e0 la main en Gr\u00e8ce par Jos\u00e9 et Athina, dans leur atelier face \u00e0 la mer Eg\u00e9e.<\/p>\n<p>Envie d&rsquo;en savoir plus sur les engagements de la marque?<br \/>\n\ud83d\udc49 <a href=\"https:\/\/www.thewanderingworkshop.com\/pages\/about-us\" target=\"_blank\" rel=\"noopener noreferrer\">Consultez la pr\u00e9senta<\/a><a href=\"https:\/\/mellipou.com\/pages\/qui-sommes-nous\" target=\"_blank\" rel=\"noopener noreferrer\">tion de The Wandering Workshop.<\/a><\/p>\n<p><span style=\"font-size: 14.4px;\">\ud83d\udc95 Fabrication artisanale et mat\u00e9riaux durables<\/span><\/p>\n<p>Des jouets po\u00e9tiques inspir\u00e9s par la mer et le vent.<\/p>\n<p>LE PRIX ABONN\u00c9 C&rsquo;EST QUOI?<br \/>\nVous avez un coup de coeur pour un jouet propos\u00e9 \u00e0 la location?<br \/>\nNous vous proposons de garder chaque jouet lou\u00e9 \u00e0 un prix pr\u00e9f\u00e9rentiel, clairement indiqu\u00e9 sur chaque fiche.<\/p>\n","protected":false},"excerpt":{"rendered":"<p>PRIX BOUTIQUE : 42\u20ac<br \/>\nPRIX ABONN\u00c9 : 25\u20ac<\/p>\n<p>Un jouet \u00e0 empiler aussi ludique que d\u00e9coratif !<\/p>\n<p>\u2764 Jouet fabriqu\u00e9 artisanalement en Gr\u00e8ce<br \/>\n\u2764 Univers po\u00e9tique et couleurs douces<br \/>\n\u2764 Bois d&rsquo;\u00e9rable certifi\u00e9 FSC \ud83c\udf3f<\/p>\n","protected":false},"featured_media":1926,"template":"","meta":[],"product_cat":[15],"product_tag":[],"_links":{"self":[{"href":"https:\/\/www.lesjouetsvoyageurs.com\/location\/wp-json\/wp\/v2\/product\/1925"}],"collection":[{"href":"https:\/\/www.lesjouetsvoyageurs.com\/location\/wp-json\/wp\/v2\/product"}],"about":[{"href":"https:\/\/www.lesjouetsvoyageurs.com\/location\/wp-json\/wp\/v2\/types\/product"}],"wp:featuredmedia":[{"embeddable":true,"href":"https:\/\/www.lesjouetsvoyageurs.com\/location\/wp-json\/wp\/v2\/media\/1926"}],"wp:attachment":[{"href":"https:\/\/www.lesjouetsvoyageurs.com\/location\/wp-json\/wp\/v2\/media?parent=1925"}],"wp:term":[{"taxonomy":"product_cat","embeddable":true,"href":"https:\/\/www.lesjouetsvoyageurs.com\/location\/wp-json\/wp\/v2\/product_cat?post=1925"},{"taxonomy":"product_tag","embeddable":true,"href":"https:\/\/www.lesjouetsvoyageurs.com\/location\/wp-json\/wp\/v2\/product_tag?post=1925"}],"curies":[{"name":"wp","href":"https:\/\/api.w.org\/{rel}","templated":true}]}}