{"id":1928,"date":"2020-11-12T14:55:19","date_gmt":"2020-11-12T12:55:19","guid":{"rendered":"https:\/\/www.lesjouetsvoyageurs.com\/?post_type=product&#038;p=1928"},"modified":"2020-12-16T22:59:05","modified_gmt":"2020-12-16T20:59:05","slug":"jeu-dequilibre-voilier-the-wandering-workshop","status":"publish","type":"product","link":"https:\/\/www.lesjouetsvoyageurs.com\/location\/jouets\/jeu-dequilibre-voilier-the-wandering-workshop\/","title":{"rendered":"Jeu d&rsquo;\u00e9quilibre voilier &#8211; The Wandering Workshop"},"content":{"rendered":"<p>Un jeu d&rsquo;\u00e9quilibre tellement beau qu&rsquo;il serait presque un \u00e9l\u00e9ment de d\u00e9coration \u00e0 part enti\u00e8re.<br \/>\nIl est fabriqu\u00e9 \u00e0 la main en Gr\u00e8ce par Jos\u00e9 et Athina, dans leur atelier face \u00e0 la mer Eg\u00e9e.<\/p>\n<p>Envie d&rsquo;en savoir plus sur les engagements de la marque?<br \/>\n\ud83d\udc49 <a href=\"https:\/\/www.thewanderingworkshop.com\/pages\/about-us\" target=\"_blank\" rel=\"noopener noreferrer\">Consultez la pr\u00e9senta<\/a><a href=\"https:\/\/mellipou.com\/pages\/qui-sommes-nous\" target=\"_blank\" rel=\"noopener noreferrer\">tion de The Wandering Workshop.<\/a><\/p>\n<p><span style=\"font-size: 14.4px;\">\ud83d\udc95 Fabriqu\u00e9 en Gr\u00e8ce \u00e0 la main !<\/span><\/p>\n<p>Des jouets po\u00e9tiques inspir\u00e9s par la mer et le vent.<\/p>\n<p>LE PRIX ABONN\u00c9 C&rsquo;EST QUOI?<br \/>\nVous avez un coup de coeur pour un jouet propos\u00e9 \u00e0 la location?<br \/>\nNous vous proposons de garder chaque jouet lou\u00e9 \u00e0 un prix pr\u00e9f\u00e9rentiel, clairement indiqu\u00e9 sur chaque fiche.<\/p>\n","protected":false},"excerpt":{"rendered":"<p>PRIX BOUTIQUE : 42\u20ac<br \/>\nPRIX ABONN\u00c9 : 25\u20ac<\/p>\n<p>Un jouet d&rsquo;\u00e9quilibre aussi ludique que d\u00e9coratif !<\/p>\n<p>\u2764 Jouet fabriqu\u00e9 artisanalement en Gr\u00e8ce<br \/>\n\u2764 Univers po\u00e9tique et couleurs douces<br \/>\n\u2764 Bois d&rsquo;\u00e9rable certifi\u00e9 FSC \ud83c\udf3f<\/p>\n","protected":false},"featured_media":1929,"template":"","meta":[],"product_cat":[15],"product_tag":[],"_links":{"self":[{"href":"https:\/\/www.lesjouetsvoyageurs.com\/location\/wp-json\/wp\/v2\/product\/1928"}],"collection":[{"href":"https:\/\/www.lesjouetsvoyageurs.com\/location\/wp-json\/wp\/v2\/product"}],"about":[{"href":"https:\/\/www.lesjouetsvoyageurs.com\/location\/wp-json\/wp\/v2\/types\/product"}],"wp:featuredmedia":[{"embeddable":true,"href":"https:\/\/www.lesjouetsvoyageurs.com\/location\/wp-json\/wp\/v2\/media\/1929"}],"wp:attachment":[{"href":"https:\/\/www.lesjouetsvoyageurs.com\/location\/wp-json\/wp\/v2\/media?parent=1928"}],"wp:term":[{"taxonomy":"product_cat","embeddable":true,"href":"https:\/\/www.lesjouetsvoyageurs.com\/location\/wp-json\/wp\/v2\/product_cat?post=1928"},{"taxonomy":"product_tag","embeddable":true,"href":"https:\/\/www.lesjouetsvoyageurs.com\/location\/wp-json\/wp\/v2\/product_tag?post=1928"}],"curies":[{"name":"wp","href":"https:\/\/api.w.org\/{rel}","templated":true}]}}