{"id":1969,"date":"2020-11-12T22:59:04","date_gmt":"2020-11-12T20:59:04","guid":{"rendered":"https:\/\/www.lesjouetsvoyageurs.com\/?post_type=product&#038;p=1969"},"modified":"2023-07-20T08:33:29","modified_gmt":"2023-07-20T06:33:29","slug":"circuit-rautoroute-waytoplay-24-pieces","status":"publish","type":"product","link":"https:\/\/www.lesjouetsvoyageurs.com\/location\/jouets\/circuit-rautoroute-waytoplay-24-pieces\/","title":{"rendered":"Circuit autoroute Waytoplay 24 pi\u00e8ces soit 376 cm de long"},"content":{"rendered":"<p>Un circuit souple compos\u00e9 de 24 pi\u00e8ces pour une longueur totale de 376cm. Les pi\u00e8ces des circuits <a href=\"https:\/\/www.lesjouetsvoyageurs.com\/location\/blog\/circuit-waytoplay-d-occasion\/\">Waytoplay<\/a> sont souples, ce qui permet de laisser libre court \u00e0 son imagination. Elles sont facilement lavables pour \u00eatre utilis\u00e9es en int\u00e9rieur comme en ext\u00e9rieur !<\/p>\n<p>Envie d&rsquo;en savoir plus sur les engagements de la marque?<br \/>\n\ud83d\udc49 <a href=\"https:\/\/www.waytoplay.toys\/fr\/pages\/openend\" target=\"_blank\" rel=\"noopener\">Consultez la pr\u00e9sentation de Waytoplay<\/a>.<\/p>\n<p><span style=\"font-size: 14.4px;\">\ud83d\udc95 Dedans, dehors, tout est possible !<\/span><\/p>\n<p>Des circuits qui laissent libre court \u00e0 l&rsquo;imagination des petits.<\/p>\n<p>LE PRIX ABONN\u00c9 C&rsquo;EST QUOI?<br \/>\nVous avez un coup de coeur pour un jouet propos\u00e9 \u00e0 la location?<br \/>\nNous vous proposons de garder chaque jouet lou\u00e9 \u00e0 un prix pr\u00e9f\u00e9rentiel, clairement indiqu\u00e9 sur chaque fiche.<\/p>\n","protected":false},"excerpt":{"rendered":"<p>Circuit souple pour petites voitures 24 pi\u00e8ces<\/p>\n<p>\u2764 Utilisable en int\u00e9rieur et en ext\u00e9rieur<br \/>\n\u2764 Facile \u00e0 assembler<br \/>\n\u2764 Encourage l&rsquo;imagination<\/p>\n","protected":false},"featured_media":1971,"template":"","meta":[],"product_cat":[15],"product_tag":[],"_links":{"self":[{"href":"https:\/\/www.lesjouetsvoyageurs.com\/location\/wp-json\/wp\/v2\/product\/1969"}],"collection":[{"href":"https:\/\/www.lesjouetsvoyageurs.com\/location\/wp-json\/wp\/v2\/product"}],"about":[{"href":"https:\/\/www.lesjouetsvoyageurs.com\/location\/wp-json\/wp\/v2\/types\/product"}],"wp:featuredmedia":[{"embeddable":true,"href":"https:\/\/www.lesjouetsvoyageurs.com\/location\/wp-json\/wp\/v2\/media\/1971"}],"wp:attachment":[{"href":"https:\/\/www.lesjouetsvoyageurs.com\/location\/wp-json\/wp\/v2\/media?parent=1969"}],"wp:term":[{"taxonomy":"product_cat","embeddable":true,"href":"https:\/\/www.lesjouetsvoyageurs.com\/location\/wp-json\/wp\/v2\/product_cat?post=1969"},{"taxonomy":"product_tag","embeddable":true,"href":"https:\/\/www.lesjouetsvoyageurs.com\/location\/wp-json\/wp\/v2\/product_tag?post=1969"}],"curies":[{"name":"wp","href":"https:\/\/api.w.org\/{rel}","templated":true}]}}