{"id":1982,"date":"2020-11-12T23:35:02","date_gmt":"2020-11-12T21:35:02","guid":{"rendered":"https:\/\/www.lesjouetsvoyageurs.com\/?post_type=product&#038;p=1982"},"modified":"2023-01-03T15:03:20","modified_gmt":"2023-01-03T13:03:20","slug":"wobbel-pro-planche-dequilibre-pour-enfants-de-3-a-6-ans","status":"publish","type":"product","link":"https:\/\/www.lesjouetsvoyageurs.com\/location\/jouets\/wobbel-pro-planche-dequilibre-pour-enfants-de-3-a-6-ans\/","title":{"rendered":"Wobbel Pro &#8211; Planche d&rsquo;\u00e9quilibre 3 \u00e0 6 ans (retrait boutique)"},"content":{"rendered":"<p>La planche d&rsquo;\u00e9quilibre Wobbel Pro peut \u00eatre utilis\u00e9e de 3 \u00e0 6 ans mais plaira aussi aux adultes \ud83d\ude09<\/p>\n<p>Envie d&rsquo;en savoir plus sur les engagements de la marque?<br \/>\n\ud83d\udc49 <a href=\"https:\/\/www.wobbel.eu\/en\/about-the-wobbel\/about-us\/\" target=\"_blank\" rel=\"noopener\">Consultez la pr\u00e9sentation de Wobbel<\/a>.<\/p>\n<p><span style=\"font-size: 14.4px;\">\ud83d\udc95 Pour jouer, regarder un livre et m\u00eame faire la sieste !<\/span><\/p>\n<p>La Wobbel Starter peut supporter un poids de 200kg.<\/p>\n<p>LE PRIX ABONN\u00c9 C&rsquo;EST QUOI?<br \/>\nVous avez un coup de coeur pour un jouet propos\u00e9 \u00e0 la location?<br \/>\nNous vous proposons de garder chaque jouet lou\u00e9 \u00e0 un prix pr\u00e9f\u00e9rentiel, clairement indiqu\u00e9 sur chaque fiche.<\/p>\n","protected":false},"excerpt":{"rendered":"<p>PRIX BOUTIQUE : 135\u20ac<br \/>\nPRIX ABONN\u00c9 : 80\u20ac<\/p>\n<p>Planche d&rsquo;\u00e9quilibre pour les enfants de 3 \u00e0 6 ans<\/p>\n<p>\u2764 D\u00e9veloppe l&rsquo;\u00e9quilibre<br \/>\n\u2764 1001 fa\u00e7ons de l&rsquo;utiliser<br \/>\n\u2764 Tr\u00e8s stable<\/p>\n","protected":false},"featured_media":1984,"template":"","meta":[],"product_cat":[15],"product_tag":[],"_links":{"self":[{"href":"https:\/\/www.lesjouetsvoyageurs.com\/location\/wp-json\/wp\/v2\/product\/1982"}],"collection":[{"href":"https:\/\/www.lesjouetsvoyageurs.com\/location\/wp-json\/wp\/v2\/product"}],"about":[{"href":"https:\/\/www.lesjouetsvoyageurs.com\/location\/wp-json\/wp\/v2\/types\/product"}],"wp:featuredmedia":[{"embeddable":true,"href":"https:\/\/www.lesjouetsvoyageurs.com\/location\/wp-json\/wp\/v2\/media\/1984"}],"wp:attachment":[{"href":"https:\/\/www.lesjouetsvoyageurs.com\/location\/wp-json\/wp\/v2\/media?parent=1982"}],"wp:term":[{"taxonomy":"product_cat","embeddable":true,"href":"https:\/\/www.lesjouetsvoyageurs.com\/location\/wp-json\/wp\/v2\/product_cat?post=1982"},{"taxonomy":"product_tag","embeddable":true,"href":"https:\/\/www.lesjouetsvoyageurs.com\/location\/wp-json\/wp\/v2\/product_tag?post=1982"}],"curies":[{"name":"wp","href":"https:\/\/api.w.org\/{rel}","templated":true}]}}