{"id":1985,"date":"2020-11-12T23:45:26","date_gmt":"2020-11-12T21:45:26","guid":{"rendered":"https:\/\/www.lesjouetsvoyageurs.com\/?post_type=product&#038;p=1985"},"modified":"2021-02-19T15:50:33","modified_gmt":"2021-02-19T13:50:33","slug":"trotteur-coccinelle-wheelybug-petit-modele","status":"publish","type":"product","link":"https:\/\/www.lesjouetsvoyageurs.com\/location\/jouets\/trotteur-coccinelle-wheelybug-petit-modele\/","title":{"rendered":"Trotteur coccinelle Wheelybug &#8211; petit mod\u00e8le 1 \u00e0 3 ans"},"content":{"rendered":"<p>Un trotteur adapt\u00e9 aux enfants de 1 \u00e0 3 ans.<\/p>\n<p>Envie d&rsquo;en savoir plus sur les engagements de la marque?<br \/>\n\ud83d\udc49 Consultez la pr\u00e9sentation de Wheelybug.<\/p>\n<p><span style=\"font-size: 14.4px;\">\ud83d\udc95 Les roues tournent \u00e0 360\u00b0 pour faciliter les d\u00e9placements de l&rsquo;enfant<\/span><\/p>\n<p>La Wheelybug petit mod\u00e8le peut supporter 25 kg.<\/p>\n<p>LE PRIX ABONN\u00c9 C&rsquo;EST QUOI?<br \/>\nVous avez un coup de coeur pour un jouet propos\u00e9 \u00e0 la location?<br \/>\nNous vous proposons de garder chaque jouet lou\u00e9 \u00e0 un prix pr\u00e9f\u00e9rentiel, clairement indiqu\u00e9 sur chaque fiche.<\/p>\n","protected":false},"excerpt":{"rendered":"<p>Porteur coccinelle pour les enfants de 1 \u00e0 3 ans \ud83d\udc1e<\/p>\n<p>\u2764 D\u00e9veloppe la motricit\u00e9 globale<br \/>\n\u2764 Super mignon !<br \/>\n\u2764 Les roues tournent \u00e0 360\u00b0<\/p>\n","protected":false},"featured_media":1986,"template":"","meta":[],"product_cat":[15],"product_tag":[],"_links":{"self":[{"href":"https:\/\/www.lesjouetsvoyageurs.com\/location\/wp-json\/wp\/v2\/product\/1985"}],"collection":[{"href":"https:\/\/www.lesjouetsvoyageurs.com\/location\/wp-json\/wp\/v2\/product"}],"about":[{"href":"https:\/\/www.lesjouetsvoyageurs.com\/location\/wp-json\/wp\/v2\/types\/product"}],"wp:featuredmedia":[{"embeddable":true,"href":"https:\/\/www.lesjouetsvoyageurs.com\/location\/wp-json\/wp\/v2\/media\/1986"}],"wp:attachment":[{"href":"https:\/\/www.lesjouetsvoyageurs.com\/location\/wp-json\/wp\/v2\/media?parent=1985"}],"wp:term":[{"taxonomy":"product_cat","embeddable":true,"href":"https:\/\/www.lesjouetsvoyageurs.com\/location\/wp-json\/wp\/v2\/product_cat?post=1985"},{"taxonomy":"product_tag","embeddable":true,"href":"https:\/\/www.lesjouetsvoyageurs.com\/location\/wp-json\/wp\/v2\/product_tag?post=1985"}],"curies":[{"name":"wp","href":"https:\/\/api.w.org\/{rel}","templated":true}]}}