{"id":1988,"date":"2020-11-13T13:14:21","date_gmt":"2020-11-13T11:14:21","guid":{"rendered":"https:\/\/www.lesjouetsvoyageurs.com\/?post_type=product&#038;p=1988"},"modified":"2021-12-07T19:04:31","modified_gmt":"2021-12-07T17:04:31","slug":"trotteur-abeille-wheelybug-petit-modele-1-a-3-ans","status":"publish","type":"product","link":"https:\/\/www.lesjouetsvoyageurs.com\/location\/jouets\/trotteur-abeille-wheelybug-petit-modele-1-a-3-ans\/","title":{"rendered":"Trotteur abeille Wheelybug &#8211; petit mod\u00e8le 1 \u00e0 3 ans"},"content":{"rendered":"<p>Un trotteur abeille de petite taille adapt\u00e9 aux enfants de 1 \u00e0 3 ans.<\/p>\n<p>Envie d&rsquo;en savoir plus sur les engagements de la marque?<br \/>\n\ud83d\udc49 Consultez la pr\u00e9sentation de Wheelybug.<\/p>\n<p><span style=\"font-size: 14.4px;\">\ud83d\udc95 Des roues qui tournent \u00e0 360\u00b0 pour une mobilit\u00e9 maximale !<\/span><\/p>\n<p>La Wheelybug petit mod\u00e8le peut supporter 25 kg.<\/p>\n<p>LE PRIX ABONN\u00c9 C&rsquo;EST QUOI?<br \/>\nVous avez un coup de coeur pour un jouet propos\u00e9 \u00e0 la location?<br \/>\nNous vous proposons de garder chaque jouet lou\u00e9 \u00e0 un prix pr\u00e9f\u00e9rentiel, clairement indiqu\u00e9 sur chaque fiche.<\/p>\n","protected":false},"excerpt":{"rendered":"<p>Porteur abeille pour les enfants de 1 \u00e0 3 ans \ud83d\udc1d<\/p>\n<p>\u2764 D\u00e9veloppe la motricit\u00e9 globale<br \/>\n\u2764 Super mignon !<br \/>\n\u2764 <span style=\"font-size: 14.4px;\">Les roues tournent \u00e0 360\u00b0<\/span><\/p>\n","protected":false},"featured_media":1990,"template":"","meta":[],"product_cat":[15],"product_tag":[],"_links":{"self":[{"href":"https:\/\/www.lesjouetsvoyageurs.com\/location\/wp-json\/wp\/v2\/product\/1988"}],"collection":[{"href":"https:\/\/www.lesjouetsvoyageurs.com\/location\/wp-json\/wp\/v2\/product"}],"about":[{"href":"https:\/\/www.lesjouetsvoyageurs.com\/location\/wp-json\/wp\/v2\/types\/product"}],"wp:featuredmedia":[{"embeddable":true,"href":"https:\/\/www.lesjouetsvoyageurs.com\/location\/wp-json\/wp\/v2\/media\/1990"}],"wp:attachment":[{"href":"https:\/\/www.lesjouetsvoyageurs.com\/location\/wp-json\/wp\/v2\/media?parent=1988"}],"wp:term":[{"taxonomy":"product_cat","embeddable":true,"href":"https:\/\/www.lesjouetsvoyageurs.com\/location\/wp-json\/wp\/v2\/product_cat?post=1988"},{"taxonomy":"product_tag","embeddable":true,"href":"https:\/\/www.lesjouetsvoyageurs.com\/location\/wp-json\/wp\/v2\/product_tag?post=1988"}],"curies":[{"name":"wp","href":"https:\/\/api.w.org\/{rel}","templated":true}]}}