{"id":1991,"date":"2020-11-13T15:31:09","date_gmt":"2020-11-13T13:31:09","guid":{"rendered":"https:\/\/www.lesjouetsvoyageurs.com\/?post_type=product&#038;p=1991"},"modified":"2021-09-11T15:23:32","modified_gmt":"2021-09-11T13:23:32","slug":"voiture-bois-eau-bleu-plan-toys","status":"publish","type":"product","link":"https:\/\/www.lesjouetsvoyageurs.com\/location\/jouets\/voiture-bois-eau-bleu-plan-toys\/","title":{"rendered":"Voiture en bois et eau color\u00e9e version bleu &#8211; Plan Toys"},"content":{"rendered":"<p>Une voiture remplie d&rsquo;eau color\u00e9e en bleu pour les enfants \u00e0 partir de 18 mois.<\/p>\n<p>Envie d&rsquo;en savoir plus sur les engagements de la marque?<br \/>\n\ud83d\udc49 <a href=\"https:\/\/www.plantoys.com\/child-development\" target=\"_blank\" rel=\"noopener\">Consultez la pr\u00e9sentation de PlanToys.<\/a><\/p>\n<p><span style=\"font-size: 14.4px;\">\ud83d\udc95 Un jouet durable en bois d&rsquo;hevea<\/span><\/p>\n<p>Petite voiture con\u00e7ue pour une prise en main facile d\u00e8s 18 mois.<\/p>\n<p>LE PRIX ABONN\u00c9 C&rsquo;EST QUOI?<br \/>\nVous avez un coup de coeur pour un jouet propos\u00e9 \u00e0 la location?<br \/>\nNous vous proposons de garder chaque jouet lou\u00e9 \u00e0 un prix pr\u00e9f\u00e9rentiel, clairement indiqu\u00e9 sur chaque fiche.<\/p>\n","protected":false},"excerpt":{"rendered":"<p>Petite voiture remplie d&rsquo;eau color\u00e9e pour les petites mains \u00e0 partir de 18 mois<\/p>\n<p>\u2764 D\u00e9veloppe la motricit\u00e9 fine<br \/>\n\u2764 Facile \u00e0 prendre en main<br \/>\n\u2764 <span style=\"font-size: 14.4px;\">Bois d&rsquo;h\u00e9v\u00e9a durable<\/span><\/p>\n","protected":false},"featured_media":1993,"template":"","meta":[],"product_cat":[15],"product_tag":[],"_links":{"self":[{"href":"https:\/\/www.lesjouetsvoyageurs.com\/location\/wp-json\/wp\/v2\/product\/1991"}],"collection":[{"href":"https:\/\/www.lesjouetsvoyageurs.com\/location\/wp-json\/wp\/v2\/product"}],"about":[{"href":"https:\/\/www.lesjouetsvoyageurs.com\/location\/wp-json\/wp\/v2\/types\/product"}],"wp:featuredmedia":[{"embeddable":true,"href":"https:\/\/www.lesjouetsvoyageurs.com\/location\/wp-json\/wp\/v2\/media\/1993"}],"wp:attachment":[{"href":"https:\/\/www.lesjouetsvoyageurs.com\/location\/wp-json\/wp\/v2\/media?parent=1991"}],"wp:term":[{"taxonomy":"product_cat","embeddable":true,"href":"https:\/\/www.lesjouetsvoyageurs.com\/location\/wp-json\/wp\/v2\/product_cat?post=1991"},{"taxonomy":"product_tag","embeddable":true,"href":"https:\/\/www.lesjouetsvoyageurs.com\/location\/wp-json\/wp\/v2\/product_tag?post=1991"}],"curies":[{"name":"wp","href":"https:\/\/api.w.org\/{rel}","templated":true}]}}