{"id":2020,"date":"2020-11-14T19:52:03","date_gmt":"2020-11-14T17:52:03","guid":{"rendered":"https:\/\/www.lesjouetsvoyageurs.com\/?post_type=product&#038;p=2020"},"modified":"2022-09-18T17:57:08","modified_gmt":"2022-09-18T15:57:08","slug":"maman-bebe-ours-plan-toys","status":"publish","type":"product","link":"https:\/\/www.lesjouetsvoyageurs.com\/location\/jouets\/maman-bebe-ours-plan-toys\/","title":{"rendered":"Maman et b\u00e9b\u00e9 ours articul\u00e9s &#8211; Plan Toys"},"content":{"rendered":"<p>Maman et b\u00e9b\u00e9 ours sont tous les deux articul\u00e9s gr\u00e2ce \u00e0 des \u00e9lastiques.<br \/>\nD\u00e8s 12 mois, ils permettent de d\u00e9velopper la motricit\u00e9 fine et l&rsquo;imagination de b\u00e9b\u00e9.<\/p>\n<p>Envie d&rsquo;en savoir plus sur les engagements de la marque?<br \/>\n\ud83d\udc49 <a href=\"https:\/\/www.plantoys.com\/child-development\" target=\"_blank\" rel=\"noopener\">Consultez la pr\u00e9sentation de PlanToys.<\/a><\/p>\n<p><span style=\"font-size: 14.4px;\">\ud83d\udc95 Un jouet durable en bois d&rsquo;hevea<\/span><\/p>\n<p>Pour les enfants \u00e0 partir de 12 mois.<\/p>\n<p>LE PRIX ABONN\u00c9 C&rsquo;EST QUOI?<br \/>\nVous avez un coup de coeur pour un jouet propos\u00e9 \u00e0 la location?<br \/>\nNous vous proposons de garder chaque jouet lou\u00e9 \u00e0 un prix pr\u00e9f\u00e9rentiel, clairement indiqu\u00e9 sur chaque fiche.<\/p>\n","protected":false},"excerpt":{"rendered":"<p>Maman ours et son b\u00e9b\u00e9 ours<\/p>\n<p>\u2764 Stimule la motricit\u00e9 fine<br \/>\n\u2764 Articul\u00e9s gr\u00e2ce \u00e0 des \u00e9lastiques<br \/>\n\u2764 <span style=\"font-size: 14.4px;\">Bois d&rsquo;h\u00e9v\u00e9a durable<\/span><\/p>\n","protected":false},"featured_media":2022,"template":"","meta":[],"product_cat":[15],"product_tag":[],"_links":{"self":[{"href":"https:\/\/www.lesjouetsvoyageurs.com\/location\/wp-json\/wp\/v2\/product\/2020"}],"collection":[{"href":"https:\/\/www.lesjouetsvoyageurs.com\/location\/wp-json\/wp\/v2\/product"}],"about":[{"href":"https:\/\/www.lesjouetsvoyageurs.com\/location\/wp-json\/wp\/v2\/types\/product"}],"wp:featuredmedia":[{"embeddable":true,"href":"https:\/\/www.lesjouetsvoyageurs.com\/location\/wp-json\/wp\/v2\/media\/2022"}],"wp:attachment":[{"href":"https:\/\/www.lesjouetsvoyageurs.com\/location\/wp-json\/wp\/v2\/media?parent=2020"}],"wp:term":[{"taxonomy":"product_cat","embeddable":true,"href":"https:\/\/www.lesjouetsvoyageurs.com\/location\/wp-json\/wp\/v2\/product_cat?post=2020"},{"taxonomy":"product_tag","embeddable":true,"href":"https:\/\/www.lesjouetsvoyageurs.com\/location\/wp-json\/wp\/v2\/product_tag?post=2020"}],"curies":[{"name":"wp","href":"https:\/\/api.w.org\/{rel}","templated":true}]}}