{"id":2050,"date":"2020-11-14T22:28:15","date_gmt":"2020-11-14T20:28:15","guid":{"rendered":"https:\/\/www.lesjouetsvoyageurs.com\/?post_type=product&#038;p=2050"},"modified":"2023-01-02T18:48:45","modified_gmt":"2023-01-02T16:48:45","slug":"boite-rythme-eveil-musical-plan-toys","status":"publish","type":"product","link":"https:\/\/www.lesjouetsvoyageurs.com\/location\/jouets\/boite-rythme-eveil-musical-plan-toys\/","title":{"rendered":"Boite \u00e0 rythme &#8211; jouet d&rsquo;\u00e9veil musical Plan Toys"},"content":{"rendered":"<p>Une bo\u00eete \u00e0 rythme en bois teint\u00e9e avec des pigments naturels de 21cm de diam\u00e8tre.<br \/>\nElle permet l&rsquo;\u00e9veil musical et le d\u00e9veloppement du sens du rythme. Chaque c\u00f4t\u00e9 de l&rsquo;instrument produit un son diff\u00e9rent.<\/p>\n<p>Envie d&rsquo;en savoir plus sur les engagements de la marque?<br \/>\n\ud83d\udc49 <a href=\"https:\/\/www.plantoys.com\/child-development\" target=\"_blank\" rel=\"noopener\">Consultez la pr\u00e9sentation de PlanToys.<\/a><\/p>\n<p><span style=\"font-size: 14.4px;\">\ud83d\udc95 Pour d\u00e9velopper le sens du rythme !<\/span><\/p>\n<p>LE PRIX ABONN\u00c9 C&rsquo;EST QUOI?<br \/>\nVous avez un coup de coeur pour un jouet propos\u00e9 \u00e0 la location?<br \/>\nNous vous proposons de garder chaque jouet lou\u00e9 \u00e0 un prix pr\u00e9f\u00e9rentiel, clairement indiqu\u00e9 sur chaque fiche.<\/p>\n","protected":false},"excerpt":{"rendered":"<p>Une bo\u00eete \u00e0 rythme en bois adapt\u00e9s aux petits<\/p>\n<p>\u2764 Un son diff\u00e9rent de chaque c\u00f4t\u00e9<br \/>\n\u2764 D\u00e9veloppe le sens du rythme<br \/>\n\u2764 Pigments naturels<\/p>\n","protected":false},"featured_media":2051,"template":"","meta":[],"product_cat":[15],"product_tag":[],"_links":{"self":[{"href":"https:\/\/www.lesjouetsvoyageurs.com\/location\/wp-json\/wp\/v2\/product\/2050"}],"collection":[{"href":"https:\/\/www.lesjouetsvoyageurs.com\/location\/wp-json\/wp\/v2\/product"}],"about":[{"href":"https:\/\/www.lesjouetsvoyageurs.com\/location\/wp-json\/wp\/v2\/types\/product"}],"wp:featuredmedia":[{"embeddable":true,"href":"https:\/\/www.lesjouetsvoyageurs.com\/location\/wp-json\/wp\/v2\/media\/2051"}],"wp:attachment":[{"href":"https:\/\/www.lesjouetsvoyageurs.com\/location\/wp-json\/wp\/v2\/media?parent=2050"}],"wp:term":[{"taxonomy":"product_cat","embeddable":true,"href":"https:\/\/www.lesjouetsvoyageurs.com\/location\/wp-json\/wp\/v2\/product_cat?post=2050"},{"taxonomy":"product_tag","embeddable":true,"href":"https:\/\/www.lesjouetsvoyageurs.com\/location\/wp-json\/wp\/v2\/product_tag?post=2050"}],"curies":[{"name":"wp","href":"https:\/\/api.w.org\/{rel}","templated":true}]}}