{"id":2053,"date":"2020-11-14T22:41:12","date_gmt":"2020-11-14T20:41:12","guid":{"rendered":"https:\/\/www.lesjouetsvoyageurs.com\/?post_type=product&#038;p=2053"},"modified":"2022-09-18T17:54:09","modified_gmt":"2022-09-18T15:54:09","slug":"banjo-instrument-de-musique-plan-toys","status":"publish","type":"product","link":"https:\/\/www.lesjouetsvoyageurs.com\/location\/jouets\/banjo-instrument-de-musique-plan-toys\/","title":{"rendered":"Banjo &#8211; instrument de musique Plan Toys"},"content":{"rendered":"<p>Le banjo est un instrument de musique \u00e0 4 cordes pour les enfants \u00e0 partir de 3 ans.<br \/>\nIl n&rsquo;offre pas de possibilit\u00e9 de r\u00e9glage des cordes, contrairement au banjolele que nous proposons aussi \u00e0 la location.<\/p>\n<p>Envie d&rsquo;en savoir plus sur les engagements de la marque?<br \/>\n\ud83d\udc49 <a href=\"https:\/\/www.plantoys.com\/child-development\" target=\"_blank\" rel=\"noopener\">Consultez la pr\u00e9sentation de PlanToys.<\/a><\/p>\n<p><span style=\"font-size: 14.4px;\">\ud83d\udc95 Un instrument de musique accessible d\u00e8s 3 ans.<\/span><\/p>\n<p>LE PRIX ABONN\u00c9 C&rsquo;EST QUOI?<br \/>\nVous avez un coup de coeur pour un jouet propos\u00e9 \u00e0 la location?<br \/>\nNous vous proposons de garder chaque jouet lou\u00e9 \u00e0 un prix pr\u00e9f\u00e9rentiel, clairement indiqu\u00e9 sur chaque fiche.<\/p>\n","protected":false},"excerpt":{"rendered":"<p>Le banjo est un instrument pour les enfants \u00e0 partir de 3 ans<\/p>\n<p>\u2764 Instrument \u00e0 4 cordes sans r\u00e9glages \u00e0 effectuer<br \/>\n\u2764 Favorise l&rsquo;\u00e9veil musical<br \/>\n\u2764 D\u00e9veloppe la motricit\u00e9 fine<\/p>\n","protected":false},"featured_media":2054,"template":"","meta":[],"product_cat":[15],"product_tag":[],"_links":{"self":[{"href":"https:\/\/www.lesjouetsvoyageurs.com\/location\/wp-json\/wp\/v2\/product\/2053"}],"collection":[{"href":"https:\/\/www.lesjouetsvoyageurs.com\/location\/wp-json\/wp\/v2\/product"}],"about":[{"href":"https:\/\/www.lesjouetsvoyageurs.com\/location\/wp-json\/wp\/v2\/types\/product"}],"wp:featuredmedia":[{"embeddable":true,"href":"https:\/\/www.lesjouetsvoyageurs.com\/location\/wp-json\/wp\/v2\/media\/2054"}],"wp:attachment":[{"href":"https:\/\/www.lesjouetsvoyageurs.com\/location\/wp-json\/wp\/v2\/media?parent=2053"}],"wp:term":[{"taxonomy":"product_cat","embeddable":true,"href":"https:\/\/www.lesjouetsvoyageurs.com\/location\/wp-json\/wp\/v2\/product_cat?post=2053"},{"taxonomy":"product_tag","embeddable":true,"href":"https:\/\/www.lesjouetsvoyageurs.com\/location\/wp-json\/wp\/v2\/product_tag?post=2053"}],"curies":[{"name":"wp","href":"https:\/\/api.w.org\/{rel}","templated":true}]}}