{"id":2055,"date":"2020-11-14T22:55:02","date_gmt":"2020-11-14T20:55:02","guid":{"rendered":"https:\/\/www.lesjouetsvoyageurs.com\/?post_type=product&#038;p=2055"},"modified":"2020-12-16T22:57:41","modified_gmt":"2020-12-16T20:57:41","slug":"batterie-instrument-de-musique-plan-toys","status":"publish","type":"product","link":"https:\/\/www.lesjouetsvoyageurs.com\/location\/jouets\/batterie-instrument-de-musique-plan-toys\/","title":{"rendered":"Batterie &#8211; instrument de musique Plan Toys"},"content":{"rendered":"<p>Cette batterie est un instrument de musique pour les enfants \u00e0 partir de 3 ans.<br \/>\nElle comprend deux caisses, une cymbale, un guiro et des baguettes.<br \/>\nUn instrument \u00e0 poser sur une table en raison de sa petite taille et qui peut \u00eatre propos\u00e9 d\u00e8s deux ans \u00e0 l&rsquo;enfant accompagn\u00e9 par un adulte.<\/p>\n<p>Envie d&rsquo;en savoir plus sur les engagements de la marque?<br \/>\n\ud83d\udc49 <a href=\"https:\/\/www.plantoys.com\/child-development\" target=\"_blank\" rel=\"noopener\">Consultez la pr\u00e9sentation de PlanToys.<\/a><\/p>\n<p><span style=\"font-size: 14.4px;\">\ud83d\udc95 Un instrument de musique accessible d\u00e8s 3 ans.<\/span><\/p>\n<p>LE PRIX ABONN\u00c9 C&rsquo;EST QUOI?<br \/>\nVous avez un coup de coeur pour un jouet propos\u00e9 \u00e0 la location?<br \/>\nNous vous proposons de garder chaque jouet lou\u00e9 \u00e0 un prix pr\u00e9f\u00e9rentiel, clairement indiqu\u00e9 sur chaque fiche.<\/p>\n","protected":false},"excerpt":{"rendered":"<p>PRIX BOUTIQUE : 70\u20ac<br \/>\nPRIX ABONN\u00c9 : 42\u20ac<\/p>\n<p>Une mini batterie pour les enfants \u00e0 partir de 3 ans<\/p>\n<p>\u2764 Instrument de qualit\u00e9<br \/>\n\u2764 Favorise l&rsquo;\u00e9veil musical<br \/>\n\u2764 D\u00e9veloppe la motricit\u00e9 fine<\/p>\n","protected":false},"featured_media":2057,"template":"","meta":[],"product_cat":[15],"product_tag":[],"_links":{"self":[{"href":"https:\/\/www.lesjouetsvoyageurs.com\/location\/wp-json\/wp\/v2\/product\/2055"}],"collection":[{"href":"https:\/\/www.lesjouetsvoyageurs.com\/location\/wp-json\/wp\/v2\/product"}],"about":[{"href":"https:\/\/www.lesjouetsvoyageurs.com\/location\/wp-json\/wp\/v2\/types\/product"}],"wp:featuredmedia":[{"embeddable":true,"href":"https:\/\/www.lesjouetsvoyageurs.com\/location\/wp-json\/wp\/v2\/media\/2057"}],"wp:attachment":[{"href":"https:\/\/www.lesjouetsvoyageurs.com\/location\/wp-json\/wp\/v2\/media?parent=2055"}],"wp:term":[{"taxonomy":"product_cat","embeddable":true,"href":"https:\/\/www.lesjouetsvoyageurs.com\/location\/wp-json\/wp\/v2\/product_cat?post=2055"},{"taxonomy":"product_tag","embeddable":true,"href":"https:\/\/www.lesjouetsvoyageurs.com\/location\/wp-json\/wp\/v2\/product_tag?post=2055"}],"curies":[{"name":"wp","href":"https:\/\/api.w.org\/{rel}","templated":true}]}}