{"id":2058,"date":"2020-11-14T23:04:07","date_gmt":"2020-11-14T21:04:07","guid":{"rendered":"https:\/\/www.lesjouetsvoyageurs.com\/?post_type=product&#038;p=2058"},"modified":"2023-07-22T14:51:36","modified_gmt":"2023-07-22T12:51:36","slug":"xylophone-instrument-de-musique-plan-toys","status":"publish","type":"product","link":"https:\/\/www.lesjouetsvoyageurs.com\/location\/jouets\/xylophone-instrument-de-musique-plan-toys\/","title":{"rendered":"Xylophone &#8211; instrument de musique Plan Toys"},"content":{"rendered":"<p>Le xylophone Plan Toys peut \u00eatre propos\u00e9 aux enfants d\u00e8s 18 mois accompagn\u00e9 d&rsquo;une adulte et d\u00e8s 3 ans en autonomie.<br \/>\nLes lames sont en bois et le son est donc plus doux et discret qu&rsquo;un xylophone classique en m\u00e9tal.<\/p>\n<p>Envie d&rsquo;en savoir plus sur les engagements de la marque?<br \/>\n\ud83d\udc49 <a href=\"https:\/\/www.plantoys.com\/child-development\" target=\"_blank\" rel=\"noopener\">Consultez la pr\u00e9sentation de PlanToys.<\/a><\/p>\n<p><span style=\"font-size: 14.4px;\">\ud83d\udc95 Un instrument de musique accessible d\u00e8s 18 mois.<\/span><\/p>\n<p>LE PRIX ABONN\u00c9 C&rsquo;EST QUOI?<br \/>\nVous avez un coup de coeur pour un jouet propos\u00e9 \u00e0 la location?<br \/>\nNous vous proposons de garder chaque jouet lou\u00e9 \u00e0 un prix pr\u00e9f\u00e9rentiel, clairement indiqu\u00e9 sur chaque fiche.<\/p>\n","protected":false},"excerpt":{"rendered":"<p>Un xylophone \u00e0 proposer aux enfants d\u00e8s 18 mois.<\/p>\n<p>\u2764 Son tr\u00e8s doux<br \/>\n\u2764 Favorise l&rsquo;\u00e9veil musical<br \/>\n\u2764 D\u00e9veloppe la motricit\u00e9 fine<\/p>\n","protected":false},"featured_media":2059,"template":"","meta":[],"product_cat":[15],"product_tag":[],"_links":{"self":[{"href":"https:\/\/www.lesjouetsvoyageurs.com\/location\/wp-json\/wp\/v2\/product\/2058"}],"collection":[{"href":"https:\/\/www.lesjouetsvoyageurs.com\/location\/wp-json\/wp\/v2\/product"}],"about":[{"href":"https:\/\/www.lesjouetsvoyageurs.com\/location\/wp-json\/wp\/v2\/types\/product"}],"wp:featuredmedia":[{"embeddable":true,"href":"https:\/\/www.lesjouetsvoyageurs.com\/location\/wp-json\/wp\/v2\/media\/2059"}],"wp:attachment":[{"href":"https:\/\/www.lesjouetsvoyageurs.com\/location\/wp-json\/wp\/v2\/media?parent=2058"}],"wp:term":[{"taxonomy":"product_cat","embeddable":true,"href":"https:\/\/www.lesjouetsvoyageurs.com\/location\/wp-json\/wp\/v2\/product_cat?post=2058"},{"taxonomy":"product_tag","embeddable":true,"href":"https:\/\/www.lesjouetsvoyageurs.com\/location\/wp-json\/wp\/v2\/product_tag?post=2058"}],"curies":[{"name":"wp","href":"https:\/\/api.w.org\/{rel}","templated":true}]}}