{"id":2064,"date":"2020-11-15T00:00:31","date_gmt":"2020-11-14T22:00:31","guid":{"rendered":"https:\/\/www.lesjouetsvoyageurs.com\/?post_type=product&#038;p=2064"},"modified":"2022-09-18T17:53:34","modified_gmt":"2022-09-18T15:53:34","slug":"jeu-palets-en-bois-plan-toys","status":"publish","type":"product","link":"https:\/\/www.lesjouetsvoyageurs.com\/location\/jouets\/jeu-palets-en-bois-plan-toys\/","title":{"rendered":"Jeu de palets en bois &#8211; Plan Toys"},"content":{"rendered":"<p>Un jeu de palets en bois reversible qui permet de jouer seul ou \u00e0 deux. Chaque face propose une fa\u00e7on de jouer diff\u00e9rentes pour passer un chouette moment en famille ou avec les copains!<br \/>\nA proposer aux enfants \u00e0 partir de 3 ans.<\/p>\n<p>Envie d&rsquo;en savoir plus sur les engagements de la marque?<br \/>\n\ud83d\udc49 <a href=\"https:\/\/www.plantoys.com\/child-development\" target=\"_blank\" rel=\"noopener\">Consultez la pr\u00e9sentation de PlanToys.<\/a><\/p>\n<p><span style=\"font-size: 14.4px;\">\ud83d\udc95 Un jouet durable en bois d&rsquo;hevea<\/span><\/p>\n<p>Le plateau de jeu r\u00e9versible mesure environ 48 cm de long et 19 cm de large. 1 face permet de jouer seul en essayant d&rsquo;\u00eatre pr\u00e9cis pour marquer un maximum de points. L&rsquo;autre face permet de jouer \u00e0 deux en envoyant tous les palets de sa couleur de l&rsquo;autre c\u00f4t\u00e9 du plateau de jeu. Le jeu est fourni avec 10 palets de couleur : 5 jaune et 5 rouge et 1 \u00e9l\u00e9ment en bois bleu sous lequel il faut faire glisser les palets dans la version 2 joueurs.<\/p>\n<p>LE PRIX ABONN\u00c9 C&rsquo;EST QUOI?<br \/>\nVous avez un coup de coeur pour un jouet propos\u00e9 \u00e0 la location?<br \/>\nNous vous proposons de garder chaque jouet lou\u00e9 \u00e0 un prix pr\u00e9f\u00e9rentiel, clairement indiqu\u00e9 sur chaque fiche.<\/p>\n","protected":false},"excerpt":{"rendered":"<p>Un jeu de palets pour les enfants d\u00e8s 3 ans<\/p>\n<p>\u2764 Un jeu ind\u00e9modable<br \/>\n\u2764 Se joue seul ou \u00e0 deux<br \/>\n\u2764 <span style=\"font-size: 14.4px;\">Bois d&rsquo;h\u00e9v\u00e9a durable<\/span><\/p>\n","protected":false},"featured_media":2067,"template":"","meta":[],"product_cat":[15],"product_tag":[],"_links":{"self":[{"href":"https:\/\/www.lesjouetsvoyageurs.com\/location\/wp-json\/wp\/v2\/product\/2064"}],"collection":[{"href":"https:\/\/www.lesjouetsvoyageurs.com\/location\/wp-json\/wp\/v2\/product"}],"about":[{"href":"https:\/\/www.lesjouetsvoyageurs.com\/location\/wp-json\/wp\/v2\/types\/product"}],"wp:featuredmedia":[{"embeddable":true,"href":"https:\/\/www.lesjouetsvoyageurs.com\/location\/wp-json\/wp\/v2\/media\/2067"}],"wp:attachment":[{"href":"https:\/\/www.lesjouetsvoyageurs.com\/location\/wp-json\/wp\/v2\/media?parent=2064"}],"wp:term":[{"taxonomy":"product_cat","embeddable":true,"href":"https:\/\/www.lesjouetsvoyageurs.com\/location\/wp-json\/wp\/v2\/product_cat?post=2064"},{"taxonomy":"product_tag","embeddable":true,"href":"https:\/\/www.lesjouetsvoyageurs.com\/location\/wp-json\/wp\/v2\/product_tag?post=2064"}],"curies":[{"name":"wp","href":"https:\/\/api.w.org\/{rel}","templated":true}]}}