{"id":2072,"date":"2020-11-15T00:23:33","date_gmt":"2020-11-14T22:23:33","guid":{"rendered":"https:\/\/www.lesjouetsvoyageurs.com\/?post_type=product&#038;p=2072"},"modified":"2023-03-11T14:56:20","modified_gmt":"2023-03-11T12:56:20","slug":"mon-premier-garage-plan-toys","status":"publish","type":"product","link":"https:\/\/www.lesjouetsvoyageurs.com\/location\/jouets\/mon-premier-garage-plan-toys\/","title":{"rendered":"Mon premier garage &#8211; Plan Toys"},"content":{"rendered":"<p>Un garage sur deux \u00e9tages avec des places de parking et un h\u00e9liport au dernier niveau.<br \/>\nIl est possible de dessiner \u00e0 la craie sur la surface noire pour ajouter des places de parking ou de la signalisation !<br \/>\nEt pour que la f\u00eate soit compl\u00e8te, le garage arrive avec deux petites voitures.<\/p>\n<p>Envie d&rsquo;en savoir plus sur les engagements de la marque?<br \/>\n\ud83d\udc49 <a href=\"https:\/\/www.plantoys.com\/child-development\" target=\"_blank\" rel=\"noopener\">Consultez la pr\u00e9sentation de PlanToys.<\/a><\/p>\n<p><span style=\"font-size: 14.4px;\">\ud83d\udc95 Un garage \u00e0 proposer aux enfants \u00e0 partir de 3 ans.<\/span><\/p>\n<p>LE PRIX ABONN\u00c9 C&rsquo;EST QUOI?<br \/>\nVous avez un coup de coeur pour un jouet propos\u00e9 \u00e0 la location?<br \/>\nNous vous proposons de garder chaque jouet lou\u00e9 \u00e0 un prix pr\u00e9f\u00e9rentiel, clairement indiqu\u00e9 sur chaque fiche.<\/p>\n","protected":false},"excerpt":{"rendered":"<p>Un garage pour les enfants \u00e0 partir de 3 ans<\/p>\n<p>\u2764 Petites voitures fournies<br \/>\n\u2764 Personnalisable avec une craie<br \/>\n\u2764 Des heures de jeu en perspective<\/p>\n","protected":false},"featured_media":2075,"template":"","meta":[],"product_cat":[15],"product_tag":[],"_links":{"self":[{"href":"https:\/\/www.lesjouetsvoyageurs.com\/location\/wp-json\/wp\/v2\/product\/2072"}],"collection":[{"href":"https:\/\/www.lesjouetsvoyageurs.com\/location\/wp-json\/wp\/v2\/product"}],"about":[{"href":"https:\/\/www.lesjouetsvoyageurs.com\/location\/wp-json\/wp\/v2\/types\/product"}],"wp:featuredmedia":[{"embeddable":true,"href":"https:\/\/www.lesjouetsvoyageurs.com\/location\/wp-json\/wp\/v2\/media\/2075"}],"wp:attachment":[{"href":"https:\/\/www.lesjouetsvoyageurs.com\/location\/wp-json\/wp\/v2\/media?parent=2072"}],"wp:term":[{"taxonomy":"product_cat","embeddable":true,"href":"https:\/\/www.lesjouetsvoyageurs.com\/location\/wp-json\/wp\/v2\/product_cat?post=2072"},{"taxonomy":"product_tag","embeddable":true,"href":"https:\/\/www.lesjouetsvoyageurs.com\/location\/wp-json\/wp\/v2\/product_tag?post=2072"}],"curies":[{"name":"wp","href":"https:\/\/api.w.org\/{rel}","templated":true}]}}