{"id":2080,"date":"2020-11-15T15:09:22","date_gmt":"2020-11-15T13:09:22","guid":{"rendered":"https:\/\/www.lesjouetsvoyageurs.com\/?post_type=product&#038;p=2080"},"modified":"2023-07-28T19:42:19","modified_gmt":"2023-07-28T17:42:19","slug":"permier-verger-jeu-de-societe-haba-2-ans","status":"publish","type":"product","link":"https:\/\/www.lesjouetsvoyageurs.com\/location\/jouets\/permier-verger-jeu-de-societe-haba-2-ans\/","title":{"rendered":"Premier verger &#8211; jeu de soci\u00e9t\u00e9 HABA de 2 \u00e0 4 ans"},"content":{"rendered":"<p>Mon premier verger est une version du c\u00e9l\u00e8bre jeu de soci\u00e9t\u00e9 Le Verger sp\u00e9cialement adapt\u00e9e pour les enfants \u00e0 partir de 2 ans. Id\u00e9al vers 3 ans !<br \/>\nLes fruits sont plus grands pour une meilleure prise en main et les r\u00e8gles plus simples ! Ce jeu coop\u00e9ratif se joue \u00e0 plusieurs et chaque partie ne dure pas plus de 5 minutes environ.<\/p>\n<p>Envie d&rsquo;en savoir plus sur les engagements de la marque?<br \/>\n\ud83d\udc49 Consultez la pr\u00e9sentation de Haba.<\/p>\n<p><span style=\"font-size: 14.4px;\">\ud83d\udc95 Aide les petits \u00e0 reconna\u00eetre et d\u00e9signer les couleurs<\/span><\/p>\n<p>Un jeu de soci\u00e9t\u00e9 fabriqu\u00e9 en Allemagne.<\/p>\n<p>LE PRIX ABONN\u00c9 C&rsquo;EST QUOI?<br \/>\nVous avez un coup de coeur pour un jouet propos\u00e9 \u00e0 la location?<br \/>\nNous vous proposons de garder chaque jouet lou\u00e9 \u00e0 un prix pr\u00e9f\u00e9rentiel, clairement indiqu\u00e9 sur chaque fiche.<\/p>\n","protected":false},"excerpt":{"rendered":"<p>Le jeu de soci\u00e9t\u00e9 incontournable d\u00e8s 2 ans<\/p>\n<p>\u2764 Des r\u00e8gles simples et des parties rapides<br \/>\n\u2764 Des fruits grand format faciles \u00e0 saisir<br \/>\n\u2764 <span style=\"font-size: 14.4px;\">Jeu coop\u00e9ratif<\/span><\/p>\n","protected":false},"featured_media":2168,"template":"","meta":[],"product_cat":[15],"product_tag":[],"_links":{"self":[{"href":"https:\/\/www.lesjouetsvoyageurs.com\/location\/wp-json\/wp\/v2\/product\/2080"}],"collection":[{"href":"https:\/\/www.lesjouetsvoyageurs.com\/location\/wp-json\/wp\/v2\/product"}],"about":[{"href":"https:\/\/www.lesjouetsvoyageurs.com\/location\/wp-json\/wp\/v2\/types\/product"}],"wp:featuredmedia":[{"embeddable":true,"href":"https:\/\/www.lesjouetsvoyageurs.com\/location\/wp-json\/wp\/v2\/media\/2168"}],"wp:attachment":[{"href":"https:\/\/www.lesjouetsvoyageurs.com\/location\/wp-json\/wp\/v2\/media?parent=2080"}],"wp:term":[{"taxonomy":"product_cat","embeddable":true,"href":"https:\/\/www.lesjouetsvoyageurs.com\/location\/wp-json\/wp\/v2\/product_cat?post=2080"},{"taxonomy":"product_tag","embeddable":true,"href":"https:\/\/www.lesjouetsvoyageurs.com\/location\/wp-json\/wp\/v2\/product_tag?post=2080"}],"curies":[{"name":"wp","href":"https:\/\/api.w.org\/{rel}","templated":true}]}}