{"id":2083,"date":"2020-11-15T15:23:28","date_gmt":"2020-11-15T13:23:28","guid":{"rendered":"https:\/\/www.lesjouetsvoyageurs.com\/?post_type=product&#038;p=2083"},"modified":"2023-06-06T04:08:08","modified_gmt":"2023-06-06T02:08:08","slug":"premiere-peche-jeu-de-societe-haba","status":"publish","type":"product","link":"https:\/\/www.lesjouetsvoyageurs.com\/location\/jouets\/premiere-peche-jeu-de-societe-haba\/","title":{"rendered":"Ma premi\u00e8re p\u00eache &#8211; jeu de soci\u00e9t\u00e9 HABA d\u00e8s 2 ans"},"content":{"rendered":"<p>Un jeu de p\u00eache qui se joue seul ou \u00e0 plusieurs \u00e0 partir de 2 ans pour des parties de 5 \u00e0 10 minutes.<br \/>\nLes pi\u00e8ces en bois aimant\u00e9es repr\u00e9sentent diff\u00e9rents animaux marins : hippocampe, \u00e9toile de mer, poisson, calmar&#8230; Un jeu qui favorise la coordination oeil-main des petits.<\/p>\n<p>Envie d&rsquo;en savoir plus sur les engagements de la marque?<br \/>\n\ud83d\udc49 Consultez la pr\u00e9sentation de Haba.<\/p>\n<p><span style=\"font-size: 14.4px;\">\ud83d\udc95 Aide les petits \u00e0 d\u00e9velopper la coordination main-oeil<\/span><\/p>\n<p>Un jeu de soci\u00e9t\u00e9 fabriqu\u00e9 en Allemagne.<\/p>\n<p>LE PRIX ABONN\u00c9 C&rsquo;EST QUOI?<br \/>\nVous avez un coup de coeur pour un jouet propos\u00e9 \u00e0 la location?<br \/>\nNous vous proposons de garder chaque jouet lou\u00e9 \u00e0 un prix pr\u00e9f\u00e9rentiel, clairement indiqu\u00e9 sur chaque fiche.<\/p>\n","protected":false},"excerpt":{"rendered":"<p>Un jeu de soci\u00e9t\u00e9 qui se joue seul ou \u00e0 plusieurs<\/p>\n<p>\u2764 Des r\u00e8gles simples et des parties rapides<br \/>\n\u2764 D\u00e9veloppe la coordination main-oeil<br \/>\n\u2764 <span style=\"font-size: 14.4px;\">Jeu coop\u00e9ratif<\/span><\/p>\n","protected":false},"featured_media":2169,"template":"","meta":[],"product_cat":[15],"product_tag":[],"_links":{"self":[{"href":"https:\/\/www.lesjouetsvoyageurs.com\/location\/wp-json\/wp\/v2\/product\/2083"}],"collection":[{"href":"https:\/\/www.lesjouetsvoyageurs.com\/location\/wp-json\/wp\/v2\/product"}],"about":[{"href":"https:\/\/www.lesjouetsvoyageurs.com\/location\/wp-json\/wp\/v2\/types\/product"}],"wp:featuredmedia":[{"embeddable":true,"href":"https:\/\/www.lesjouetsvoyageurs.com\/location\/wp-json\/wp\/v2\/media\/2169"}],"wp:attachment":[{"href":"https:\/\/www.lesjouetsvoyageurs.com\/location\/wp-json\/wp\/v2\/media?parent=2083"}],"wp:term":[{"taxonomy":"product_cat","embeddable":true,"href":"https:\/\/www.lesjouetsvoyageurs.com\/location\/wp-json\/wp\/v2\/product_cat?post=2083"},{"taxonomy":"product_tag","embeddable":true,"href":"https:\/\/www.lesjouetsvoyageurs.com\/location\/wp-json\/wp\/v2\/product_tag?post=2083"}],"curies":[{"name":"wp","href":"https:\/\/api.w.org\/{rel}","templated":true}]}}