{"id":2089,"date":"2020-11-15T15:43:57","date_gmt":"2020-11-15T13:43:57","guid":{"rendered":"https:\/\/www.lesjouetsvoyageurs.com\/?post_type=product&#038;p=2089"},"modified":"2022-09-18T17:52:25","modified_gmt":"2022-09-18T15:52:25","slug":"labyrinthe-magnetique-theme-ville-haba","status":"publish","type":"product","link":"https:\/\/www.lesjouetsvoyageurs.com\/location\/jouets\/labyrinthe-magnetique-theme-ville-haba\/","title":{"rendered":"Labyrinthe magn\u00e9tique th\u00e8me ville &#8211; HABA"},"content":{"rendered":"<p>A l&rsquo;aide du stylet attach\u00e9, l&rsquo;enfant d\u00e9place les billes et les \u00e9l\u00e9ments du jeu pour r\u00e9aliser l&rsquo;ensemble du parcours.<br \/>\nUne activit\u00e9 qui stimule la motricit\u00e9 fine et pr\u00e9pare l&rsquo;enfant pour l&rsquo;acquisition de l&rsquo;\u00e9criture.<\/p>\n<p>Envie d&rsquo;en savoir plus sur les engagements de la marque?<br \/>\n\ud83d\udc49 Consultez la pr\u00e9sentation de Haba.<\/p>\n<p><span style=\"font-size: 14.4px;\">\ud83d\udc95 Aide les petits \u00e0 d\u00e9velopper la coordination main-oeil<\/span><\/p>\n<p>Un jeu fabriqu\u00e9 en Allemagne.<\/p>\n<p>LE PRIX ABONN\u00c9 C&rsquo;EST QUOI?<br \/>\nVous avez un coup de coeur pour un jouet propos\u00e9 \u00e0 la location?<br \/>\nNous vous proposons de garder chaque jouet lou\u00e9 \u00e0 un prix pr\u00e9f\u00e9rentiel, clairement indiqu\u00e9 sur chaque fiche.<\/p>\n","protected":false},"excerpt":{"rendered":"<p>Labyrinthe magn\u00e9tique pour les petits d\u00e8s 18 mois<\/p>\n<p>\u2764 Stimule la motricit\u00e9 fine et la concentration<br \/>\n\u2764 S&#8217;emm\u00e8ne facilement en d\u00e9placement<br \/>\n\u2764 Convient aux enfants jusque 4 ans<\/p>\n","protected":false},"featured_media":2091,"template":"","meta":[],"product_cat":[15],"product_tag":[],"_links":{"self":[{"href":"https:\/\/www.lesjouetsvoyageurs.com\/location\/wp-json\/wp\/v2\/product\/2089"}],"collection":[{"href":"https:\/\/www.lesjouetsvoyageurs.com\/location\/wp-json\/wp\/v2\/product"}],"about":[{"href":"https:\/\/www.lesjouetsvoyageurs.com\/location\/wp-json\/wp\/v2\/types\/product"}],"wp:featuredmedia":[{"embeddable":true,"href":"https:\/\/www.lesjouetsvoyageurs.com\/location\/wp-json\/wp\/v2\/media\/2091"}],"wp:attachment":[{"href":"https:\/\/www.lesjouetsvoyageurs.com\/location\/wp-json\/wp\/v2\/media?parent=2089"}],"wp:term":[{"taxonomy":"product_cat","embeddable":true,"href":"https:\/\/www.lesjouetsvoyageurs.com\/location\/wp-json\/wp\/v2\/product_cat?post=2089"},{"taxonomy":"product_tag","embeddable":true,"href":"https:\/\/www.lesjouetsvoyageurs.com\/location\/wp-json\/wp\/v2\/product_tag?post=2089"}],"curies":[{"name":"wp","href":"https:\/\/api.w.org\/{rel}","templated":true}]}}