{"id":2092,"date":"2020-11-15T15:57:52","date_gmt":"2020-11-15T13:57:52","guid":{"rendered":"https:\/\/www.lesjouetsvoyageurs.com\/?post_type=product&#038;p=2092"},"modified":"2024-03-11T22:52:08","modified_gmt":"2024-03-11T20:52:08","slug":"une-cuillere-pour-martin-jeu-de-societe-haba-des-2-ans","status":"publish","type":"product","link":"https:\/\/www.lesjouetsvoyageurs.com\/location\/jouets\/une-cuillere-pour-martin-jeu-de-societe-haba-des-2-ans\/","title":{"rendered":"Une cuill\u00e8re pour Martin &#8211; jeu de soci\u00e9t\u00e9 HABA d\u00e8s 2 ans"},"content":{"rendered":"<p>Martin, le petit ourson a tr\u00e8s faim ! Le d\u00e9s indique \u00e0 l&rsquo;enfant ce qu&rsquo;il doit lui donner \u00e0 manger. A l&rsquo;aide de la cuill\u00e8re, il nourrit le petit ourson.<br \/>\nIl existe diff\u00e9rentes variantes du jeu pour d\u00e9velopper l&rsquo;imagination, la m\u00e9moire, l&rsquo;adresse et le langage.<\/p>\n<p>Envie d&rsquo;en savoir plus sur les engagements de la marque?<br \/>\n\ud83d\udc49 Consultez la pr\u00e9sentation de Haba.<\/p>\n<p><span style=\"font-size: 14.4px;\">\ud83d\udc95 Ce joue seul, \u00e0 deux ou \u00e0 trois joueurs.<\/span><\/p>\n<p>Un jeu de soci\u00e9t\u00e9 fabriqu\u00e9 en Allemagne.<\/p>\n<p>LE PRIX ABONN\u00c9 C&rsquo;EST QUOI?<br \/>\nVous avez un coup de coeur pour un jouet propos\u00e9 \u00e0 la location?<br \/>\nNous vous proposons de garder chaque jouet lou\u00e9 \u00e0 un prix pr\u00e9f\u00e9rentiel, clairement indiqu\u00e9 sur chaque fiche.<\/p>\n","protected":false},"excerpt":{"rendered":"<p>Un jeu de soci\u00e9t\u00e9 d\u00e8s 2 ans<\/p>\n<p>\u2764 Des r\u00e8gles simples et des parties rapides<br \/>\n\u2764 D\u00e9veloppe la coordination main-oeil<br \/>\n\u2764 Peut se jouer seul<\/p>\n","protected":false},"featured_media":2094,"template":"","meta":[],"product_cat":[15],"product_tag":[],"_links":{"self":[{"href":"https:\/\/www.lesjouetsvoyageurs.com\/location\/wp-json\/wp\/v2\/product\/2092"}],"collection":[{"href":"https:\/\/www.lesjouetsvoyageurs.com\/location\/wp-json\/wp\/v2\/product"}],"about":[{"href":"https:\/\/www.lesjouetsvoyageurs.com\/location\/wp-json\/wp\/v2\/types\/product"}],"wp:featuredmedia":[{"embeddable":true,"href":"https:\/\/www.lesjouetsvoyageurs.com\/location\/wp-json\/wp\/v2\/media\/2094"}],"wp:attachment":[{"href":"https:\/\/www.lesjouetsvoyageurs.com\/location\/wp-json\/wp\/v2\/media?parent=2092"}],"wp:term":[{"taxonomy":"product_cat","embeddable":true,"href":"https:\/\/www.lesjouetsvoyageurs.com\/location\/wp-json\/wp\/v2\/product_cat?post=2092"},{"taxonomy":"product_tag","embeddable":true,"href":"https:\/\/www.lesjouetsvoyageurs.com\/location\/wp-json\/wp\/v2\/product_tag?post=2092"}],"curies":[{"name":"wp","href":"https:\/\/api.w.org\/{rel}","templated":true}]}}