{"id":2098,"date":"2020-11-15T19:50:01","date_gmt":"2020-11-15T17:50:01","guid":{"rendered":"https:\/\/www.lesjouetsvoyageurs.com\/?post_type=product&#038;p=2098"},"modified":"2023-03-08T20:13:24","modified_gmt":"2023-03-08T18:13:24","slug":"toboggan-billes-kullerbu-moulin-vent-haba","status":"publish","type":"product","link":"https:\/\/www.lesjouetsvoyageurs.com\/location\/jouets\/toboggan-billes-kullerbu-moulin-vent-haba\/","title":{"rendered":"Toboggan \u00e0 billes Kullerb\u00fc \u2013 Moulin \u00e0 vent Haba"},"content":{"rendered":"<p>Kullerbu, c&rsquo;est une collection de toboggans \u00e0 bille de la marque allemande Haba. Le mod\u00e8le \u00ab\u00a0Moulin \u00e0 vent\u00a0\u00bb contient 25 pi\u00e8ces \u00e0 assembler et notamment : un moulin \u00e0 vent qui tourne, une passerelle, une cloche et 3 boules incluses. Ce mod\u00e8le ayant des passages \u00e9troits, il n&rsquo;est pas possible d&rsquo;utiliser les v\u00e9hicules Haba.<\/p>\n<p>Envie d&rsquo;en savoir plus sur les engagements de la marque?<br \/>\n\ud83d\udc49 Consultez la pr\u00e9sentation de Haba.<\/p>\n<p><span style=\"font-size: 14.4px;\">\ud83d\udc95 Jetez un oeil \u00e0 la vid\u00e9o pour d\u00e9couvrir l&rsquo;ensemble du circuit !.<\/span><\/p>\n<p>Un jeu conseill\u00e9 d\u00e8s 2 ans.<\/p>\n<p>LE PRIX ABONN\u00c9 C&rsquo;EST QUOI?<br \/>\nVous avez un coup de coeur pour un jouet propos\u00e9 \u00e0 la location?<br \/>\nNous vous proposons de garder chaque jouet lou\u00e9 \u00e0 un prix pr\u00e9f\u00e9rentiel, clairement indiqu\u00e9 sur chaque fiche.<\/p>\n","protected":false},"excerpt":{"rendered":"<p>Un circuit \u00e0 bille de 25 pi\u00e8ces comprenant un moulin<\/p>\n<p>\u2764 Facile \u00e0 assembler<br \/>\n\u2764 Stimule la cr\u00e9ativit\u00e9<br \/>\n\u2764 Amuse toute la famille \u2764\ufe0f<\/p>\n","protected":false},"featured_media":2100,"template":"","meta":[],"product_cat":[15],"product_tag":[],"_links":{"self":[{"href":"https:\/\/www.lesjouetsvoyageurs.com\/location\/wp-json\/wp\/v2\/product\/2098"}],"collection":[{"href":"https:\/\/www.lesjouetsvoyageurs.com\/location\/wp-json\/wp\/v2\/product"}],"about":[{"href":"https:\/\/www.lesjouetsvoyageurs.com\/location\/wp-json\/wp\/v2\/types\/product"}],"wp:featuredmedia":[{"embeddable":true,"href":"https:\/\/www.lesjouetsvoyageurs.com\/location\/wp-json\/wp\/v2\/media\/2100"}],"wp:attachment":[{"href":"https:\/\/www.lesjouetsvoyageurs.com\/location\/wp-json\/wp\/v2\/media?parent=2098"}],"wp:term":[{"taxonomy":"product_cat","embeddable":true,"href":"https:\/\/www.lesjouetsvoyageurs.com\/location\/wp-json\/wp\/v2\/product_cat?post=2098"},{"taxonomy":"product_tag","embeddable":true,"href":"https:\/\/www.lesjouetsvoyageurs.com\/location\/wp-json\/wp\/v2\/product_tag?post=2098"}],"curies":[{"name":"wp","href":"https:\/\/api.w.org\/{rel}","templated":true}]}}