{"id":2102,"date":"2020-11-15T20:25:36","date_gmt":"2020-11-15T18:25:36","guid":{"rendered":"https:\/\/www.lesjouetsvoyageurs.com\/?post_type=product&#038;p=2102"},"modified":"2023-03-22T16:37:00","modified_gmt":"2023-03-22T14:37:00","slug":"jeu-motricite-chateau-fort-haba","status":"publish","type":"product","link":"https:\/\/www.lesjouetsvoyageurs.com\/location\/jouets\/jeu-motricite-chateau-fort-haba\/","title":{"rendered":"Jeu de motricit\u00e9 ch\u00e2teau fort \u2013 Haba"},"content":{"rendered":"<p>L&rsquo;enfant d\u00e9pose un des rouleaux sur la plus haute tour du ch\u00e2teau. Il roule ensuite le long du toit, agite le drapeau crois\u00e9 et poursuit son chemin jusqu&rsquo;\u00e0 la roue dent\u00e9e. Un syst\u00e8me d&rsquo;aiguillage permet ensuite de choisir la suite du circuit! A l&rsquo;arriv\u00e9e, un v\u00e9hicule de transport r\u00e9ceptionne le rouleau pour l&rsquo;amener de l&rsquo;autre c\u00f4t\u00e9 du ch\u00e2teau&#8230; et recommencer!<\/p>\n<p>Envie d&rsquo;en savoir plus sur les engagements de la marque?<br \/>\n\ud83d\udc49 Consultez la pr\u00e9sentation de Haba.<\/p>\n<p><span style=\"font-size: 14.4px;\">\ud83d\udc95 Un chateau fort id\u00e9al pour d\u00e9velopper la coordination main-oeil<\/span><\/p>\n<p>Un jeu \u00e0 proposer d\u00e8s 18 mois.<\/p>\n<p>LE PRIX ABONN\u00c9 C&rsquo;EST QUOI?<br \/>\nVous avez un coup de coeur pour un jouet propos\u00e9 \u00e0 la location?<br \/>\nNous vous proposons de garder chaque jouet lou\u00e9 \u00e0 un prix pr\u00e9f\u00e9rentiel, clairement indiqu\u00e9 sur chaque fiche.<\/p>\n","protected":false},"excerpt":{"rendered":"<p>Jeu de motricit\u00e9 ch\u00e2teau-fort<\/p>\n<p>\u2764 Recto-verso : 2 faces diff\u00e9rentes<br \/>\n\u2764 A proposer d\u00e8s 18 mois<br \/>\n\u2764 Stimule la motricit\u00e9 fine<\/p>\n","protected":false},"featured_media":2104,"template":"","meta":[],"product_cat":[15],"product_tag":[],"_links":{"self":[{"href":"https:\/\/www.lesjouetsvoyageurs.com\/location\/wp-json\/wp\/v2\/product\/2102"}],"collection":[{"href":"https:\/\/www.lesjouetsvoyageurs.com\/location\/wp-json\/wp\/v2\/product"}],"about":[{"href":"https:\/\/www.lesjouetsvoyageurs.com\/location\/wp-json\/wp\/v2\/types\/product"}],"wp:featuredmedia":[{"embeddable":true,"href":"https:\/\/www.lesjouetsvoyageurs.com\/location\/wp-json\/wp\/v2\/media\/2104"}],"wp:attachment":[{"href":"https:\/\/www.lesjouetsvoyageurs.com\/location\/wp-json\/wp\/v2\/media?parent=2102"}],"wp:term":[{"taxonomy":"product_cat","embeddable":true,"href":"https:\/\/www.lesjouetsvoyageurs.com\/location\/wp-json\/wp\/v2\/product_cat?post=2102"},{"taxonomy":"product_tag","embeddable":true,"href":"https:\/\/www.lesjouetsvoyageurs.com\/location\/wp-json\/wp\/v2\/product_tag?post=2102"}],"curies":[{"name":"wp","href":"https:\/\/api.w.org\/{rel}","templated":true}]}}