{"id":2108,"date":"2020-11-16T19:19:41","date_gmt":"2020-11-16T17:19:41","guid":{"rendered":"https:\/\/www.lesjouetsvoyageurs.com\/?post_type=product&#038;p=2108"},"modified":"2023-08-10T17:08:45","modified_gmt":"2023-08-10T15:08:45","slug":"chien-en-bois-briki-vroom-vroom","status":"publish","type":"product","link":"https:\/\/www.lesjouetsvoyageurs.com\/location\/jouets\/chien-en-bois-briki-vroom-vroom\/","title":{"rendered":"Chien en bois \u00e0 roulettes Briki Vroom Vroom"},"content":{"rendered":"<p>\u00ab\u00a0Puppy\u00a0\u00bb est un adorable petit chien en bois imagin\u00e9 par la marque fran\u00e7aise <a href=\"https:\/\/brikivroomvroom.bigcartel.com\/qui-sommes-nous\" target=\"_blank\" rel=\"noopener\">Briki Vroom Vroom<\/a>.<br \/>\nIl est fabriqu\u00e9 avec du bois d\u2019\u00e9rable issu de for\u00eats g\u00e9r\u00e9es durablement et labellis\u00e9 FSC.<\/p>\n<p>Les nuances de teintes de bois et le grain varient naturellement et sensiblement sur chaque pi\u00e8ce.<br \/>\nLe petit chien que vous recevrez ne sera donc pas exactement identique \u00e0 l&rsquo;image.<\/p>\n<h2><span style=\"font-size: 80%;\">Chaque chien en bois Briki Vroom Vroom est unique!<\/span><\/h2>\n<p>Envie d&rsquo;en savoir plus sur les engagements de la marque?<br \/>\n\ud83d\udc49 Consultez la pr\u00e9sentation de <a href=\"https:\/\/www.lesjouetsvoyageurs.com\/location\/blog\/marque-jouets-briki-vroom-vroom\/\">Briki Vroom Vroom<\/a>.<\/p>\n<p>\ud83d\udc95 Un compagnon de jeu pour b\u00e9b\u00e9 !<\/p>\n<p>LE PRIX ABONN\u00c9 C&rsquo;EST QUOI?<br \/>\nVous avez un coup de coeur pour un jouet propos\u00e9 \u00e0 la location?<br \/>\nNous vous proposons de garder chaque jouet lou\u00e9 \u00e0 un prix pr\u00e9f\u00e9rentiel, clairement indiqu\u00e9 sur chaque fiche.<\/p>\n","protected":false},"excerpt":{"rendered":"<p>Un adorable petit chiot \u00e0 roulettes !<\/p>\n<p>\u2764 Fabrication artisanale en Pologne<br \/>\n\u2764 Peint \u00e0 la main<br \/>\n\u2764 Bois d&rsquo;\u00e9rable issu de for\u00eats g\u00e9r\u00e9es durablement<br \/>\n\u2764 Vernis non toxique \u00e0 base d&rsquo;eau<\/p>\n","protected":false},"featured_media":738,"template":"","meta":[],"product_cat":[15],"product_tag":[],"_links":{"self":[{"href":"https:\/\/www.lesjouetsvoyageurs.com\/location\/wp-json\/wp\/v2\/product\/2108"}],"collection":[{"href":"https:\/\/www.lesjouetsvoyageurs.com\/location\/wp-json\/wp\/v2\/product"}],"about":[{"href":"https:\/\/www.lesjouetsvoyageurs.com\/location\/wp-json\/wp\/v2\/types\/product"}],"wp:featuredmedia":[{"embeddable":true,"href":"https:\/\/www.lesjouetsvoyageurs.com\/location\/wp-json\/wp\/v2\/media\/738"}],"wp:attachment":[{"href":"https:\/\/www.lesjouetsvoyageurs.com\/location\/wp-json\/wp\/v2\/media?parent=2108"}],"wp:term":[{"taxonomy":"product_cat","embeddable":true,"href":"https:\/\/www.lesjouetsvoyageurs.com\/location\/wp-json\/wp\/v2\/product_cat?post=2108"},{"taxonomy":"product_tag","embeddable":true,"href":"https:\/\/www.lesjouetsvoyageurs.com\/location\/wp-json\/wp\/v2\/product_tag?post=2108"}],"curies":[{"name":"wp","href":"https:\/\/api.w.org\/{rel}","templated":true}]}}