{"id":2112,"date":"2020-11-16T22:44:40","date_gmt":"2020-11-16T20:44:40","guid":{"rendered":"https:\/\/www.lesjouetsvoyageurs.com\/?post_type=product&#038;p=2112"},"modified":"2022-09-18T17:51:02","modified_gmt":"2022-09-18T15:51:02","slug":"hochet-chat-briki-vroom-vroom","status":"publish","type":"product","link":"https:\/\/www.lesjouetsvoyageurs.com\/location\/jouets\/hochet-chat-briki-vroom-vroom\/","title":{"rendered":"Hochet Ourson ou Chat Briki Vroom Vroom"},"content":{"rendered":"<div class=\"page\" title=\"Page 11\">\n<div class=\"layoutArea\">\n<div class=\"column\">\n<p>Un mignon hochet imagin\u00e9 par la marque fran\u00e7aise <a href=\"https:\/\/brikivroomvroom.bigcartel.com\/qui-sommes-nous\" target=\"_blank\" rel=\"noopener\">Briki Vroom Vroom<\/a>. Ce hochet existe en mod\u00e8le chat ou ourson, lequel allez vous recevoir?<\/p>\n<p>Les hochets sont tous les deux fabriqu\u00e9s avec du bois d\u2019\u00e9rable issu de for\u00eats g\u00e9r\u00e9es durablement et labellis\u00e9 FSC. L&rsquo;utilisation de ce bois en fait un jouet tr\u00e8s l\u00e9ger et facile \u00e0 attraper, id\u00e9al pour les petites mains de b\u00e9b\u00e9.Vous pouvez \u00e9galement nouer un lange dans l&rsquo;anneau pour faciliter la pr\u00e9hension.<\/p>\n<p>Les nuances de teintes de bois et le grain varient naturellement et sensiblement sur chaque pi\u00e8ce.<\/p>\n<h2><span style=\"font-size: 80%;\">Chaque hochet ourson ou chat Briki Vroom Vroom est unique!<\/span><\/h2>\n<p>Envie d\u2019en savoir plus sur les engagements de la marque?<br \/>\n\ud83d\udc49\u00a0Consultez la pr\u00e9sentation de <a href=\"https:\/\/www.lesjouetsvoyageurs.com\/location\/blog\/marque-jouets-briki-vroom-vroom\/\">Briki Vroom Vroom<\/a>.<\/p>\n<p>\ud83d\udc95 Le hochet chat Briki Vroom Vroom stimule la motricit\u00e9 fine de b\u00e9b\u00e9.<\/p>\n<p>LE PRIX ABONN\u00c9 C\u2019EST QUOI?<br \/>\nVous avez un coup de coeur pour un jouet propos\u00e9 \u00e0 la location?<br \/>\nNous vous proposons de garder chaque jouet lou\u00e9 \u00e0 un prix pr\u00e9f\u00e9rentiel, clairement indiqu\u00e9 sur chaque fiche<\/p>\n<\/div>\n<\/div>\n<\/div>\n","protected":false},"excerpt":{"rendered":"<div class=\"page\" title=\"Page 11\">\n<div class=\"layoutArea\">\n<div class=\"column\">\n<p>Hochet chat ou ourson pour les tout-petits<\/p>\n<p>\u2764 Bois d&rsquo;\u00e9rable l\u00e9ger, doux et naturel<br \/>\n\u2764\u00a0D\u00e9veloppe la motricit\u00e9 fine<br \/>\n\u2764 Adapt\u00e9 aux petites mains de b\u00e9b\u00e9<\/p>\n<p><span style=\"font-size: 14.4px;\">\u00a0<\/span><\/p>\n<\/div>\n<\/div>\n<\/div>\n","protected":false},"featured_media":1315,"template":"","meta":[],"product_cat":[15],"product_tag":[],"_links":{"self":[{"href":"https:\/\/www.lesjouetsvoyageurs.com\/location\/wp-json\/wp\/v2\/product\/2112"}],"collection":[{"href":"https:\/\/www.lesjouetsvoyageurs.com\/location\/wp-json\/wp\/v2\/product"}],"about":[{"href":"https:\/\/www.lesjouetsvoyageurs.com\/location\/wp-json\/wp\/v2\/types\/product"}],"wp:featuredmedia":[{"embeddable":true,"href":"https:\/\/www.lesjouetsvoyageurs.com\/location\/wp-json\/wp\/v2\/media\/1315"}],"wp:attachment":[{"href":"https:\/\/www.lesjouetsvoyageurs.com\/location\/wp-json\/wp\/v2\/media?parent=2112"}],"wp:term":[{"taxonomy":"product_cat","embeddable":true,"href":"https:\/\/www.lesjouetsvoyageurs.com\/location\/wp-json\/wp\/v2\/product_cat?post=2112"},{"taxonomy":"product_tag","embeddable":true,"href":"https:\/\/www.lesjouetsvoyageurs.com\/location\/wp-json\/wp\/v2\/product_tag?post=2112"}],"curies":[{"name":"wp","href":"https:\/\/api.w.org\/{rel}","templated":true}]}}