{"id":2133,"date":"2020-11-19T17:20:13","date_gmt":"2020-11-19T15:20:13","guid":{"rendered":"https:\/\/www.lesjouetsvoyageurs.com\/?post_type=product&#038;p=2133"},"modified":"2023-03-30T10:20:42","modified_gmt":"2023-03-30T08:20:42","slug":"premier-helicoptere-plan-toys","status":"publish","type":"product","link":"https:\/\/www.lesjouetsvoyageurs.com\/location\/jouets\/premier-helicoptere-plan-toys\/","title":{"rendered":"Mon premier helicoptere &#8211; Plan Toys"},"content":{"rendered":"<p>Les h\u00e9lices de l&rsquo;h\u00e9licopt\u00e8re et le pilote se mettent \u00e0 tourner lorsque l&rsquo;enfant fait rouler le jouet.<\/p>\n<p>Envie d&rsquo;en savoir plus sur les engagements de la marque?<br \/>\n\ud83d\udc49 <a href=\"https:\/\/www.plantoys.com\/child-development\" target=\"_blank\" rel=\"noopener\">Consultez la pr\u00e9sentation de PlanToys.<\/a><\/p>\n<p><span style=\"font-size: 14.4px;\">\ud83d\udc95 Une forme arrondie facile \u00e0 prendre en main pour b\u00e9b\u00e9 d\u00e8s 12 mois<\/span><\/p>\n<p>LE PRIX ABONN\u00c9 C&rsquo;EST QUOI?<br \/>\nVous avez un coup de coeur pour un jouet propos\u00e9 \u00e0 la location?<br \/>\nNous vous proposons de garder chaque jouet lou\u00e9 \u00e0 un prix pr\u00e9f\u00e9rentiel, clairement indiqu\u00e9 sur chaque fiche.<\/p>\n","protected":false},"excerpt":{"rendered":"<p>Le premier h\u00e9licopt\u00e8re de b\u00e9b\u00e9<\/p>\n<p>\u2764 Les h\u00e9lices tournent quand il roule<br \/>\n\u2764 Forme arrondie facile \u00e0 prendre en main<br \/>\n\u2764 En b<span style=\"font-size: 14.4px;\">ois d&rsquo;h\u00e9v\u00e9a durable \ud83c\udf3f<\/span><\/p>\n","protected":false},"featured_media":2134,"template":"","meta":[],"product_cat":[15],"product_tag":[],"_links":{"self":[{"href":"https:\/\/www.lesjouetsvoyageurs.com\/location\/wp-json\/wp\/v2\/product\/2133"}],"collection":[{"href":"https:\/\/www.lesjouetsvoyageurs.com\/location\/wp-json\/wp\/v2\/product"}],"about":[{"href":"https:\/\/www.lesjouetsvoyageurs.com\/location\/wp-json\/wp\/v2\/types\/product"}],"wp:featuredmedia":[{"embeddable":true,"href":"https:\/\/www.lesjouetsvoyageurs.com\/location\/wp-json\/wp\/v2\/media\/2134"}],"wp:attachment":[{"href":"https:\/\/www.lesjouetsvoyageurs.com\/location\/wp-json\/wp\/v2\/media?parent=2133"}],"wp:term":[{"taxonomy":"product_cat","embeddable":true,"href":"https:\/\/www.lesjouetsvoyageurs.com\/location\/wp-json\/wp\/v2\/product_cat?post=2133"},{"taxonomy":"product_tag","embeddable":true,"href":"https:\/\/www.lesjouetsvoyageurs.com\/location\/wp-json\/wp\/v2\/product_tag?post=2133"}],"curies":[{"name":"wp","href":"https:\/\/api.w.org\/{rel}","templated":true}]}}