{"id":2179,"date":"2020-11-21T16:39:04","date_gmt":"2020-11-21T14:39:04","guid":{"rendered":"https:\/\/www.lesjouetsvoyageurs.com\/?post_type=product&#038;p=2179"},"modified":"2021-10-20T14:13:01","modified_gmt":"2021-10-20T12:13:01","slug":"dominos-fruits-legumes-plan-toys","status":"publish","type":"product","link":"https:\/\/www.lesjouetsvoyageurs.com\/location\/jouets\/dominos-fruits-legumes-plan-toys\/","title":{"rendered":"Domino des fruits et l\u00e9gumes &#8211; Plan Toys"},"content":{"rendered":"<p>Les dominos, un jeu de soci\u00e9t\u00e9 incontournable pour jouer en famille \u00e0 partir de 2 ans.<br \/>\nCette version durable est r\u00e9alis\u00e9e sur le th\u00e8me des fruits et l\u00e9gumes avec une douzaine de vari\u00e9t\u00e9s \u00e0 d\u00e9couvrir et 24 dominos \u00e0 assembler.<\/p>\n<p>Envie d&rsquo;en savoir plus sur les engagements de la marque?<br \/>\n\ud83d\udc49 <a href=\"https:\/\/www.plantoys.com\/child-development\" target=\"_blank\" rel=\"noopener\">Consultez la pr\u00e9sentation de PlanToys.<\/a><\/p>\n<p><span style=\"font-size: 14.4px;\">\ud83d\udc95 Un jeu de soci\u00e9t\u00e9 incontournable.<\/span><\/p>\n<p>LE PRIX ABONN\u00c9 C&rsquo;EST QUOI?<br \/>\nVous avez un coup de coeur pour un jouet propos\u00e9 \u00e0 la location?<br \/>\nNous vous proposons de garder chaque jouet lou\u00e9 \u00e0 un prix pr\u00e9f\u00e9rentiel, clairement indiqu\u00e9 sur chaque fiche.<\/p>\n","protected":false},"excerpt":{"rendered":"<p>Jeu de dominos des fruits et l\u00e9gumes<\/p>\n<p>\u2764 Une douzaine de vari\u00e9t\u00e9s \u00e0 d\u00e9couvrir et nommer \ud83c\udf4e<br \/>\n\u2764 Un jeu incontournable<br \/>\n\u2764 A jouer en famille d\u00e8s 2 ans<\/p>\n","protected":false},"featured_media":2181,"template":"","meta":[],"product_cat":[15],"product_tag":[],"_links":{"self":[{"href":"https:\/\/www.lesjouetsvoyageurs.com\/location\/wp-json\/wp\/v2\/product\/2179"}],"collection":[{"href":"https:\/\/www.lesjouetsvoyageurs.com\/location\/wp-json\/wp\/v2\/product"}],"about":[{"href":"https:\/\/www.lesjouetsvoyageurs.com\/location\/wp-json\/wp\/v2\/types\/product"}],"wp:featuredmedia":[{"embeddable":true,"href":"https:\/\/www.lesjouetsvoyageurs.com\/location\/wp-json\/wp\/v2\/media\/2181"}],"wp:attachment":[{"href":"https:\/\/www.lesjouetsvoyageurs.com\/location\/wp-json\/wp\/v2\/media?parent=2179"}],"wp:term":[{"taxonomy":"product_cat","embeddable":true,"href":"https:\/\/www.lesjouetsvoyageurs.com\/location\/wp-json\/wp\/v2\/product_cat?post=2179"},{"taxonomy":"product_tag","embeddable":true,"href":"https:\/\/www.lesjouetsvoyageurs.com\/location\/wp-json\/wp\/v2\/product_tag?post=2179"}],"curies":[{"name":"wp","href":"https:\/\/api.w.org\/{rel}","templated":true}]}}