{"id":2189,"date":"2020-11-21T22:27:38","date_gmt":"2020-11-21T20:27:38","guid":{"rendered":"https:\/\/www.lesjouetsvoyageurs.com\/?post_type=product&#038;p=2189"},"modified":"2023-01-01T00:02:40","modified_gmt":"2022-12-31T22:02:40","slug":"formes-geometriques-imbriquer-plan-toys","status":"publish","type":"product","link":"https:\/\/www.lesjouetsvoyageurs.com\/location\/jouets\/formes-geometriques-imbriquer-plan-toys\/","title":{"rendered":"Formes g\u00e9om\u00e9triques \u00e0 imbriquer &#8211; Plan Toys"},"content":{"rendered":"<p>10 \u00e9l\u00e9ments en bois d&rsquo;h\u00e9v\u00e9a que l&rsquo;enfant imbrique pour d\u00e9velopper sa motricit\u00e9 fine et sa coordination main-oeil, tout en s&rsquo;amusant!<\/p>\n<p>Envie d&rsquo;en savoir plus sur les engagements de la marque?<br \/>\n\ud83d\udc49 <a href=\"https:\/\/www.plantoys.com\/child-development\" target=\"_blank\" rel=\"noopener\">Consultez la pr\u00e9sentation de PlanToys.<\/a><\/p>\n<p><span style=\"font-size: 14.4px;\">\ud83d\udc95 Aide l&rsquo;enfant \u00e0 d\u00e9velopper sa motricit\u00e9 fine.<\/span><\/p>\n<p>LE PRIX ABONN\u00c9 C&rsquo;EST QUOI?<br \/>\nVous avez un coup de coeur pour un jouet propos\u00e9 \u00e0 la location?<br \/>\nNous vous proposons de garder chaque jouet lou\u00e9 \u00e0 un prix pr\u00e9f\u00e9rentiel, clairement indiqu\u00e9 sur chaque fiche.<\/p>\n","protected":false},"excerpt":{"rendered":"<p>10 \u00e9l\u00e9ments \u00e0 assembler en bois naturel<\/p>\n<p>\u2764 Stimule la motricit\u00e9 fine d\u00e8s 2 ans<br \/>\n\u2764 Inspir\u00e9 de la p\u00e9dagogie Montessori<br \/>\n\u2764 En bois d&rsquo;h\u00e9v\u00e9a durable \ud83c\udf3f<\/p>\n","protected":false},"featured_media":2190,"template":"","meta":[],"product_cat":[15],"product_tag":[],"_links":{"self":[{"href":"https:\/\/www.lesjouetsvoyageurs.com\/location\/wp-json\/wp\/v2\/product\/2189"}],"collection":[{"href":"https:\/\/www.lesjouetsvoyageurs.com\/location\/wp-json\/wp\/v2\/product"}],"about":[{"href":"https:\/\/www.lesjouetsvoyageurs.com\/location\/wp-json\/wp\/v2\/types\/product"}],"wp:featuredmedia":[{"embeddable":true,"href":"https:\/\/www.lesjouetsvoyageurs.com\/location\/wp-json\/wp\/v2\/media\/2190"}],"wp:attachment":[{"href":"https:\/\/www.lesjouetsvoyageurs.com\/location\/wp-json\/wp\/v2\/media?parent=2189"}],"wp:term":[{"taxonomy":"product_cat","embeddable":true,"href":"https:\/\/www.lesjouetsvoyageurs.com\/location\/wp-json\/wp\/v2\/product_cat?post=2189"},{"taxonomy":"product_tag","embeddable":true,"href":"https:\/\/www.lesjouetsvoyageurs.com\/location\/wp-json\/wp\/v2\/product_tag?post=2189"}],"curies":[{"name":"wp","href":"https:\/\/api.w.org\/{rel}","templated":true}]}}