{"id":2192,"date":"2020-11-21T22:40:32","date_gmt":"2020-11-21T20:40:32","guid":{"rendered":"https:\/\/www.lesjouetsvoyageurs.com\/?post_type=product&#038;p=2192"},"modified":"2023-05-01T07:49:42","modified_gmt":"2023-05-01T05:49:42","slug":"banc-formes-geometriques-plan-toys","status":"publish","type":"product","link":"https:\/\/www.lesjouetsvoyageurs.com\/location\/jouets\/banc-formes-geometriques-plan-toys\/","title":{"rendered":"Banc \u00e0 formes g\u00e9om\u00e9triques &#8211; Plan Toys"},"content":{"rendered":"<p>Un banc et trois formes g\u00e9om\u00e9triques diff\u00e9rentes \u00e0 reconnaitre et ins\u00e9rer au bon endroit.<br \/>\nL&rsquo;enfant apprend \u00e0 reconnaitre les formes et d\u00e9velopper sa motricit\u00e9 fine.<\/p>\n<p>Envie d&rsquo;en savoir plus sur les engagements de la marque?<br \/>\n\ud83d\udc49 <a href=\"https:\/\/www.plantoys.com\/child-development\" target=\"_blank\" rel=\"noopener\">Consultez la pr\u00e9sentation de PlanToys.<\/a><\/p>\n<p><span style=\"font-size: 14.4px;\">\ud83d\udc95 L&rsquo;enfant apprend \u00e0 reconnaitre les formes.<\/span><\/p>\n<p>LE PRIX ABONN\u00c9 C&rsquo;EST QUOI?<br \/>\nVous avez un coup de coeur pour un jouet propos\u00e9 \u00e0 la location?<br \/>\nNous vous proposons de garder chaque jouet lou\u00e9 \u00e0 un prix pr\u00e9f\u00e9rentiel, clairement indiqu\u00e9 sur chaque fiche.<\/p>\n","protected":false},"excerpt":{"rendered":"<p>Un jouet pour stimuler la coordination de b\u00e9b\u00e9<\/p>\n<p>\u2764 A proposer d\u00e8s 1 an<br \/>\n\u2764 Inspir\u00e9 de la p\u00e9dagogie Montessori<br \/>\n\u2764 En bois d&rsquo;h\u00e9v\u00e9a durable \ud83c\udf3f<\/p>\n","protected":false},"featured_media":2193,"template":"","meta":[],"product_cat":[15],"product_tag":[],"_links":{"self":[{"href":"https:\/\/www.lesjouetsvoyageurs.com\/location\/wp-json\/wp\/v2\/product\/2192"}],"collection":[{"href":"https:\/\/www.lesjouetsvoyageurs.com\/location\/wp-json\/wp\/v2\/product"}],"about":[{"href":"https:\/\/www.lesjouetsvoyageurs.com\/location\/wp-json\/wp\/v2\/types\/product"}],"wp:featuredmedia":[{"embeddable":true,"href":"https:\/\/www.lesjouetsvoyageurs.com\/location\/wp-json\/wp\/v2\/media\/2193"}],"wp:attachment":[{"href":"https:\/\/www.lesjouetsvoyageurs.com\/location\/wp-json\/wp\/v2\/media?parent=2192"}],"wp:term":[{"taxonomy":"product_cat","embeddable":true,"href":"https:\/\/www.lesjouetsvoyageurs.com\/location\/wp-json\/wp\/v2\/product_cat?post=2192"},{"taxonomy":"product_tag","embeddable":true,"href":"https:\/\/www.lesjouetsvoyageurs.com\/location\/wp-json\/wp\/v2\/product_tag?post=2192"}],"curies":[{"name":"wp","href":"https:\/\/api.w.org\/{rel}","templated":true}]}}