{"id":2224,"date":"2020-11-25T16:15:39","date_gmt":"2020-11-25T14:15:39","guid":{"rendered":"https:\/\/www.lesjouetsvoyageurs.com\/?post_type=product&#038;p=2224"},"modified":"2023-07-06T09:06:27","modified_gmt":"2023-07-06T07:06:27","slug":"bouteille-sensorielle-paillettes-petit-boum","status":"publish","type":"product","link":"https:\/\/www.lesjouetsvoyageurs.com\/location\/jouets\/bouteille-sensorielle-paillettes-petit-boum\/","title":{"rendered":"Bouteille sensorielle paillettes Petit Boum &#8211; 10 coloris disponibles"},"content":{"rendered":"<p>Les bouteilles sensorielles paillettes <a href=\"https:\/\/petitboum.com\/\" target=\"_blank\" rel=\"noopener\">Petit Boum<\/a> permettent de stimuler l&rsquo;\u00e9veil et peuvent \u00eatre manipul\u00e9es par les tout-petits d\u00e8s 3 mois.<br \/>\nElles sont incassables et parfaitement scell\u00e9es gr\u00e2ce \u00e0 un syst\u00e8me de double bouchon. Elles se d\u00e9clinent en plusieurs coloris.<\/p>\n<p>Envie d&rsquo;en savoir plus sur les engagements de la marque?<br \/>\n\ud83d\udc49 <a href=\"https:\/\/www.lesjouetsvoyageurs.com\/location\/blog\/bouteilles-sensorielles-petit-boum\/\">Consultez la pr\u00e9sentation de Petit Boum<\/a>.<\/p>\n<p><span style=\"font-size: 14.4px;\">\ud83d\udc95 A proposer d\u00e8s 3 mois.<\/span><\/p>\n<p>LE PRIX ABONN\u00c9 C&rsquo;EST QUOI?<br \/>\nVous avez un coup de coeur pour un jouet propos\u00e9 \u00e0 la location?<br \/>\nNous vous proposons de garder chaque jouet lou\u00e9 \u00e0 un prix pr\u00e9f\u00e9rentiel, clairement indiqu\u00e9 sur chaque fiche.<\/p>\n","protected":false},"excerpt":{"rendered":"<p>Bouteille sensorielle paillettes \u2728<br \/>\n10 coloris disponibles \ud83d\ude0d<\/p>\n<p>\u2764 A proposer d\u00e8s 3 mois<br \/>\n\u2764 Fabriqu\u00e9 en Espagne \ud83c\uddea\ud83c\uddf8<br \/>\n\u2764 Incassable et parfaitement scell\u00e9<\/p>\n","protected":false},"featured_media":5234,"template":"","meta":[],"product_cat":[15],"product_tag":[],"_links":{"self":[{"href":"https:\/\/www.lesjouetsvoyageurs.com\/location\/wp-json\/wp\/v2\/product\/2224"}],"collection":[{"href":"https:\/\/www.lesjouetsvoyageurs.com\/location\/wp-json\/wp\/v2\/product"}],"about":[{"href":"https:\/\/www.lesjouetsvoyageurs.com\/location\/wp-json\/wp\/v2\/types\/product"}],"wp:featuredmedia":[{"embeddable":true,"href":"https:\/\/www.lesjouetsvoyageurs.com\/location\/wp-json\/wp\/v2\/media\/5234"}],"wp:attachment":[{"href":"https:\/\/www.lesjouetsvoyageurs.com\/location\/wp-json\/wp\/v2\/media?parent=2224"}],"wp:term":[{"taxonomy":"product_cat","embeddable":true,"href":"https:\/\/www.lesjouetsvoyageurs.com\/location\/wp-json\/wp\/v2\/product_cat?post=2224"},{"taxonomy":"product_tag","embeddable":true,"href":"https:\/\/www.lesjouetsvoyageurs.com\/location\/wp-json\/wp\/v2\/product_tag?post=2224"}],"curies":[{"name":"wp","href":"https:\/\/api.w.org\/{rel}","templated":true}]}}