{"id":2377,"date":"2020-12-03T16:46:03","date_gmt":"2020-12-03T14:46:03","guid":{"rendered":"https:\/\/www.lesjouetsvoyageurs.com\/?post_type=product&#038;p=2377"},"modified":"2022-09-18T17:45:23","modified_gmt":"2022-09-18T15:45:23","slug":"boulier-animaux-alphabet","status":"publish","type":"product","link":"https:\/\/www.lesjouetsvoyageurs.com\/location\/jouets\/boulier-animaux-alphabet\/","title":{"rendered":"Boulier d&rsquo;apprentissage &#8211; Alphabet et animaux"},"content":{"rendered":"<p>Ce boulier comprend deux faces diff\u00e9rentes. La premi\u00e8re face comprend 7 rang\u00e9es de boules multicolores pour se familiariser avec les chiffres. La seconde face familiarise l&rsquo;enfant avec les lettres et les noms des animaux.<\/p>\n<p>Ce jouet de la marque Vertbaudet est issu du r\u00e9emploi. Il a \u00e9t\u00e9 contr\u00f4l\u00e9, nettoy\u00e9 et st\u00e9rilis\u00e9 pour avoir une nouvelle vie. La pile a \u00e9galement \u00e9t\u00e9 contr\u00f4l\u00e9e et, si besoin, remplac\u00e9e par une pile rechargeable \u00e0 nous retourner avec le jouet. Disponible en tr\u00e8s peu d&rsquo;exemplaires et, contrairement \u00e0 d&rsquo;autres marques, nous ne pourrons pas effectuer de r\u00e9assort en cas de rupture.<\/p>\n<p>\ud83d\udc49\u00a0 En savoir plus sur notre d\u00e9marche de r\u00e9emploi<span style=\"font-size: 14.4px;\">.<\/span><\/p>\n<p><span style=\"font-size: 14.4px;\">\ud83d\udc95 A proposer \u00e0 partir de 18 mois.<\/span><\/p>\n<p>Dimensions : Environ 26 cm de largeur et de hauteur, 10 cm de profondeur.<\/p>\n<p>LE PRIX ABONN\u00c9 C&rsquo;EST QUOI?<br \/>\nVous avez un coup de coeur pour un jouet propos\u00e9 \u00e0 la location?<br \/>\nNous vous proposons de garder chaque jouet lou\u00e9 \u00e0 un prix pr\u00e9f\u00e9rentiel, clairement indiqu\u00e9 sur chaque fiche.<\/p>\n","protected":false},"excerpt":{"rendered":"<p>Boulier d&rsquo;apprentissage<\/p>\n<p>\u2764 Pour les enfants d\u00e8s 18 mois<br \/>\n\u2764 Educatif et ludique<br \/>\n\u2764 Familiarise avec les couleurs, les chiffres et les lettres<\/p>\n","protected":false},"featured_media":2378,"template":"","meta":[],"product_cat":[15],"product_tag":[],"_links":{"self":[{"href":"https:\/\/www.lesjouetsvoyageurs.com\/location\/wp-json\/wp\/v2\/product\/2377"}],"collection":[{"href":"https:\/\/www.lesjouetsvoyageurs.com\/location\/wp-json\/wp\/v2\/product"}],"about":[{"href":"https:\/\/www.lesjouetsvoyageurs.com\/location\/wp-json\/wp\/v2\/types\/product"}],"wp:featuredmedia":[{"embeddable":true,"href":"https:\/\/www.lesjouetsvoyageurs.com\/location\/wp-json\/wp\/v2\/media\/2378"}],"wp:attachment":[{"href":"https:\/\/www.lesjouetsvoyageurs.com\/location\/wp-json\/wp\/v2\/media?parent=2377"}],"wp:term":[{"taxonomy":"product_cat","embeddable":true,"href":"https:\/\/www.lesjouetsvoyageurs.com\/location\/wp-json\/wp\/v2\/product_cat?post=2377"},{"taxonomy":"product_tag","embeddable":true,"href":"https:\/\/www.lesjouetsvoyageurs.com\/location\/wp-json\/wp\/v2\/product_tag?post=2377"}],"curies":[{"name":"wp","href":"https:\/\/api.w.org\/{rel}","templated":true}]}}